{"id":3377,"date":"2017-03-29T19:28:05","date_gmt":"2017-03-29T17:28:05","guid":{"rendered":"http:\/\/gif-activevent.com?page_id=3377"},"modified":"2017-04-06T08:45:24","modified_gmt":"2017-04-06T06:45:24","slug":"jobs","status":"publish","type":"page","link":"https:\/\/gifactivevent.clients.bluedom.ch\/en\/jobs\/","title":{"rendered":"JOBS"},"content":{"rendered":"<\/div><\/div><\/div><!-- close content main div --><\/div><\/div><div id='full_slider_1' class='avia-fullwidth-slider main_color avia-shadow  container_wrap fullsize'   ><div  data-size='featured'  data-lightbox_size='large'  data-animation='slide'  data-ids='2320'  data-video_counter='0'  data-autoplay='false'  data-bg_slider='false'  data-slide_height=''  data-handle='av_slideshow_full'  data-interval='5'  data-class=' '  data-css_id=''  data-scroll_down=''  data-control_layout='av-control-default'  data-custom_markup=''  data-perma_caption=''  data-autoplay_stopper=''  data-image_attachment=''  data-min_height='0px'  data-src=''  data-position='top left'  data-repeat='no-repeat'  data-attach='scroll'  data-stretch=''  data-default-height='28.6666666667'  class='avia-slideshow avia-slideshow-1  av-control-default av-default-height-applied avia-slideshow-featured av_slideshow_full   avia-slide-slider '  itemscope=\"itemscope\" itemtype=\"https:\/\/schema.org\/ImageObject\" ><ul class='avia-slideshow-inner' style='padding-bottom: 28.6666666667%;'><li  class=' av-single-slide slide-1 ' ><div data-rel='slideshow-1' class='avia-slide-wrap'  ><div class = \"caption_fullwidth av-slideshow-caption caption_bottom\"><div class = \"container caption_container\"><div class = \"slideshow_caption\"><div class = \"slideshow_inner_caption\"><div class = \"slideshow_align_caption\"><h2  style='font-size:50px; ' class='avia-caption-title'  itemprop=\"name\" >CAREER<\/h2><\/div><\/div><\/div><\/div><\/div><img src='https:\/\/gifactivevent.clients.bluedom.ch\/wp-content\/uploads\/2017\/01\/Beratung_bei-GIF-1500x430.jpg' width='1500' height='430' title='Beratung_bei GIF ActiveVent' alt=''  itemprop=\"contentURL\"   \/><\/div><\/li><\/ul><\/div><\/div>\n<\/div><\/div><\/div><!-- close content main div --><\/div><\/div><div id='blue-page-hr' class='avia-section main_color avia-section-no-padding avia-no-border-styling avia-bg-style-scroll  av-minimum-height av-minimum-height-custom container_wrap fullsize' style = 'background-color: #7bb0e7; background-color: #7bb0e7; '  ><div class='container' style='height:50px'><div class='template-page content  av-content-full alpha units'><div class='post-entry post-entry-type-page post-entry-3377'><div class='entry-content-wrapper clearfix'>\n<div class='avia-builder-widget-area clearfix '><div id=\"nav_menu-3\" class=\"widget clearfix widget_nav_menu\"><div class=\"menu-blog-menue_engl-container\"><ul id=\"menu-blog-menue_engl\" class=\"menu\"><li id=\"menu-item-7269\" class=\"menu-item menu-item-type-post_type menu-item-object-page menu-item-7269\"><a href=\"https:\/\/gifactivevent.clients.bluedom.ch\/en\/blog\/\">Blog<\/a><\/li>\n<li id=\"menu-item-7271\" class=\"menu-item menu-item-type-post_type menu-item-object-page menu-item-7271\"><a href=\"https:\/\/gifactivevent.clients.bluedom.ch\/en\/blog\/messen\/\">EVENTS<\/a><\/li>\n<li id=\"menu-item-7272\" class=\"menu-item menu-item-type-post_type menu-item-object-page menu-item-7272\"><a href=\"https:\/\/gifactivevent.clients.bluedom.ch\/en\/blog\/neuheiten\/\">NEWS &#038; INNOVATION<\/a><\/li>\n<li id=\"menu-item-7273\" class=\"menu-item menu-item-type-post_type menu-item-object-page menu-item-7273\"><a href=\"https:\/\/gifactivevent.clients.bluedom.ch\/en\/jobs\/\">JOBS<\/a><\/li>\n<li id=\"menu-item-7274\" class=\"menu-item menu-item-type-post_type menu-item-object-page menu-item-7274\"><a href=\"https:\/\/gifactivevent.clients.bluedom.ch\/en\/referenzen\/\">REFERENCES<\/a><\/li>\n<li id=\"menu-item-3975\" class=\"menu-item menu-item-type-post_type menu-item-object-page menu-item-3975\"><a href=\"https:\/\/gifactivevent.clients.bluedom.ch\/en\/blog\/messen\/\">EVENTS<\/a><\/li>\n<li id=\"menu-item-3977\" class=\"menu-item menu-item-type-post_type menu-item-object-page menu-item-3977\"><a href=\"https:\/\/gifactivevent.clients.bluedom.ch\/en\/blog\/neuheiten\/\">NEWS &#038; INNOVATION<\/a><\/li>\n<\/ul><\/div><\/div><\/div>\n<div class='template-blog  av-blog-meta-author-disabled av-blog-meta-comments-disabled av-blog-meta-date-disabled'  itemscope=\"itemscope\" itemtype=\"https:\/\/schema.org\/Blog\" ><article class='post-entry post-entry-type-standard post-entry-6369 post-loop-1 post-parity-odd single-big with-slider post-6369 post type-post status-publish format-standard has-post-thumbnail hentry category-jobs category-innovation'  itemscope=\"itemscope\" itemtype=\"https:\/\/schema.org\/BlogPosting\" ><div class=\"big-preview single-big\"><a href=\"https:\/\/gifactivevent.clients.bluedom.ch\/en\/2022\/08\/18\/sales-manager-for-our-branch-office-in-prag-czech-republic\/\" title=\"Sales Manager for our branch office in Prag, Czech Republic\"><img loading=\"lazy\" decoding=\"async\" width=\"1210\" height=\"423\" src=\"https:\/\/gifactivevent.clients.bluedom.ch\/wp-content\/uploads\/2022\/08\/ZS-Frantiskovy-Lazne_geschnitten_4870x2791-1210x423.jpg\" class=\"attachment-entry_without_sidebar size-entry_without_sidebar wp-post-image\" alt=\"\" \/><\/a><\/div><div class='blog-meta'><\/div><div class='entry-content-wrapper clearfix standard-content'><header class=\"entry-content-header\"><h2 class='post-title entry-title'  itemprop=\"headline\" >\t<a href='https:\/\/gifactivevent.clients.bluedom.ch\/en\/2022\/08\/18\/sales-manager-for-our-branch-office-in-prag-czech-republic\/' rel='bookmark' title='Permanent Link: Sales Manager for our branch office in Prag, Czech Republic'>Sales Manager for our branch office in Prag, Czech Republic\t\t\t<span class='post-format-icon minor-meta'><\/span>\t<\/a><\/h2><span class='post-meta-infos'><time class='date-container minor-meta updated' >18. August 2022<\/time><span class='text-sep text-sep-date'>\/<\/span><span class=\"blog-categories minor-meta\"><a href=\"https:\/\/gifactivevent.clients.bluedom.ch\/en\/category\/jobs\/\" rel=\"tag\">Jobs<\/a> \u2022 <a href=\"https:\/\/gifactivevent.clients.bluedom.ch\/en\/category\/innovation\/\" rel=\"tag\">News &amp; Innovation<\/a> <\/span><span class=\"text-sep text-sep-cat\">\/<\/span><span class=\"blog-author minor-meta\">by <span class=\"entry-author-link\" ><span class=\"vcard author\"><span class=\"fn\"><a href=\"https:\/\/gifactivevent.clients.bluedom.ch\/en\/author\/barth\/\" title=\"Posts by V\u00e9ronique Barth\" rel=\"author\">V\u00e9ronique Barth<\/a><\/span><\/span><\/span><\/span><\/span><\/header><div class=\"entry-content\"  itemprop=\"text\" ><p>SALES MANAGER pro GIF ActiveVent CZ v Praze, \u010cesk\u00e1 republika \u00a0 Firma GIF ActiveVent s.r.o. s 24letou tradic\u00ed na \u010desk\u00e9m trhu p\u0159ijme do mal\u00e9ho t\u00fdmu sales managera. Stabiln\u00ed z\u00e1zem\u00ed poskytuje mate\u0159sk\u00e1 spole\u010dnost GIF ActiveVent GmbH, Freiburg, N\u011bmecko. T\u00fdm GIF ActiveVent s.r.o. se zab\u00fdv\u00e1 poradenstv\u00edm, projektov\u00e1n\u00edm, servisem a mont\u00e1\u017e\u00ed vzduchotechnick\u00fdch strop\u016f GIF &#8211;\u00a0www.gif-activevent.cz\u00a0nebo\u00a0www.gif-activevent.com. \u00a0 Pracovn\u00ed n\u00e1pl\u0148: [&hellip;]<\/p>\n<div class=\"read-more-link\"><a href=\"https:\/\/gifactivevent.clients.bluedom.ch\/en\/2022\/08\/18\/sales-manager-for-our-branch-office-in-prag-czech-republic\/\" class=\"more-link\">Read more<span class=\"more-link-arrow\">  &rarr;<\/span><\/a><\/div>\n<\/div><footer class=\"entry-footer\"><\/footer><div class='post_delimiter'><\/div><\/div><div class='post_author_timeline'><\/div><span class='hidden'>\n\t\t\t<span class='av-structured-data'  itemscope=\"itemscope\" itemtype=\"https:\/\/schema.org\/ImageObject\"  itemprop='image'>\n\t\t\t\t\t   <span itemprop='url' >https:\/\/gifactivevent.clients.bluedom.ch\/wp-content\/uploads\/2022\/08\/ZS-Frantiskovy-Lazne_geschnitten_4870x2791-scaled.jpg<\/span>\n\t\t\t\t\t   <span itemprop='height' >1467<\/span>\n\t\t\t\t\t   <span itemprop='width' >2560<\/span>\n\t\t\t\t  <\/span><span class='av-structured-data'  itemprop=\"publisher\" itemtype=\"https:\/\/schema.org\/Organization\" itemscope=\"itemscope\" >\n\t\t\t\t<span itemprop='name'>V\u00e9ronique Barth<\/span>\n\t\t\t\t<span itemprop='logo' itemscope itemtype='http:\/\/schema.org\/ImageObject'>\n\t\t\t\t   <span itemprop='url'>https:\/\/gifactivevent.clients.bluedom.ch\/wp-content\/uploads\/2020\/10\/logo-gif-3.png<\/span>\n\t\t\t\t <\/span>\n\t\t\t  <\/span><span class='av-structured-data'  itemprop=\"author\" itemscope=\"itemscope\" itemtype=\"https:\/\/schema.org\/Person\" ><span itemprop='name'>V\u00e9ronique Barth<\/span><\/span><span class='av-structured-data'  itemprop=\"datePublished\" datetime=\"2022-08-18T11:30:42+02:00\" >2022-08-18 11:30:42<\/span><span class='av-structured-data'  itemprop=\"dateModified\" itemtype=\"https:\/\/schema.org\/dateModified\" >2022-08-18 11:30:42<\/span><span class='av-structured-data'  itemprop=\"mainEntityOfPage\" itemtype=\"https:\/\/schema.org\/mainEntityOfPage\" ><span itemprop='name'>Sales Manager for our branch office in Prag, Czech Republic<\/span><\/span><\/span><\/article><article class='post-entry post-entry-type-standard post-entry-4235 post-loop-2 post-parity-even single-big  post-4235 post type-post status-publish format-standard hentry category-jobs'  itemscope=\"itemscope\" itemtype=\"https:\/\/schema.org\/BlogPosting\" ><div class='blog-meta'><\/div><div class='entry-content-wrapper clearfix standard-content'><header class=\"entry-content-header\"><h2 class='post-title entry-title'  itemprop=\"headline\" >\t<a href='https:\/\/gifactivevent.clients.bluedom.ch\/en\/2017\/06\/09\/technical-product-designer\/' rel='bookmark' title='Permanent Link: Technical Product Designer'>Technical Product Designer\t\t\t<span class='post-format-icon minor-meta'><\/span>\t<\/a><\/h2><span class='post-meta-infos'><time class='date-container minor-meta updated' >9. June 2017<\/time><span class='text-sep text-sep-date'>\/<\/span><span class=\"blog-categories minor-meta\"><a href=\"https:\/\/gifactivevent.clients.bluedom.ch\/en\/category\/jobs\/\" rel=\"tag\">Jobs<\/a> <\/span><span class=\"text-sep text-sep-cat\">\/<\/span><span class=\"blog-author minor-meta\">by <span class=\"entry-author-link\" ><span class=\"vcard author\"><span class=\"fn\"><a href=\"https:\/\/gifactivevent.clients.bluedom.ch\/en\/author\/barth\/\" title=\"Posts by V\u00e9ronique Barth\" rel=\"author\">V\u00e9ronique Barth<\/a><\/span><\/span><\/span><\/span><\/span><\/header><div class=\"entry-content\"  itemprop=\"text\" ><p>&nbsp; For this vacancy we look for a candidate to begin at the earliest time in our head office in Freiburg. Technical Product Designer Applications to Mr Steffen Wintergerst: personal&#64;gif-activevent&#46;&#99;&#111;&#109;<\/p>\n<div class=\"read-more-link\"><a href=\"https:\/\/gifactivevent.clients.bluedom.ch\/en\/2017\/06\/09\/technical-product-designer\/\" class=\"more-link\">Read more<span class=\"more-link-arrow\">  &rarr;<\/span><\/a><\/div>\n<\/div><footer class=\"entry-footer\"><\/footer><div class='post_delimiter'><\/div><\/div><div class='post_author_timeline'><\/div><span class='hidden'>\n\t\t\t<span class='av-structured-data'  itemscope=\"itemscope\" itemtype=\"https:\/\/schema.org\/ImageObject\"  itemprop='image'>\n\t\t\t\t\t   <span itemprop='url' >https:\/\/gifactivevent.clients.bluedom.ch\/wp-content\/uploads\/2020\/10\/logo-gif-3.png<\/span>\n\t\t\t\t\t   <span itemprop='height' >0<\/span>\n\t\t\t\t\t   <span itemprop='width' >0<\/span>\n\t\t\t\t  <\/span><span class='av-structured-data'  itemprop=\"publisher\" itemtype=\"https:\/\/schema.org\/Organization\" itemscope=\"itemscope\" >\n\t\t\t\t<span itemprop='name'>V\u00e9ronique Barth<\/span>\n\t\t\t\t<span itemprop='logo' itemscope itemtype='http:\/\/schema.org\/ImageObject'>\n\t\t\t\t   <span itemprop='url'>https:\/\/gifactivevent.clients.bluedom.ch\/wp-content\/uploads\/2020\/10\/logo-gif-3.png<\/span>\n\t\t\t\t <\/span>\n\t\t\t  <\/span><span class='av-structured-data'  itemprop=\"author\" itemscope=\"itemscope\" itemtype=\"https:\/\/schema.org\/Person\" ><span itemprop='name'>V\u00e9ronique Barth<\/span><\/span><span class='av-structured-data'  itemprop=\"datePublished\" datetime=\"2017-06-09T11:51:36+02:00\" >2017-06-09 11:51:36<\/span><span class='av-structured-data'  itemprop=\"dateModified\" itemtype=\"https:\/\/schema.org\/dateModified\" >2017-07-11 08:58:18<\/span><span class='av-structured-data'  itemprop=\"mainEntityOfPage\" itemtype=\"https:\/\/schema.org\/mainEntityOfPage\" ><span itemprop='name'>Technical Product Designer<\/span><\/span><\/span><\/article><article class='post-entry post-entry-type-standard post-entry-3162 post-loop-3 post-parity-odd post-entry-last single-big  post-3162 post type-post status-publish format-standard hentry category-jobs'  itemscope=\"itemscope\" itemtype=\"https:\/\/schema.org\/BlogPosting\" ><div class='blog-meta'><\/div><div class='entry-content-wrapper clearfix standard-content'><header class=\"entry-content-header\"><h2 class='post-title entry-title'  itemprop=\"headline\" >\t<a href='https:\/\/gifactivevent.clients.bluedom.ch\/en\/2017\/03\/27\/bauleiterprojektabwickler-gesucht\/' rel='bookmark' title='Permanent Link: Site Manager SOUTH'>Site Manager SOUTH\t\t\t<span class='post-format-icon minor-meta'><\/span>\t<\/a><\/h2><span class='post-meta-infos'><time class='date-container minor-meta updated' >27. March 2017<\/time><span class='text-sep text-sep-date'>\/<\/span><span class=\"blog-categories minor-meta\"><a href=\"https:\/\/gifactivevent.clients.bluedom.ch\/en\/category\/jobs\/\" rel=\"tag\">Jobs<\/a> <\/span><span class=\"text-sep text-sep-cat\">\/<\/span><span class=\"blog-author minor-meta\">by <span class=\"entry-author-link\" ><span class=\"vcard author\"><span class=\"fn\"><a href=\"https:\/\/gifactivevent.clients.bluedom.ch\/en\/author\/kamphans\/\" title=\"Posts by kamphans\" rel=\"author\">kamphans<\/a><\/span><\/span><\/span><\/span><\/span><\/header><div class=\"entry-content\"  itemprop=\"text\" ><p>For this vacancy we look for a candidate to begin at the earliest time. The region &#8220;South&#8221; covers the zip codes 6 and 9 with focus of the operations in Bavaria and eastern Baden-W\u00fcrttemberg. Site Manager SOUTH Applications to Mr Steffen Wintergerst: &#112;&#x65;r&#x73;&#x6f;&#110;&#x61;l&#x40;&#x67;&#105;&#x66;-&#x61;&#x63;&#116;&#x69;v&#x65;&#x76;&#101;&#x6e;t&#x2e;&#x63;&#111;&#x6d;<\/p>\n<div class=\"read-more-link\"><a href=\"https:\/\/gifactivevent.clients.bluedom.ch\/en\/2017\/03\/27\/bauleiterprojektabwickler-gesucht\/\" class=\"more-link\">Read more<span class=\"more-link-arrow\">  &rarr;<\/span><\/a><\/div>\n<\/div><footer class=\"entry-footer\"><\/footer><div class='post_delimiter'><\/div><\/div><div class='post_author_timeline'><\/div><span class='hidden'>\n\t\t\t<span class='av-structured-data'  itemscope=\"itemscope\" itemtype=\"https:\/\/schema.org\/ImageObject\"  itemprop='image'>\n\t\t\t\t\t   <span itemprop='url' >https:\/\/gifactivevent.clients.bluedom.ch\/wp-content\/uploads\/2020\/10\/logo-gif-3.png<\/span>\n\t\t\t\t\t   <span itemprop='height' >0<\/span>\n\t\t\t\t\t   <span itemprop='width' >0<\/span>\n\t\t\t\t  <\/span><span class='av-structured-data'  itemprop=\"publisher\" itemtype=\"https:\/\/schema.org\/Organization\" itemscope=\"itemscope\" >\n\t\t\t\t<span itemprop='name'>kamphans<\/span>\n\t\t\t\t<span itemprop='logo' itemscope itemtype='http:\/\/schema.org\/ImageObject'>\n\t\t\t\t   <span itemprop='url'>https:\/\/gifactivevent.clients.bluedom.ch\/wp-content\/uploads\/2020\/10\/logo-gif-3.png<\/span>\n\t\t\t\t <\/span>\n\t\t\t  <\/span><span class='av-structured-data'  itemprop=\"author\" itemscope=\"itemscope\" itemtype=\"https:\/\/schema.org\/Person\" ><span itemprop='name'>kamphans<\/span><\/span><span class='av-structured-data'  itemprop=\"datePublished\" datetime=\"2017-03-27T16:32:43+02:00\" >2017-03-27 16:32:43<\/span><span class='av-structured-data'  itemprop=\"dateModified\" itemtype=\"https:\/\/schema.org\/dateModified\" >2017-06-09 11:24:17<\/span><span class='av-structured-data'  itemprop=\"mainEntityOfPage\" itemtype=\"https:\/\/schema.org\/mainEntityOfPage\" ><span itemprop='name'>Site Manager SOUTH<\/span><\/span><\/span><\/article><div class='single-big'><\/div><\/div>\n","protected":false},"excerpt":{"rendered":"","protected":false},"author":2,"featured_media":0,"parent":0,"menu_order":0,"comment_status":"closed","ping_status":"closed","template":"","meta":{"footnotes":""},"class_list":["post-3377","page","type-page","status-publish","hentry"],"_links":{"self":[{"href":"https:\/\/gifactivevent.clients.bluedom.ch\/en\/wp-json\/wp\/v2\/pages\/3377","targetHints":{"allow":["GET"]}}],"collection":[{"href":"https:\/\/gifactivevent.clients.bluedom.ch\/en\/wp-json\/wp\/v2\/pages"}],"about":[{"href":"https:\/\/gifactivevent.clients.bluedom.ch\/en\/wp-json\/wp\/v2\/types\/page"}],"author":[{"embeddable":true,"href":"https:\/\/gifactivevent.clients.bluedom.ch\/en\/wp-json\/wp\/v2\/users\/2"}],"replies":[{"embeddable":true,"href":"https:\/\/gifactivevent.clients.bluedom.ch\/en\/wp-json\/wp\/v2\/comments?post=3377"}],"version-history":[{"count":3,"href":"https:\/\/gifactivevent.clients.bluedom.ch\/en\/wp-json\/wp\/v2\/pages\/3377\/revisions"}],"predecessor-version":[{"id":3720,"href":"https:\/\/gifactivevent.clients.bluedom.ch\/en\/wp-json\/wp\/v2\/pages\/3377\/revisions\/3720"}],"wp:attachment":[{"href":"https:\/\/gifactivevent.clients.bluedom.ch\/en\/wp-json\/wp\/v2\/media?parent=3377"}],"curies":[{"name":"wp","href":"https:\/\/api.w.org\/{rel}","templated":true}]}}