{"id":6943,"date":"2017-02-11T12:25:27","date_gmt":"2017-02-11T11:25:27","guid":{"rendered":"https:\/\/gifactivevent.clients.bluedom.ch\/warme-kueche\/"},"modified":"2024-10-22T17:52:11","modified_gmt":"2024-10-22T15:52:11","slug":"cocina-caliente","status":"publish","type":"page","link":"https:\/\/gifactivevent.clients.bluedom.ch\/es\/system\/area-de-aplicacion\/cocina-caliente\/","title":{"rendered":"COCINA CALIENTE"},"content":{"rendered":"<div class='av_slideshow_full av-hotspot-image-container avia_animate_when_almost_visible  avia_animated_image avia_animate_when_almost_visible fade-in av-hotspot-blank av-mobile-fallback-active    av-non-fullwidth-hotspot-image '  itemscope=\"itemscope\" itemtype=\"https:\/\/schema.org\/ImageObject\"  ><div class='av-hotspot-container'><div class='av-hotspot-container-inner-cell'><div class='av-hotspot-container-inner-wrap active-slide'><div class='av-image-hotspot' data-avia-tooltip-position='bottom' data-avia-tooltip-alignment='centered' data-avia-tooltip-class='av-tt-default-width av-tt-pos-below av-tt-align-centered  av-mobile-fallback-active  main_color av-tt-hotspot' data-avia-tooltip='&lt;p&gt;Iluminaci\u00f3n duradera gracias al vidrio macrol\u00f3n circulado de aire (hier m\u00fcsste noch das \u201cTEST ES\u201d raus)&lt;\/p&gt;\n' style='top: 31.1%; left: 41.1%; '><div class='av-image-hotspot_inner' style='background-color: #003399; color: #ffffff;'>1<\/div><div class='av-image-hotspot-pulse' style='background-color:#ffffff;'><\/div><\/div><div class='av-image-hotspot' data-avia-tooltip-position='bottom' data-avia-tooltip-alignment='centered' data-avia-tooltip-class='av-tt-default-width av-tt-pos-below av-tt-align-centered  av-mobile-fallback-active  main_color av-tt-hotspot' data-avia-tooltip='&lt;p&gt;Casetes f\u00e1ciles de desinstalar&lt;\/p&gt;\n' style='top: 20.9%; left: 58.3%; '><div class='av-image-hotspot_inner' style='background-color: #003399; color: #ffffff;'>2<\/div><div class='av-image-hotspot-pulse' style='background-color:#ffffff;'><\/div><\/div><div class='av-image-hotspot' data-avia-tooltip-position='bottom' data-avia-tooltip-alignment='centered' data-avia-tooltip-class='av-tt-default-width av-tt-pos-below av-tt-align-centered  av-mobile-fallback-active  main_color av-tt-hotspot' data-avia-tooltip='&lt;p&gt;Casetes activos colocados en los perfiles sin sujeci\u00f3n&lt;\/p&gt;\n' style='top: 38.4%; left: 27.7%; '><div class='av-image-hotspot_inner' style='background-color: #003399; color: #ffffff;'>3<\/div><div class='av-image-hotspot-pulse' style='background-color:#ffffff;'><\/div><\/div><img class='avia_image ' src='https:\/\/gifactivevent.clients.bluedom.ch\/wp-content\/uploads\/2017\/02\/Warme_Kueche_Header-1500x430.jpg' alt='' title='Warme_Kueche_Header'   itemprop=\"contentURL\"  \/><\/div><\/div><\/div><div class='av-hotspot-fallback-tooltip'><div class='av-hotspot-fallback-tooltip-count'>1<div class='avia-arrow'><\/div><\/div><div class='av-hotspot-fallback-tooltip-inner clearfix'><p>\nIluminaci\u00f3n duradera gracias al vidrio macrol\u00f3n circulado de aire (hier m\u00fcsste noch das \u201cTEST ES\u201d raus)<\/p>\n<\/div><\/div><div class='av-hotspot-fallback-tooltip'><div class='av-hotspot-fallback-tooltip-count'>2<div class='avia-arrow'><\/div><\/div><div class='av-hotspot-fallback-tooltip-inner clearfix'><p>\nCasetes f\u00e1ciles de desinstalar<\/p>\n<\/div><\/div><div class='av-hotspot-fallback-tooltip'><div class='av-hotspot-fallback-tooltip-count'>3<div class='avia-arrow'><\/div><\/div><div class='av-hotspot-fallback-tooltip-inner clearfix'><p>\nCasetes activos colocados en los perfiles sin sujeci\u00f3n<\/p>\n<\/div><\/div><\/div>\n<\/div><\/div><\/div><!-- close content main div --><\/div><\/div><div id='blue-page-hr' class='avia-section main_color avia-section-no-padding avia-no-border-styling avia-bg-style-scroll  av-minimum-height av-minimum-height-custom container_wrap fullsize' style = 'background-color: #0b1f9f; background-color: #0b1f9f; '  ><div class='container' style='height:50px'><div class='template-page content  av-content-full alpha units'><div class='post-entry post-entry-type-page post-entry-6943'><div class='entry-content-wrapper clearfix'>\n<div class=\"flex_column av_one_half  flex_column_div av-zero-column-padding first  \" style='border-radius:0px; '><p><div style='padding-bottom:10px;color:#999999;font-size:24px;' class='av-special-heading av-special-heading-h2 custom-color-heading blockquote modern-quote  av-inherit-size'><h2 class='av-special-heading-tag'  itemprop=\"headline\"  >\u00a1VENTILACI\u00d3N DE COCINAS RESUELTA DE FORMA ECON\u00d3MICA E HIGI\u00c9NICA!<\/h2><div class='special-heading-border'><div class='special-heading-inner-border' style='border-color:#999999'><\/div><\/div><\/div><br \/>\n<section class=\"av_textblock_section\"  itemscope=\"itemscope\" itemtype=\"https:\/\/schema.org\/CreativeWork\" ><div class='avia_textblock '   itemprop=\"text\" ><p>Una ventilaci\u00f3n eficaz de la cocina es esencial, sobre todo en el centro de la acci\u00f3n. El techo filtrante GIF ofrece <strong>excelentes ventajas en t\u00e9rminos de ergonom\u00eda, higiene y protecci\u00f3n contra incendios.<\/strong><\/p>\n<p>Se personaliza e instala el techo filtrante seg\u00fan la situaci\u00f3n del inmueble, las condiciones estructurales y los aparatos de cocina. Nuestra fuerza es la<strong> flexibilidad.<\/strong><\/p>\n<p>Gracias a la modularidad las alturas reducidas, los espacios peque\u00f1os o las estancias en \u00e1ngulo pueden dominarse. Muchos aparatos de cocina, las altas emisiones totales y los diferentes tiempos de uso se solucionan gracias a la \u00faltima tecnolog\u00eda del GIF.<\/p>\n<p>El techo filtrante GIF se utiliza con \u00e9xito en <strong>restaurantes, colectividades, servicios de catering, industria alimentaria y cocinas gourmet<\/strong>. Incluso pueden satisfacerse las necesidades especiales de las prisiones o el transporte mar\u00edtimo.<\/p>\n<ul>\n<li>Excelente clima interior en el lugar de trabajo, <strong>sin corrientes de aire<\/strong><\/li>\n<li>Baja altura de construcci\u00f3n del techo, funcional a partir de 200 mm<\/li>\n<li>Proceso de fabricaci\u00f3n y productos certificados HACCP<\/li>\n<li>Todos los componentes son de acero inoxidable y pueden lavarse en el lavavajillas<\/li>\n<li>Ahorro en costes de inversi\u00f3n en conductos y unidades de tratamiento de aire<\/li>\n<li>El techo filtrante puede modificarse f\u00e1cilmente, por ejemplo, si se cambian el sitio de los electrodom\u00e9sticos<\/li>\n<\/ul>\n<\/div><\/section><\/p><\/div>\n<div class=\"flex_column av_one_half  flex_column_div av-zero-column-padding   \" style='border-radius:0px; '><div class='avia-gallery avia-gallery-1 avia_lazyload avia_animate_when_visible '  itemscope=\"itemscope\" itemtype=\"https:\/\/schema.org\/ImageObject\" ><a class='avia-gallery-big fakeLightbox lightbox avia-gallery-big-crop-thumb ' href='https:\/\/gifactivevent.clients.bluedom.ch\/wp-content\/uploads\/2024\/09\/BB_1.jpg'  data-onclick='1' title='Captura de centro de gravedad flexible en el lugar necesario' ><span class='avia-gallery-big-inner'  itemprop=\"contentURL\" >\t<img width='710' height='375' src='https:\/\/gifactivevent.clients.bluedom.ch\/wp-content\/uploads\/2024\/09\/BB_1-710x375.jpg' title='BB_1' alt='' \/>\t<span class='avia-gallery-caption'>Captura de centro de gravedad flexible en el lugar necesario<\/span><\/span><\/a><div class='avia-gallery-thumb'> <a href='https:\/\/gifactivevent.clients.bluedom.ch\/wp-content\/uploads\/2024\/09\/BB_1.jpg' data-rel='gallery-1' data-prev-img='https:\/\/gifactivevent.clients.bluedom.ch\/wp-content\/uploads\/2024\/09\/BB_1-710x375.jpg' class='first_thumb lightbox ' data-onclick='1' title='Captura de centro de gravedad flexible en el lugar necesario'  itemprop=\"contentURL\" ><img data-avia-tooltip='Captura de centro de gravedad flexible en el lugar necesario' src='https:\/\/gifactivevent.clients.bluedom.ch\/wp-content\/uploads\/2024\/09\/BB_1-260x185.jpg' width='260' height='185'  title='BB_1' alt='' \/><\/a> <a href='https:\/\/gifactivevent.clients.bluedom.ch\/wp-content\/uploads\/2024\/09\/det.25.jpg' data-rel='gallery-1' data-prev-img='https:\/\/gifactivevent.clients.bluedom.ch\/wp-content\/uploads\/2024\/09\/det.25-710x375.jpg' class='lightbox ' data-onclick='2' title='Iluminaci\u00f3n puntual gracias a varios circuitos'  itemprop=\"contentURL\" ><img data-avia-tooltip='Iluminaci\u00f3n puntual gracias a varios circuitos' src='https:\/\/gifactivevent.clients.bluedom.ch\/wp-content\/uploads\/2024\/09\/det.25-260x185.jpg' width='260' height='185'  title='det.25' alt='' \/><\/a> <a href='https:\/\/gifactivevent.clients.bluedom.ch\/wp-content\/uploads\/2024\/09\/guet.10.jpg' data-rel='gallery-1' data-prev-img='https:\/\/gifactivevent.clients.bluedom.ch\/wp-content\/uploads\/2024\/09\/guet.10-710x375.jpg' class='lightbox ' data-onclick='3' title='Cinta luminosa disponible en variantes LED, balastos electr\u00f3nicos o balastos electromagn\u00e9ticos'  itemprop=\"contentURL\" ><img data-avia-tooltip='Cinta luminosa disponible en variantes LED, balastos electr\u00f3nicos o balastos electromagn\u00e9ticos' src='https:\/\/gifactivevent.clients.bluedom.ch\/wp-content\/uploads\/2024\/09\/guet.10-260x185.jpg' width='260' height='185'  title='guet.10' alt='' \/><\/a> <a href='https:\/\/gifactivevent.clients.bluedom.ch\/wp-content\/uploads\/2024\/09\/ham.07.jpg' data-rel='gallery-1' data-prev-img='https:\/\/gifactivevent.clients.bluedom.ch\/wp-content\/uploads\/2024\/09\/ham.07-710x375.jpg' class='lightbox ' data-onclick='4' title='Casetes activos de aportaci\u00f3n y de extracci\u00f3n de aire intercambiables a voluntad'  itemprop=\"contentURL\" ><img data-avia-tooltip='Casetes activos de aportaci\u00f3n y de extracci\u00f3n de aire intercambiables a voluntad' src='https:\/\/gifactivevent.clients.bluedom.ch\/wp-content\/uploads\/2024\/09\/ham.07-260x185.jpg' width='260' height='185'  title='ham.07' alt='' \/><\/a> <a href='https:\/\/gifactivevent.clients.bluedom.ch\/wp-content\/uploads\/2024\/09\/kol_033.jpg' data-rel='gallery-1' data-prev-img='https:\/\/gifactivevent.clients.bluedom.ch\/wp-content\/uploads\/2024\/09\/kol_033-710x375.jpg' class='lightbox ' data-onclick='5' title='Flexibilidad tanto en alturas como en contornos del edificio'  itemprop=\"contentURL\" ><img data-avia-tooltip='Flexibilidad tanto en alturas como en contornos del edificio' src='https:\/\/gifactivevent.clients.bluedom.ch\/wp-content\/uploads\/2024\/09\/kol_033-260x185.jpg' width='260' height='185'  title='kol_033' alt='' \/><\/a><\/div><\/div><\/div><\/div><\/div><\/div><!-- close content main div --><\/div><\/div><div id='full_slider_1' class='avia-fullwidth-slider main_color avia-shadow  container_wrap fullsize'   ><div  data-size='featured_large'  data-lightbox_size='large'  data-animation='slide'  data-ids='470'  data-video_counter='0'  data-autoplay='false'  data-bg_slider='false'  data-slide_height=''  data-handle='av_slideshow_full'  data-interval='5'  data-class=' '  data-css_id=''  data-scroll_down=''  data-control_layout='av-control-default'  data-custom_markup=''  data-perma_caption='aviaTBperma_caption'  data-autoplay_stopper=''  data-image_attachment=''  data-min_height='0px'  data-src=''  data-position='top left'  data-repeat='no-repeat'  data-attach='scroll'  data-stretch=''  data-default-height='42'  class='avia-slideshow avia-slideshow-1  av-control-default av-default-height-applied avia-slideshow-featured_large av_slideshow_full   avia-slide-slider '  itemscope=\"itemscope\" itemtype=\"https:\/\/schema.org\/ImageObject\" ><ul class='avia-slideshow-inner' style='padding-bottom: 42%;'><li  class=' av-single-slide slide-1 ' ><div data-rel='slideshow-1' class='avia-slide-wrap'  ><img src='https:\/\/gifactivevent.clients.bluedom.ch\/wp-content\/uploads\/2017\/02\/GIF_Produkte-1500x630.jpg' width='1500' height='630' title='GIF_Produkte' alt=''  itemprop=\"contentURL\"   \/><\/div><\/li><\/ul><div class = \"caption_fullwidth av-slideshow-caption caption_bottom\"><div class = \"container caption_container\"><div class = \"slideshow_caption\"><div class = \"slideshow_inner_caption\"><div class = \"slideshow_align_caption\"><h2  style='font-size:50px; ' class='avia-caption-title'  itemprop=\"name\" ><br \/>\nSOLUCI\u00d3N INTELIGENTE \u2013<br \/>\nF\u00c1CIL DE MANEJAR<\/h2><br\/><a href=''  class='avia-slideshow-button avia-button avia-color-theme-color ' data-duration='800' data-easing='easeInOutQuad'>Productos<\/a><\/div><\/div><\/div><\/div><\/div><\/div><\/div><\/p>\n","protected":false},"excerpt":{"rendered":"","protected":false},"author":1,"featured_media":0,"parent":7407,"menu_order":0,"comment_status":"closed","ping_status":"closed","template":"","meta":{"footnotes":""},"class_list":["post-6943","page","type-page","status-publish","hentry"],"_links":{"self":[{"href":"https:\/\/gifactivevent.clients.bluedom.ch\/es\/wp-json\/wp\/v2\/pages\/6943","targetHints":{"allow":["GET"]}}],"collection":[{"href":"https:\/\/gifactivevent.clients.bluedom.ch\/es\/wp-json\/wp\/v2\/pages"}],"about":[{"href":"https:\/\/gifactivevent.clients.bluedom.ch\/es\/wp-json\/wp\/v2\/types\/page"}],"author":[{"embeddable":true,"href":"https:\/\/gifactivevent.clients.bluedom.ch\/es\/wp-json\/wp\/v2\/users\/1"}],"replies":[{"embeddable":true,"href":"https:\/\/gifactivevent.clients.bluedom.ch\/es\/wp-json\/wp\/v2\/comments?post=6943"}],"version-history":[{"count":8,"href":"https:\/\/gifactivevent.clients.bluedom.ch\/es\/wp-json\/wp\/v2\/pages\/6943\/revisions"}],"predecessor-version":[{"id":7958,"href":"https:\/\/gifactivevent.clients.bluedom.ch\/es\/wp-json\/wp\/v2\/pages\/6943\/revisions\/7958"}],"up":[{"embeddable":true,"href":"https:\/\/gifactivevent.clients.bluedom.ch\/es\/wp-json\/wp\/v2\/pages\/7407"}],"wp:attachment":[{"href":"https:\/\/gifactivevent.clients.bluedom.ch\/es\/wp-json\/wp\/v2\/media?parent=6943"}],"curies":[{"name":"wp","href":"https:\/\/api.w.org\/{rel}","templated":true}]}}