{"id":6989,"date":"2017-02-14T14:42:21","date_gmt":"2017-02-14T13:42:21","guid":{"rendered":"https:\/\/gifactivevent.clients.bluedom.ch\/gif-schwerpunktabscheider-konvex\/"},"modified":"2026-02-26T10:03:05","modified_gmt":"2026-02-26T09:03:05","slug":"sistema-de-restaurante-convexo-gif","status":"publish","type":"page","link":"https:\/\/gifactivevent.clients.bluedom.ch\/es\/system\/productos\/sistema-de-restaurante-convexo-gif\/","title":{"rendered":"SISTEMA DE RESTAURANTE CONVEXO GIF"},"content":{"rendered":"<div class='av_slideshow_full av-hotspot-image-container avia_animate_when_almost_visible  avia_animated_image avia_animate_when_almost_visible fade-in av-hotspot-blank av-mobile-fallback-active    av-non-fullwidth-hotspot-image '  itemscope=\"itemscope\" itemtype=\"https:\/\/schema.org\/ImageObject\"  ><div class='av-hotspot-container'><div class='av-hotspot-container-inner-cell'><div class='av-hotspot-container-inner-wrap active-slide'><div class='av-image-hotspot' data-avia-tooltip-position='bottom' data-avia-tooltip-alignment='centered' data-avia-tooltip-class='av-tt-default-width av-tt-pos-below av-tt-align-centered  av-mobile-fallback-active  main_color av-tt-hotspot' data-avia-tooltip='&lt;p&gt;Se puede instalar en forma convexa o c\u00f3ncava&lt;\/p&gt;\n' style='top: 54.1%; left: 46.9%; '><div class='av-image-hotspot_inner' style='background-color: #003399; color: #ffffff;'>1<\/div><div class='av-image-hotspot-pulse' style='background-color:#ffffff;'><\/div><\/div><div class='av-image-hotspot' data-avia-tooltip-position='bottom' data-avia-tooltip-alignment='centered' data-avia-tooltip-class='av-tt-default-width av-tt-pos-below av-tt-align-centered  av-mobile-fallback-active  main_color av-tt-hotspot' data-avia-tooltip='&lt;p&gt;Acabados totalmente soldados&lt;\/p&gt;\n' style='top: 27%; left: 32.8%; '><div class='av-image-hotspot_inner' style='background-color: #003399; color: #ffffff;'>2<\/div><div class='av-image-hotspot-pulse' style='background-color:#ffffff;'><\/div><\/div><img class='avia_image ' src='https:\/\/gifactivevent.clients.bluedom.ch\/wp-content\/uploads\/2017\/02\/kol_091-e1488984025725.jpg' alt='GIF convex restaurant system' title='GIF Schwerpunktabscheider konvex'   itemprop=\"contentURL\"  \/><\/div><\/div><\/div><div class='av-hotspot-fallback-tooltip'><div class='av-hotspot-fallback-tooltip-count'>1<div class='avia-arrow'><\/div><\/div><div class='av-hotspot-fallback-tooltip-inner clearfix'><p>\nSe puede instalar en forma convexa o c\u00f3ncava<\/p>\n<\/div><\/div><div class='av-hotspot-fallback-tooltip'><div class='av-hotspot-fallback-tooltip-count'>2<div class='avia-arrow'><\/div><\/div><div class='av-hotspot-fallback-tooltip-inner clearfix'><p>\nAcabados totalmente soldados<\/p>\n<\/div><\/div><\/div>\n<\/div><\/div><\/div><!-- close content main div --><\/div><\/div><div id='blue-page-hr' class='avia-section main_color avia-section-no-padding avia-no-border-styling avia-bg-style-scroll  av-minimum-height av-minimum-height-custom container_wrap fullsize' style = 'background-color: #0e1f9f; background-color: #0e1f9f; '  ><div class='container' style='height:50px'><div class='template-page content  av-content-full alpha units'><div class='post-entry post-entry-type-page post-entry-6989'><div class='entry-content-wrapper clearfix'>\n<div style='height:25px' class='hr hr-invisible '><span class='hr-inner ' ><span class='hr-inner-style'><\/span><\/span><\/div><\/p>\n<div class=\"flex_column av_one_full  flex_column_div av-zero-column-padding first  \" style='border-radius:0px; '><div class=\"tabcontainer  top_tab  \">\n\n<section class=\"av_tab_section\"  itemscope=\"itemscope\" itemtype=\"https:\/\/schema.org\/CreativeWork\" >    <div data-fake-id=\"#tab-id-1\" class=\"tab active_tab\"  itemprop=\"headline\" >DESCRIPCI\u00d3N DEL SISTEMA<\/div>\n    <div id=\"tab-id-1-container\" class=\"tab_content active_tab_content\">\n        <div class=\"tab_inner_content invers-color\"  itemprop=\"text\" >\n<div class=\"gdc_row\"><div class=\"gdc_column gdc_chalf\"><div class=\"gdc_inner\"><\/p>\n<p><div  data-size='magazine'  data-lightbox_size='large'  data-animation='slide'  data-ids='608,1710'  data-video_counter='0'  data-autoplay='true'  data-bg_slider='false'  data-slide_height=''  data-handle='av_slideshow'  data-interval='5'  data-class=''  data-css_id=''  data-scroll_down=''  data-control_layout='av-control-minimal'  data-custom_markup=''  data-perma_caption=''  data-autoplay_stopper=''  data-image_attachment=''  data-min_height='0px'  data-default-height='52.8169014085'  class='avia-slideshow avia-slideshow-1  av-control-minimal av-default-height-applied avia-slideshow-magazine av_slideshow  avia-slide-slider '  itemscope=\"itemscope\" itemtype=\"https:\/\/schema.org\/ImageObject\" ><ul class='avia-slideshow-inner' style='padding-bottom: 52.8169014085%;'><\/ul><\/div><\/p>\n<p>Este separador de alto rendimiento se adapta perfectamente a la estructura del techo y se instala principalmente sobre las zonas con una gran carga t\u00e9rmica.<\/p>\n<p>Se utiliza principalmente sobre los equipos de fritura y tostado y permite una extracci\u00f3n concentrada en el punto de origen. Cuando se utilizan los separadores de alto rendimiento se puede extraer hasta 2400 m3\/h por m\u00b2 de caudal de aire.<\/p>\n<p><\/div><\/div><div class=\"gdc_column gdc_chalf\"><div class=\"gdc_inner\"><\/p>\n<p>Los separadores de alto rendimiento est\u00e1n insertados en un \u00e1ngulo inclinado en el sistema de Restaurante GIF, de modo que las cantidades de aerosolato (aerosoles interceptados), los cuales son elevados en estas \u00e1reas, ser\u00e1n drenados en los canales integrados dentro del Sistema de Restaurante. Estos canales se pueden vaciar regularmente gracias a una v\u00e1lvula de desag\u00fce. Este separador GIF est\u00e1 disponible en forma convexa o c\u00f3ncava. La variante cl\u00e1sica en forma convexa sobresale del techo como un trapecio.<\/p>\n<p>Como todos los componentes GIF del tratamiento de aire, el Sistema de Restaurante GIF, de serie, se realiza en acero inoxidable AISI 304. Los separadores de alto rendimiento pueden extraerse del techo con gran facilidad y lavarse en el lavavajillas. El canal de drenaje integrado es igualmente accesible y f\u00e1cil de limpiar.<\/p>\n<p><\/div><\/div><\/div>\n\n        <\/div>\n    <\/div>\n<\/section>\n\n<section class=\"av_tab_section\"  itemscope=\"itemscope\" itemtype=\"https:\/\/schema.org\/CreativeWork\" >    <div data-fake-id=\"#tab-id-2\" class=\"tab \"  itemprop=\"headline\" >HECHOS Y VENTAJAS <\/div>\n    <div id=\"tab-id-2-container\" class=\"tab_content \">\n        <div class=\"tab_inner_content invers-color\"  itemprop=\"text\" >\n<div class=\"gdc_row\"><div class=\"gdc_column gdc_chalf\"><div class=\"gdc_inner\"><\/p>\n<ul>\n<li>Caudal de aire alto en una \u00e1rea reducida<\/li>\n<li>Equipado con casetes activos o con separadores de alto rendimiento<\/li>\n<li>Reducci\u00f3n de la frecuencia de mantenimiento, mayor vida \u00fatil.<\/li>\n<li>AISI 304, acero inoxidable<\/li>\n<\/ul>\n<p><\/div><\/div><div class=\"gdc_column gdc_chalf\"><div class=\"gdc_inner\"><\/p>\n<ul>\n<li>Limpieza higi\u00e9nica de los componentes en el lavavajillas<\/li>\n<li>Acabado totalmente soldado<\/li>\n<li>Aplicaci\u00f3n sencilla gracias a su caracter modular<\/li>\n<li>Es posible una soluci\u00f3n personalizada<\/li>\n<\/ul>\n<p><\/div><\/div><\/div>\n\n        <\/div>\n    <\/div>\n<\/section>\n\n<section class=\"av_tab_section\"  itemscope=\"itemscope\" itemtype=\"https:\/\/schema.org\/CreativeWork\" >    <div data-fake-id=\"#tab-id-3\" class=\"tab \"  itemprop=\"headline\" >DATOS T\u00c9CNICOS ESPEC\u00cdFICOS <\/div>\n    <div id=\"tab-id-3-container\" class=\"tab_content \">\n        <div class=\"tab_inner_content invers-color\"  itemprop=\"text\" >\n<div class=\"gdc_row\"><div class=\"gdc_column gdc_chalf\"><div class=\"gdc_inner\"><br \/>\n<img loading=\"lazy\" decoding=\"async\" class=\"alignleft wp-image-855 size-extra_large\" src=\"https:\/\/gifactivevent.clients.bluedom.ch\/wp-content\/uploads\/2017\/04\/ganzer_SPA_komplettC_Profil_Lay2_E.png\" width=\"1500\" height=\"955\" \/><\/p>\n<table class=\"gif_table\" style=\"height: 261px;\" width=\"425\">\n<tbody>\n<tr>\n<th colspan=\"3\">2 Carriles<\/th>\n<\/tr>\n<tr>\n<td>Caudal del aire<\/td>\n<td><\/td>\n<td>300-2400\u00a0m<sup>3<\/sup>\/h\u00a0m<sup>2<\/sup><\/td>\n<\/tr>\n<tr>\n<td>P\u00e9rdida de presi\u00f3n<\/td>\n<td><\/td>\n<td>30-50 Pa<\/td>\n<\/tr>\n<tr>\n<td>Dimensiones\/longitud<\/td>\n<td><\/td>\n<td>Seg\u00fan necesidad<\/p>\n<p>Sin embargo, longitud m\u00e1xima: <span style=\"font-family: inherit; font-size: inherit;\">3 m<\/span><\/td>\n<\/tr>\n<tr>\n<td>Material\/superficie<\/td>\n<td><\/td>\n<td>Acero inoxidable AISI 304<\/td>\n<\/tr>\n<tr>\n<td>Eficiencia de separaci\u00f3n<\/td>\n<td><\/td>\n<td>Hasta un 97 %<\/td>\n<\/tr>\n<\/tbody>\n<\/table>\n<p><\/div><\/div><div class=\"gdc_column gdc_chalf\"><div class=\"gdc_inner\"><br \/>\n<img loading=\"lazy\" decoding=\"async\" class=\"alignleft size-extra_large wp-image-856\" src=\"https:\/\/gifactivevent.clients.bluedom.ch\/wp-content\/uploads\/2017\/04\/Halber-SPA-komplettC-Profil_Lay2_E.jpg\" alt=\"\" width=\"1500\" height=\"955\" \/><\/p>\n<table class=\"gif_table\">\n<tbody>\n<tr>\n<th colspan=\"3\">1 Carriles<\/th>\n<\/tr>\n<tr>\n<td>Caudal del aire<\/td>\n<td><\/td>\n<td>300-2400\u00a0m<sup>3<\/sup>\/h\u00a0m<sup>2<\/sup><\/td>\n<\/tr>\n<tr>\n<td>P\u00e9rdida de presi\u00f3n<\/td>\n<td><\/td>\n<td>30-50 Pa<\/td>\n<\/tr>\n<tr>\n<td>Dimensiones\/longitud<\/td>\n<td><\/td>\n<td>Seg\u00fan necesidad<\/p>\n<p>Sin embargo, longitud m\u00e1xima: 3 m<\/td>\n<\/tr>\n<tr>\n<td>Material\/superficie<\/td>\n<td><\/td>\n<td>Acero inoxidable AISI 304<\/td>\n<\/tr>\n<tr>\n<td>Eficiencia de separaci\u00f3n<\/td>\n<td><\/td>\n<td>Hasta un 97 %<\/td>\n<\/tr>\n<\/tbody>\n<\/table>\n<p><div class='avia-button-wrap avia-button-left '><a href='' class='avia-button  avia-icon_select-no avia-color-theme-color avia-size-small avia-position-left '   ><span class='avia_iconbox_title' >Vease Descargas para conocer m\u00e1s<\/span><\/a><\/div><\/p>\n<p><\/div><\/div><\/div>\n\n        <\/div>\n    <\/div>\n<\/section>\n\n<\/div><\/div>\n<\/div><\/div><\/div><!-- close content main div --><\/div><\/div><div id='full_slider_1' class='avia-fullwidth-slider main_color avia-shadow  container_wrap fullsize'   ><div  data-size='featured'  data-lightbox_size='large'  data-animation='slide'  data-ids='434'  data-video_counter='0'  data-autoplay='false'  data-bg_slider='false'  data-slide_height=''  data-handle='av_slideshow_full'  data-interval='5'  data-class=' '  data-css_id=''  data-scroll_down=''  data-control_layout='av-control-default'  data-custom_markup=''  data-perma_caption='aviaTBperma_caption'  data-autoplay_stopper=''  data-image_attachment=''  data-min_height='0px'  data-src=''  data-position='top left'  data-repeat='no-repeat'  data-attach='scroll'  data-stretch=''  data-default-height='28.6666666667'  class='avia-slideshow avia-slideshow-2  av-control-default av-default-height-applied avia-slideshow-featured av_slideshow_full   avia-slide-slider '  itemscope=\"itemscope\" itemtype=\"https:\/\/schema.org\/ImageObject\" ><ul class='avia-slideshow-inner' style='padding-bottom: 51.4354066986%;'><li  class=' av-single-slide slide-1 ' ><div data-rel='slideshow-2' class='avia-slide-wrap'  ><img src='https:\/\/gifactivevent.clients.bluedom.ch\/wp-content\/uploads\/2017\/02\/GIF_Decken_LANGLEBIGKEIT_DURCH_QUALITAET-836x430.jpg' width='836' height='430' title='Male and female chefs in restaurant kitchen' alt=''  itemprop=\"contentURL\"   \/><\/div><\/li><\/ul><div class = \"caption_fullwidth av-slideshow-caption caption_left\"><div class = \"container caption_container\"><div class = \"slideshow_caption\"><div class = \"slideshow_inner_caption\"><div class = \"slideshow_align_caption\"><h2  style='font-size:50px; ' class='avia-caption-title'  itemprop=\"name\" >DURABILIDAD<br \/>\nGRACIAS A LA CALIDAD<\/h2><br\/><a href=''  class='avia-slideshow-button avia-button avia-color-theme-color ' data-duration='800' data-easing='easeInOutQuad'>CERTIFICADOS<\/a><\/div><\/div><\/div><\/div><\/div><\/div><\/div>\n","protected":false},"excerpt":{"rendered":"","protected":false},"author":2,"featured_media":0,"parent":7537,"menu_order":0,"comment_status":"closed","ping_status":"closed","template":"","meta":{"footnotes":""},"class_list":["post-6989","page","type-page","status-publish","hentry"],"_links":{"self":[{"href":"https:\/\/gifactivevent.clients.bluedom.ch\/es\/wp-json\/wp\/v2\/pages\/6989","targetHints":{"allow":["GET"]}}],"collection":[{"href":"https:\/\/gifactivevent.clients.bluedom.ch\/es\/wp-json\/wp\/v2\/pages"}],"about":[{"href":"https:\/\/gifactivevent.clients.bluedom.ch\/es\/wp-json\/wp\/v2\/types\/page"}],"author":[{"embeddable":true,"href":"https:\/\/gifactivevent.clients.bluedom.ch\/es\/wp-json\/wp\/v2\/users\/2"}],"replies":[{"embeddable":true,"href":"https:\/\/gifactivevent.clients.bluedom.ch\/es\/wp-json\/wp\/v2\/comments?post=6989"}],"version-history":[{"count":11,"href":"https:\/\/gifactivevent.clients.bluedom.ch\/es\/wp-json\/wp\/v2\/pages\/6989\/revisions"}],"predecessor-version":[{"id":8077,"href":"https:\/\/gifactivevent.clients.bluedom.ch\/es\/wp-json\/wp\/v2\/pages\/6989\/revisions\/8077"}],"up":[{"embeddable":true,"href":"https:\/\/gifactivevent.clients.bluedom.ch\/es\/wp-json\/wp\/v2\/pages\/7537"}],"wp:attachment":[{"href":"https:\/\/gifactivevent.clients.bluedom.ch\/es\/wp-json\/wp\/v2\/media?parent=6989"}],"curies":[{"name":"wp","href":"https:\/\/api.w.org\/{rel}","templated":true}]}}