{"id":7001,"date":"2017-02-14T19:15:46","date_gmt":"2017-02-14T18:15:46","guid":{"rendered":"https:\/\/gifactivevent.clients.bluedom.ch\/gif-flachkassettendecke\/"},"modified":"2026-02-26T10:04:45","modified_gmt":"2026-02-26T09:04:45","slug":"techo-de-casetes-planos-de-aportacion-gif","status":"publish","type":"page","link":"https:\/\/gifactivevent.clients.bluedom.ch\/es\/system\/productos\/techo-de-casetes-planos-de-aportacion-gif\/","title":{"rendered":"TECHO DE CASETES PLANOS DE APORTACI\u00d3N GIF"},"content":{"rendered":"<div class='av_slideshow_full av-hotspot-image-container avia_animate_when_almost_visible  avia_animated_image avia_animate_when_almost_visible fade-in av-hotspot-blank av-mobile-fallback-active    av-non-fullwidth-hotspot-image '  itemscope=\"itemscope\" itemtype=\"https:\/\/schema.org\/ImageObject\"  ><div class='av-hotspot-container'><div class='av-hotspot-container-inner-cell'><div class='av-hotspot-container-inner-wrap active-slide'><img class='avia_image ' src='https:\/\/gifactivevent.clients.bluedom.ch\/wp-content\/uploads\/2017\/02\/Zuluft_Headder-1366x430.jpg' alt='' title='Zuluft_Headder'   itemprop=\"contentURL\"  \/><\/div><\/div><\/div><\/div>\n<\/div><\/div><\/div><!-- close content main div --><\/div><\/div><div id='blue-page-hr' class='avia-section main_color avia-section-no-padding avia-no-border-styling avia-bg-style-scroll  av-minimum-height av-minimum-height-custom container_wrap fullsize' style = 'background-color: #0e1f9f; background-color: #0e1f9f; '  ><div class='container' style='height:50px'><div class='template-page content  av-content-full alpha units'><div class='post-entry post-entry-type-page post-entry-7001'><div class='entry-content-wrapper clearfix'>\n<div style=' margin-top:50px; margin-bottom:0;'  class='hr hr-custom hr-center hr-icon-no '><span class='hr-inner   inner-border-av-border-none' style=' width:50px;' ><span class='hr-inner-style'><\/span><\/span><\/div>\n<div class=\"tabcontainer  top_tab  \">\n\n<section class=\"av_tab_section\"  itemscope=\"itemscope\" itemtype=\"https:\/\/schema.org\/CreativeWork\" >    <div data-fake-id=\"#tab-id-1\" class=\"tab active_tab\"  itemprop=\"headline\" >DESCRIPCI\u00d3N DEL SISTEMA<\/div>\n    <div id=\"tab-id-1-container\" class=\"tab_content active_tab_content\">\n        <div class=\"tab_inner_content invers-color\"  itemprop=\"text\" >\n<div class=\"gdc_row\"><div class=\"gdc_column gdc_chalf\"><div class=\"gdc_inner\"><\/p>\n<p><div  data-size='magazine'  data-lightbox_size='large'  data-animation='slide'  data-ids='1151,7003'  data-video_counter='0'  data-autoplay='true'  data-bg_slider='false'  data-slide_height=''  data-handle='av_slideshow'  data-interval='5'  data-class=''  data-css_id=''  data-scroll_down=''  data-control_layout='av-control-minimal'  data-custom_markup=''  data-perma_caption=''  data-autoplay_stopper=''  data-image_attachment=''  data-min_height='0px'  data-default-height='52.8169014085'  class='avia-slideshow avia-slideshow-1  av-control-minimal av-default-height-applied avia-slideshow-magazine av_slideshow  avia-slide-slider '  itemscope=\"itemscope\" itemtype=\"https:\/\/schema.org\/ImageObject\" ><ul class='avia-slideshow-inner' style='padding-bottom: 52.8169014085%;'><li  class=' av-single-slide slide-1 ' ><div data-rel='slideshow-1' class='avia-slide-wrap'  ><img src='https:\/\/gifactivevent.clients.bluedom.ch\/wp-content\/uploads\/2017\/02\/det.28-e1487097511196-710x375.jpg' width='710' height='375' title='det.28' alt=''  itemprop=\"contentURL\"   \/><\/div><\/li><\/ul><\/div><br \/>\n<\/div><\/div><div class=\"gdc_column gdc_chalf\"><div class=\"gdc_inner\"><\/p>\n<p>Esta soluci\u00f3n del techo se puede adaptar a una cocina con caracter\u00edsticas espec\u00edficas. Este techo aporta aire fresco a trav\u00e9s de m\u00faltiples deflectores a un coste m\u00e1s econ\u00f3mico. Adem\u00e1s garantiza una aportaci\u00f3n de aire fresco uniforme a gran escala con una baja velocidad del aire, creando un techo uniforme junto con los dem\u00e1s componentes.<\/p>\n<p>Como los dem\u00e1s componentes GIF del tratamiento del aire, el Techo de Casetes Planos de aportaci\u00f3n GIF, est\u00e1 realizado de serie con acero inoxidable AISI 304. Bajo pedido, se puede suministrar con un recubrimiento RAL. Los componentes se pueden empujar sobre los perfiles, se extrae sin herramientas y se limpia en el lavavajillas.<\/p>\n<p><\/div><\/div><\/div>\n\n        <\/div>\n    <\/div>\n<\/section>\n\n<section class=\"av_tab_section\"  itemscope=\"itemscope\" itemtype=\"https:\/\/schema.org\/CreativeWork\" >    <div data-fake-id=\"#tab-id-2\" class=\"tab \"  itemprop=\"headline\" >HECHOS Y VENTAJAS <\/div>\n    <div id=\"tab-id-2-container\" class=\"tab_content \">\n        <div class=\"tab_inner_content invers-color\"  itemprop=\"text\" >\n<div class=\"gdc_row\"><div class=\"gdc_column gdc_chalf\"><div class=\"gdc_inner\"><\/p>\n<ul>\n<li>Aportaci\u00f3n de aire dirigido<\/li>\n<li>Funci\u00f3n de deflector m\u00faltiple gracias a un espaciador integrado<\/li>\n<li>F\u00e1cilmente extra\u00edble para una limpieza higi\u00e9nica en el lavavajillas.<\/li>\n<li>Se puede examinar de acuerdo con la VDI 6022<\/li>\n<li>Sistema integrado como un techo modular uniforme<\/li>\n<\/ul>\n<p><\/div><\/div><div class=\"gdc_column gdc_chalf\"><div class=\"gdc_inner\"><\/p>\n<ul>\n<li>Altura de construcci\u00f3n muy baja<\/li>\n<li>El plenum abierto por encima del techo reduce la longitud de los conductos<\/li>\n<li>Recubrimiento RAL disponible<\/li>\n<li>Se puede instalar en la zona de extracci\u00f3n si el \u00e1rea esta libre de grasa<\/li>\n<li>Durabilidad a trav\u00e9s del acero inoxidable AISI 304<\/li>\n<\/ul>\n<p><\/div><\/div><\/div>\n\n        <\/div>\n    <\/div>\n<\/section>\n\n<section class=\"av_tab_section\"  itemscope=\"itemscope\" itemtype=\"https:\/\/schema.org\/CreativeWork\" >    <div data-fake-id=\"#tab-id-3\" class=\"tab \"  itemprop=\"headline\" >DATOS T\u00c9CNICOS ESPEC\u00cdFICOS<\/div>\n    <div id=\"tab-id-3-container\" class=\"tab_content \">\n        <div class=\"tab_inner_content invers-color\"  itemprop=\"text\" >\n<div class=\"gdc_row\"><div class=\"gdc_column gdc_chalf\"><div class=\"gdc_inner\"><br \/>\n<img loading=\"lazy\" decoding=\"async\" class=\"alignleft wp-image-708 size-extra_large\" src=\"ttps:\/\/gifactivevent.clients.bluedom.ch\/wp-content\/uploads\/2017\/04\/2x-ZuluftflachkassetteC-Profil_2015_eng.jpg\" width=\"1500\" height=\"955\" \/><br \/>\n<\/div><\/div><div class=\"gdc_column gdc_chalf\"><div class=\"gdc_inner\"><\/p>\n<table class=\"gif_table\">\n<tbody>\n<tr>\n<th colspan=\"3\"><\/th>\n<\/tr>\n<tr>\n<td>Caudal del aire<\/td>\n<td><\/td>\n<td>max. 160 m\u00b3\/h m\u00b2<\/td>\n<\/tr>\n<tr>\n<td>P\u00e9rdida de presi\u00f3n<\/td>\n<td><\/td>\n<td>20 Pa<\/td>\n<\/tr>\n<tr>\n<td>Dimensiones<\/td>\n<td><\/td>\n<td>250 x 485 mm<\/td>\n<\/tr>\n<tr>\n<td>Peso por m2 sin contar los perfiles de suspensi\u00f3n<\/td>\n<td><\/td>\n<td>7,2 kg<\/td>\n<\/tr>\n<tr>\n<td>Material<\/td>\n<td><\/td>\n<td>Acero inoxidable AISI 304<\/td>\n<\/tr>\n<\/tbody>\n<\/table>\n<p><div class='avia-button-wrap avia-button-left '><a href='' class='avia-button  avia-icon_select-no avia-color-theme-color avia-size-small avia-position-left '   ><span class='avia_iconbox_title' >Vease Descargas para conocer m\u00e1s<\/span><\/a><\/div><\/p>\n<p><\/div><\/div><\/div>\n\n        <\/div>\n    <\/div>\n<\/section>\n\n<\/div>\n\n<\/div><\/div><\/div><!-- close content main div --><\/div><\/div><div id='full_slider_1' class='avia-fullwidth-slider main_color avia-shadow  container_wrap fullsize'   ><div  data-size='featured'  data-lightbox_size='large'  data-animation='slide'  data-ids='434'  data-video_counter='0'  data-autoplay='false'  data-bg_slider='false'  data-slide_height=''  data-handle='av_slideshow_full'  data-interval='5'  data-class=' '  data-css_id=''  data-scroll_down=''  data-control_layout='av-control-default'  data-custom_markup=''  data-perma_caption='aviaTBperma_caption'  data-autoplay_stopper=''  data-image_attachment=''  data-min_height='0px'  data-src=''  data-position='top left'  data-repeat='no-repeat'  data-attach='scroll'  data-stretch=''  data-default-height='28.6666666667'  class='avia-slideshow avia-slideshow-2  av-control-default av-default-height-applied avia-slideshow-featured av_slideshow_full   avia-slide-slider '  itemscope=\"itemscope\" itemtype=\"https:\/\/schema.org\/ImageObject\" ><ul class='avia-slideshow-inner' style='padding-bottom: 51.4354066986%;'><li  class=' av-single-slide slide-1 ' ><div data-rel='slideshow-2' class='avia-slide-wrap'  ><img src='https:\/\/gifactivevent.clients.bluedom.ch\/wp-content\/uploads\/2017\/02\/GIF_Decken_LANGLEBIGKEIT_DURCH_QUALITAET-836x430.jpg' width='836' height='430' title='Male and female chefs in restaurant kitchen' alt=''  itemprop=\"contentURL\"   \/><\/div><\/li><\/ul><div class = \"caption_fullwidth av-slideshow-caption caption_bottom\"><div class = \"container caption_container\"><div class = \"slideshow_caption\"><div class = \"slideshow_inner_caption\"><div class = \"slideshow_align_caption\"><h2  style='font-size:50px; ' class='avia-caption-title'  itemprop=\"name\" >DURABILIDAD<br \/>\nGRACIAS A LA CALIDAD<\/h2><br\/><a href=''  class='avia-slideshow-button avia-button avia-color-theme-color ' data-duration='800' data-easing='easeInOutQuad'>CERTIFICADOS<\/a><\/div><\/div><\/div><\/div><\/div><\/div><\/div>\n","protected":false},"excerpt":{"rendered":"","protected":false},"author":2,"featured_media":0,"parent":7537,"menu_order":0,"comment_status":"closed","ping_status":"closed","template":"","meta":{"footnotes":""},"class_list":["post-7001","page","type-page","status-publish","hentry"],"_links":{"self":[{"href":"https:\/\/gifactivevent.clients.bluedom.ch\/es\/wp-json\/wp\/v2\/pages\/7001","targetHints":{"allow":["GET"]}}],"collection":[{"href":"https:\/\/gifactivevent.clients.bluedom.ch\/es\/wp-json\/wp\/v2\/pages"}],"about":[{"href":"https:\/\/gifactivevent.clients.bluedom.ch\/es\/wp-json\/wp\/v2\/types\/page"}],"author":[{"embeddable":true,"href":"https:\/\/gifactivevent.clients.bluedom.ch\/es\/wp-json\/wp\/v2\/users\/2"}],"replies":[{"embeddable":true,"href":"https:\/\/gifactivevent.clients.bluedom.ch\/es\/wp-json\/wp\/v2\/comments?post=7001"}],"version-history":[{"count":5,"href":"https:\/\/gifactivevent.clients.bluedom.ch\/es\/wp-json\/wp\/v2\/pages\/7001\/revisions"}],"predecessor-version":[{"id":8089,"href":"https:\/\/gifactivevent.clients.bluedom.ch\/es\/wp-json\/wp\/v2\/pages\/7001\/revisions\/8089"}],"up":[{"embeddable":true,"href":"https:\/\/gifactivevent.clients.bluedom.ch\/es\/wp-json\/wp\/v2\/pages\/7537"}],"wp:attachment":[{"href":"https:\/\/gifactivevent.clients.bluedom.ch\/es\/wp-json\/wp\/v2\/media?parent=7001"}],"curies":[{"name":"wp","href":"https:\/\/api.w.org\/{rel}","templated":true}]}}