{"id":7011,"date":"2017-02-14T19:25:54","date_gmt":"2017-02-14T18:25:54","guid":{"rendered":"https:\/\/gifactivevent.clients.bluedom.ch\/gif-zuluftflachkasseten-decke-schallschluck\/"},"modified":"2026-02-26T10:05:55","modified_gmt":"2026-02-26T09:05:55","slug":"techo-de-casetes-planos-de-aportacion-gif-absorcion-del-sonido","status":"publish","type":"page","link":"https:\/\/gifactivevent.clients.bluedom.ch\/es\/system\/productos\/techo-de-casetes-planos-de-aportacion-gif-absorcion-del-sonido\/","title":{"rendered":"TECHO DE CASETES PLANOS DE APORTACI\u00d3N GIF \u2013 ABSORCI\u00d3N DEL SONIDO"},"content":{"rendered":"<div class='av_slideshow_full av-hotspot-image-container avia_animate_when_almost_visible  avia_animated_image avia_animate_when_almost_visible fade-in av-hotspot-blank av-mobile-fallback-active    av-non-fullwidth-hotspot-image '  itemscope=\"itemscope\" itemtype=\"https:\/\/schema.org\/ImageObject\"  ><div class='av-hotspot-container'><div class='av-hotspot-container-inner-cell'><div class='av-hotspot-container-inner-wrap active-slide'><div class='av-image-hotspot' data-avia-tooltip-position='bottom' data-avia-tooltip-alignment='centered' data-avia-tooltip-class='av-tt-default-width av-tt-pos-below av-tt-align-centered  av-mobile-fallback-active  main_color av-tt-hotspot' data-avia-tooltip='&lt;p&gt;La perforaci\u00f3n sirve para absorber el sonido.&lt;\/p&gt;\n' style='top: 22.2%; left: 51.9%; '><div class='av-image-hotspot_inner' style='background-color: #003399; color: #ffffff;'>1<\/div><div class='av-image-hotspot-pulse' style='background-color:#ffffff;'><\/div><\/div><div class='av-image-hotspot' data-avia-tooltip-position='bottom' data-avia-tooltip-alignment='centered' data-avia-tooltip-class='av-tt-default-width av-tt-pos-below av-tt-align-centered  av-mobile-fallback-active  main_color av-tt-hotspot' data-avia-tooltip='&lt;p&gt;El aire de entrada se introduce en la habitaci\u00f3n a trav\u00e9s del hueco entre los casetes.&lt;\/p&gt;\n' style='top: 19.7%; left: 70.7%; '><div class='av-image-hotspot_inner' style='background-color: #003399; color: #ffffff;'>2<\/div><div class='av-image-hotspot-pulse' style='background-color:#ffffff;'><\/div><\/div><img class='avia_image ' src='https:\/\/gifactivevent.clients.bluedom.ch\/wp-content\/uploads\/2017\/02\/Headder_bild_Schallschluck-1366x430.jpg' alt='' title='Headder_bild_Schallschluck'   itemprop=\"contentURL\"  \/><\/div><\/div><\/div><div class='av-hotspot-fallback-tooltip'><div class='av-hotspot-fallback-tooltip-count'>1<div class='avia-arrow'><\/div><\/div><div class='av-hotspot-fallback-tooltip-inner clearfix'><p>\nLa perforaci\u00f3n sirve para absorber el sonido.<\/p>\n<\/div><\/div><div class='av-hotspot-fallback-tooltip'><div class='av-hotspot-fallback-tooltip-count'>2<div class='avia-arrow'><\/div><\/div><div class='av-hotspot-fallback-tooltip-inner clearfix'><p>\nEl aire de entrada se introduce en la habitaci\u00f3n a trav\u00e9s del hueco entre los casetes.<\/p>\n<\/div><\/div><\/div>\n<\/div><\/div><\/div><!-- close content main div --><\/div><\/div><div id='blue-page-hr' class='avia-section main_color avia-section-no-padding avia-no-border-styling avia-bg-style-scroll  av-minimum-height av-minimum-height-custom container_wrap fullsize' style = 'background-color: #0e1f9f; background-color: #0e1f9f; '  ><div class='container' style='height:50px'><div class='template-page content  av-content-full alpha units'><div class='post-entry post-entry-type-page post-entry-7011'><div class='entry-content-wrapper clearfix'>\n<div style='height:25px' class='hr hr-invisible '><span class='hr-inner ' ><span class='hr-inner-style'><\/span><\/span><\/div>\n<div class=\"flex_column av_one_full  flex_column_div av-zero-column-padding first  \" style='border-radius:0px; '><div class=\"tabcontainer  top_tab  \">\n\n<section class=\"av_tab_section\"  itemscope=\"itemscope\" itemtype=\"https:\/\/schema.org\/CreativeWork\" >    <div data-fake-id=\"#tab-id-1\" class=\"tab active_tab\"  itemprop=\"headline\" >DESCRIPCI\u00d3N DEL SISTEMA<\/div>\n    <div id=\"tab-id-1-container\" class=\"tab_content active_tab_content\">\n        <div class=\"tab_inner_content invers-color\"  itemprop=\"text\" >\n<div class=\"gdc_row\"><div class=\"gdc_column gdc_chalf\"><div class=\"gdc_inner\"><\/p>\n<p><div  data-size='magazine'  data-lightbox_size='large'  data-animation='slide'  data-ids='1155,1965,1966,1969,1970,1972'  data-video_counter='0'  data-autoplay='true'  data-bg_slider='false'  data-slide_height=''  data-handle='av_slideshow'  data-interval='5'  data-class=''  data-css_id=''  data-scroll_down=''  data-control_layout='av-control-minimal'  data-custom_markup=''  data-perma_caption=''  data-autoplay_stopper=''  data-image_attachment=''  data-min_height='0px'  data-default-height='52.8169014085'  class='avia-slideshow avia-slideshow-1  av-control-minimal av-default-height-applied avia-slideshow-magazine av_slideshow  avia-slide-slider '  itemscope=\"itemscope\" itemtype=\"https:\/\/schema.org\/ImageObject\" ><ul class='avia-slideshow-inner' style='padding-bottom: 52.8169014085%;'><\/ul><\/div><\/p>\n<p>Como el techo de Casetes Planos de Aportaci\u00f3n GIF, este techo combina dos funciones en un componente y es por ello que es \u00fanico. Este sistema provee una aportaci\u00f3n de aire y, al mismo tiempo, incorpora la mayor reducci\u00f3n del sonido en una misma \u00e1rea. Gracias a la utilizaci\u00f3n de un eficiente material de absorci\u00f3n del sonido, el ruido que existe por ejemplo en una zona de lavado y en zonas de camareros, se puede reducir considerablemente.<\/p>\n<p><\/div><\/div><div class=\"gdc_column gdc_chalf\"><div class=\"gdc_inner\"><\/p>\n<p>Al igual que todos los componentes del sistema modular de techos GIF, el techo de casetes planos de suministro de aire GIF con funci\u00f3n de absorci\u00f3n ac\u00fastica est\u00e1 fabricado de serie en AISI 304. Bajo pedido, se puede suministrar con un recubrimiento RAL.<\/p>\n<p>Junto con los dem\u00e1s componentes, este sistema forma un techo modular uniforme. Los componentes se pueden extraer de los perfiles de suspensi\u00f3n para la limpieza sin necesidad de herramientas. Para facilitar un mantenimiento y una extracci\u00f3n sencilla, los componentes se pueden deslizar sobre los perfiles de suspensi\u00f3n hasta un punto conveniente de extracci\u00f3n, lejos del equipamiento de la cocina. Esto posibilita una limpieza r\u00e1pida, eficiente y segura. El coj\u00edn de absorci\u00f3n del sonido (material de incendio clase A) est\u00e1 aislado higi\u00e9nicamente en una pel\u00edcula de pl\u00e1stico sellada que se puede lavar de forma separada. Los requisitos de la VDI 6022 se cumplen de igual modo.<\/p>\n<p><\/div><\/div><\/div>\n\n        <\/div>\n    <\/div>\n<\/section>\n\n<section class=\"av_tab_section\"  itemscope=\"itemscope\" itemtype=\"https:\/\/schema.org\/CreativeWork\" >    <div data-fake-id=\"#tab-id-2\" class=\"tab \"  itemprop=\"headline\" >HECHOS Y VENTAJAS <\/div>\n    <div id=\"tab-id-2-container\" class=\"tab_content \">\n        <div class=\"tab_inner_content invers-color\"  itemprop=\"text\" >\n<div class=\"gdc_row\"><div class=\"gdc_column gdc_chalf\"><div class=\"gdc_inner\"><\/p>\n<ul>\n<li>Se pueden equipar grandes \u00e1reas debido a la combinaci\u00f3n \u00fanica de aportaci\u00f3n de aire fresco y reduci\u00f3n de sonido al mismo tiempo en la misma \u00e1rea.<\/li>\n<li>Se puede usar en zonas de lavavajillas, pasillos de camareros, salas de preparaci\u00f3n, etc.<\/li>\n<\/ul>\n<p><\/div><\/div><div class=\"gdc_column gdc_chalf\"><div class=\"gdc_inner\"><\/p>\n<ul>\n<li>Las dos partes son compatibles con una limpieza en el lavavajillas<\/li>\n<li>Acero inoxidable AISI 304<\/li>\n<li>El coj\u00edn aislante ac\u00fastico se extrae facilmente y est\u00e1 protegido herm\u00e9ticamente contra el vapor.<\/li>\n<li>Soldado<\/li>\n<\/ul>\n<p><\/div><\/div><\/div>\n\n        <\/div>\n    <\/div>\n<\/section>\n\n<section class=\"av_tab_section\"  itemscope=\"itemscope\" itemtype=\"https:\/\/schema.org\/CreativeWork\" >    <div data-fake-id=\"#tab-id-3\" class=\"tab \"  itemprop=\"headline\" >DATOS T\u00c9CNICOS ESPEC\u00cdFICOS<\/div>\n    <div id=\"tab-id-3-container\" class=\"tab_content \">\n        <div class=\"tab_inner_content invers-color\"  itemprop=\"text\" >\n<div class=\"gdc_row\"><div class=\"gdc_column gdc_chalf\"><div class=\"gdc_inner\"><br \/>\n<img loading=\"lazy\" decoding=\"async\" class=\"alignnone size-medium wp-image-6904\" src=\"http:\/\/gifactivevent.clients.bluedom.ch\/wp-content\/uploads\/2017\/02\/Technische_Daten_Schallschluck-1500x955.jpg\" alt=\"\" width=\"300\" height=\"146\" \/><br \/>\n<\/div><\/div><div class=\"gdc_column gdc_chalf\"><div class=\"gdc_inner\"><\/p>\n<table class=\"gif_table\">\n<tbody>\n<tr>\n<td>Caudal de aire<\/td>\n<td><\/td>\n<td>max. 160 m\u00b3\/h m\u00b2<\/td>\n<\/tr>\n<tr>\n<td>P\u00e9rdida de presi\u00f3n<\/td>\n<td><\/td>\n<td>20 Pa<\/td>\n<\/tr>\n<tr>\n<td>Dimensiones<\/td>\n<td><\/td>\n<td>250 x 485 mm<\/td>\n<\/tr>\n<tr>\n<td>Peso por m2 excluido los perfiles de suspesi\u00f3n<\/td>\n<td><\/td>\n<td>8 kg<\/td>\n<\/tr>\n<tr>\n<td>Material<\/td>\n<td><\/td>\n<td>Acero inoxidable AISI 304<\/td>\n<\/tr>\n<tr>\n<td>Material de absorci\u00f3n del sonido<\/td>\n<td><\/td>\n<td>Material absorvente del sonido soldado en una pel\u00edcula pl\u00e1stica no combustible<\/td>\n<\/tr>\n<tr>\n<td>Coeficiente de absorci\u00f3n del sonido<\/td>\n<td><\/td>\n<td class=\"no-padding\">\n<table>\n<tbody>\n<tr>\n<td style=\"width: 50%;\">f in Hz<\/td>\n<td>\u03b1<\/td>\n<\/tr>\n<\/tbody>\n<\/table>\n<\/td>\n<\/tr>\n<tr>\n<td>Vease tambi\u00e9n: productos para reducir el sonido, T\u00dcV Rheiland Publishing House, ISBN\u00a0\u00a0 3-88585-026-5<\/td>\n<td><\/td>\n<td class=\"no-padding\">\n<table>\n<tbody>\n<tr>\n<td>125<\/td>\n<td>0,40<\/td>\n<\/tr>\n<tr>\n<td>250<\/td>\n<td>0,85<\/td>\n<\/tr>\n<tr>\n<td>500<\/td>\n<td>0,90<\/td>\n<\/tr>\n<tr>\n<td>1000<\/td>\n<td>0,85<\/td>\n<\/tr>\n<tr>\n<td>2000<\/td>\n<td>0,85<\/td>\n<\/tr>\n<tr>\n<td>4000<\/td>\n<td>0,70<\/td>\n<\/tr>\n<\/tbody>\n<\/table>\n<\/td>\n<\/tr>\n<\/tbody>\n<\/table>\n<p><div class='avia-button-wrap avia-button-left '><a href='' class='avia-button  avia-icon_select-no avia-color-theme-color avia-size-small avia-position-left '   ><span class='avia_iconbox_title' >Vease Descargas para conocer m\u00e1s<\/span><\/a><\/div><\/p>\n<p><\/div><\/div><\/div>\n\n        <\/div>\n    <\/div>\n<\/section>\n\n<\/div><\/div><\/div><\/div><\/div><!-- close content main div --><\/div><\/div><div id='full_slider_1' class='avia-fullwidth-slider main_color avia-shadow  container_wrap fullsize'   ><div  data-size='featured'  data-lightbox_size='large'  data-animation='slide'  data-ids='434'  data-video_counter='0'  data-autoplay='false'  data-bg_slider='false'  data-slide_height=''  data-handle='av_slideshow_full'  data-interval='5'  data-class=' '  data-css_id=''  data-scroll_down=''  data-control_layout='av-control-default'  data-custom_markup=''  data-perma_caption='aviaTBperma_caption'  data-autoplay_stopper=''  data-image_attachment=''  data-min_height='0px'  data-src=''  data-position='top left'  data-repeat='no-repeat'  data-attach='scroll'  data-stretch=''  data-default-height='28.6666666667'  class='avia-slideshow avia-slideshow-2  av-control-default av-default-height-applied avia-slideshow-featured av_slideshow_full   avia-slide-slider '  itemscope=\"itemscope\" itemtype=\"https:\/\/schema.org\/ImageObject\" ><ul class='avia-slideshow-inner' style='padding-bottom: 51.4354066986%;'><li  class=' av-single-slide slide-1 ' ><div data-rel='slideshow-2' class='avia-slide-wrap'  ><img src='https:\/\/gifactivevent.clients.bluedom.ch\/wp-content\/uploads\/2017\/02\/GIF_Decken_LANGLEBIGKEIT_DURCH_QUALITAET-836x430.jpg' width='836' height='430' title='Male and female chefs in restaurant kitchen' alt=''  itemprop=\"contentURL\"   \/><\/div><\/li><\/ul><div class = \"caption_fullwidth av-slideshow-caption caption_bottom\"><div class = \"container caption_container\"><div class = \"slideshow_caption\"><div class = \"slideshow_inner_caption\"><div class = \"slideshow_align_caption\"><h2  style='font-size:50px; ' class='avia-caption-title'  itemprop=\"name\" >DURABILIDAD<br \/>\nGRACIAS A LA CALIDAD<\/h2><br\/><a href=''  class='avia-slideshow-button avia-button avia-color-theme-color ' data-duration='800' data-easing='easeInOutQuad'>CERTIFICADOS<\/a><\/div><\/div><\/div><\/div><\/div><\/div><\/div><\/p>\n","protected":false},"excerpt":{"rendered":"","protected":false},"author":2,"featured_media":0,"parent":7537,"menu_order":0,"comment_status":"closed","ping_status":"closed","template":"","meta":{"footnotes":""},"class_list":["post-7011","page","type-page","status-publish","hentry"],"_links":{"self":[{"href":"https:\/\/gifactivevent.clients.bluedom.ch\/es\/wp-json\/wp\/v2\/pages\/7011","targetHints":{"allow":["GET"]}}],"collection":[{"href":"https:\/\/gifactivevent.clients.bluedom.ch\/es\/wp-json\/wp\/v2\/pages"}],"about":[{"href":"https:\/\/gifactivevent.clients.bluedom.ch\/es\/wp-json\/wp\/v2\/types\/page"}],"author":[{"embeddable":true,"href":"https:\/\/gifactivevent.clients.bluedom.ch\/es\/wp-json\/wp\/v2\/users\/2"}],"replies":[{"embeddable":true,"href":"https:\/\/gifactivevent.clients.bluedom.ch\/es\/wp-json\/wp\/v2\/comments?post=7011"}],"version-history":[{"count":9,"href":"https:\/\/gifactivevent.clients.bluedom.ch\/es\/wp-json\/wp\/v2\/pages\/7011\/revisions"}],"predecessor-version":[{"id":8094,"href":"https:\/\/gifactivevent.clients.bluedom.ch\/es\/wp-json\/wp\/v2\/pages\/7011\/revisions\/8094"}],"up":[{"embeddable":true,"href":"https:\/\/gifactivevent.clients.bluedom.ch\/es\/wp-json\/wp\/v2\/pages\/7537"}],"wp:attachment":[{"href":"https:\/\/gifactivevent.clients.bluedom.ch\/es\/wp-json\/wp\/v2\/media?parent=7011"}],"curies":[{"name":"wp","href":"https:\/\/api.w.org\/{rel}","templated":true}]}}