{"id":7071,"date":"2017-02-14T19:20:52","date_gmt":"2017-02-14T18:20:52","guid":{"rendered":"https:\/\/gifactivevent.clients.bluedom.ch\/gif-duesenplattenabsaugung\/"},"modified":"2026-02-26T10:30:37","modified_gmt":"2026-02-26T09:30:37","slug":"extractor-jet-stream","status":"publish","type":"page","link":"https:\/\/gifactivevent.clients.bluedom.ch\/es\/system\/productos\/extractor-jet-stream\/","title":{"rendered":"EXTRACTOR JET STREAM"},"content":{"rendered":"<div class='av_slideshow_full av-hotspot-image-container avia_animate_when_almost_visible  avia_animated_image avia_animate_when_almost_visible fade-in av-hotspot-blank av-mobile-fallback-active    av-non-fullwidth-hotspot-image '  itemscope=\"itemscope\" itemtype=\"https:\/\/schema.org\/ImageObject\"  ><div class='av-hotspot-container'><div class='av-hotspot-container-inner-cell'><div class='av-hotspot-container-inner-wrap active-slide'><div class='av-image-hotspot' data-avia-tooltip-position='bottom' data-avia-tooltip-alignment='centered' data-avia-tooltip-class='av-tt-default-width av-tt-pos-below av-tt-align-centered  av-mobile-fallback-active  main_color av-tt-hotspot' data-avia-tooltip='&lt;p&gt;Posible instalaci\u00f3n de Downlights&lt;\/p&gt;\n' style='top: 47.7%; left: 8%; '><div class='av-image-hotspot_inner' style='background-color: #003399; color: #ffffff;'>1<\/div><div class='av-image-hotspot-pulse' style='background-color:#ffffff;'><\/div><\/div><div class='av-image-hotspot' data-avia-tooltip-position='bottom' data-avia-tooltip-alignment='centered' data-avia-tooltip-class='av-tt-large-width av-tt-pos-below av-tt-align-centered  av-mobile-fallback-active  main_color av-tt-hotspot' data-avia-tooltip='&lt;p&gt;La longitud del tubo extractor y la caja separadora son flexibles y se pueden ajustar bajo pedido&lt;\/p&gt;\n' style='top: 50%; left: 40.5%; '><div class='av-image-hotspot_inner' style='background-color: #003399; color: #ffffff;'>2<\/div><div class='av-image-hotspot-pulse' style='background-color:#ffffff;'><\/div><\/div><div class='av-image-hotspot' data-avia-tooltip-position='bottom' data-avia-tooltip-alignment='centered' data-avia-tooltip-class='av-tt-default-width av-tt-pos-below av-tt-align-centered  av-mobile-fallback-active  main_color av-tt-hotspot' data-avia-tooltip='&lt;p&gt;La longitud del tubo extractor y la caja separadora son flexibles y se pueden ajustar bajo pedido&lt;\/p&gt;\n' style='top: 51.2%; left: 77%; '><div class='av-image-hotspot_inner' style='background-color: #003399; '>3<\/div><div class='av-image-hotspot-pulse' ><\/div><\/div><div class='av-image-hotspot' data-avia-tooltip-position='bottom' data-avia-tooltip-alignment='centered' data-avia-tooltip-class='av-tt-default-width av-tt-pos-below av-tt-align-centered  av-mobile-fallback-active  main_color av-tt-hotspot' data-avia-tooltip='&lt;p&gt;La caja separadora se puede instalar en la cavidad del techo&lt;\/p&gt;\n' style='top: 47.8%; left: 14.5%; '><div class='av-image-hotspot_inner' style='background-color: #003399; '>4<\/div><div class='av-image-hotspot-pulse' ><\/div><\/div><div class='av-image-hotspot' data-avia-tooltip-position='top' data-avia-tooltip-alignment='centered' data-avia-tooltip-class='av-tt-large-width av-tt-pos-above av-tt-align-centered  av-mobile-fallback-active  main_color av-tt-hotspot' data-avia-tooltip='&lt;p&gt;El cristal de seguridad se suministra bajo pedido del cliente, con medida individual adaptable a las medidas locales&lt;\/p&gt;\n' style='top: 65.1%; left: 48.7%; '><div class='av-image-hotspot_inner' style='background-color: #003399; '>5<\/div><div class='av-image-hotspot-pulse' ><\/div><\/div><img class='avia_image ' src='https:\/\/gifactivevent.clients.bluedom.ch\/wp-content\/uploads\/2017\/02\/EM_Werbung_Skyloop_GIF_Vorschau-26_bearb-e1488802786788-1132x430.jpg' alt='GIF ventilated ceiling show cooking' title='GIF D\u00fcsenplattenabsaugung_Frontcooking'   itemprop=\"contentURL\"  \/><\/div><\/div><\/div><div class='av-hotspot-fallback-tooltip'><div class='av-hotspot-fallback-tooltip-count'>1<div class='avia-arrow'><\/div><\/div><div class='av-hotspot-fallback-tooltip-inner clearfix'><p>\nPosible instalaci\u00f3n de Downlights<\/p>\n<\/div><\/div><div class='av-hotspot-fallback-tooltip'><div class='av-hotspot-fallback-tooltip-count'>2<div class='avia-arrow'><\/div><\/div><div class='av-hotspot-fallback-tooltip-inner clearfix'><p>\nLa longitud del tubo extractor y la caja separadora son flexibles y se pueden ajustar bajo pedido<\/p>\n<\/div><\/div><div class='av-hotspot-fallback-tooltip'><div class='av-hotspot-fallback-tooltip-count'>3<div class='avia-arrow'><\/div><\/div><div class='av-hotspot-fallback-tooltip-inner clearfix'><p>\nLa longitud del tubo extractor y la caja separadora son flexibles y se pueden ajustar bajo pedido<\/p>\n<\/div><\/div><div class='av-hotspot-fallback-tooltip'><div class='av-hotspot-fallback-tooltip-count'>4<div class='avia-arrow'><\/div><\/div><div class='av-hotspot-fallback-tooltip-inner clearfix'><p>\nLa caja separadora se puede instalar en la cavidad del techo<\/p>\n<\/div><\/div><div class='av-hotspot-fallback-tooltip'><div class='av-hotspot-fallback-tooltip-count'>5<div class='avia-arrow'><\/div><\/div><div class='av-hotspot-fallback-tooltip-inner clearfix'><p>\nEl cristal de seguridad se suministra bajo pedido del cliente, con medida individual adaptable a las medidas locales<\/p>\n<\/div><\/div><\/div>\n<\/div><\/div><\/div><!-- close content main div --><\/div><\/div><div id='blue-page-hr' class='avia-section main_color avia-section-no-padding avia-no-border-styling avia-bg-style-scroll  av-minimum-height av-minimum-height-custom container_wrap fullsize' style = 'background-color: #0e1f9f; background-color: #0e1f9f; '  ><div class='container' style='height:50px'><div class='template-page content  av-content-full alpha units'><div class='post-entry post-entry-type-page post-entry-7071'><div class='entry-content-wrapper clearfix'>\n<div style='height:25px' class='hr hr-invisible '><span class='hr-inner ' ><span class='hr-inner-style'><\/span><\/span><\/div>\n<div class=\"flex_column av_one_full  flex_column_div av-zero-column-padding first  \" style='border-radius:0px; '><div class=\"tabcontainer  top_tab  \">\n\n<section class=\"av_tab_section\"  itemscope=\"itemscope\" itemtype=\"https:\/\/schema.org\/CreativeWork\" >    <div data-fake-id=\"#tab-id-1\" class=\"tab active_tab\"  itemprop=\"headline\" >DESCRIPCI\u00d3N DEL SISTEMA<\/div>\n    <div id=\"tab-id-1-container\" class=\"tab_content active_tab_content\">\n        <div class=\"tab_inner_content invers-color\"  itemprop=\"text\" >\n<div class=\"gdc_row\"><div class=\"gdc_column gdc_chalf\"><div class=\"gdc_inner\"><\/p>\n<p><div  data-size='magazine'  data-lightbox_size='large'  data-animation='slide'  data-ids='1175,2407'  data-video_counter='0'  data-autoplay='true'  data-bg_slider='false'  data-slide_height=''  data-handle='av_slideshow'  data-interval='5'  data-class=''  data-css_id=''  data-scroll_down=''  data-control_layout='av-control-minimal'  data-custom_markup=''  data-perma_caption=''  data-autoplay_stopper=''  data-image_attachment=''  data-min_height='0px'  data-default-height='52.8169014085'  class='avia-slideshow avia-slideshow-1  av-control-minimal av-default-height-applied avia-slideshow-magazine av_slideshow  avia-slide-slider '  itemscope=\"itemscope\" itemtype=\"https:\/\/schema.org\/ImageObject\" ><ul class='avia-slideshow-inner' style='padding-bottom: 52.8169014085%;'><\/ul><\/div><\/p>\n<p>Un <em>schow cooking<\/em> con un ambiente de la atm\u00f3sfera no contaminado:<\/p>\n<p>El <em>schow cooking<\/em> es una de las nuevas tendencias en el negocio de la restauraci\u00f3n. Sin embargo, en esta \u00e1rea es casi imposible extraer vapores creados al cocinar por medio de sistemas de extracci\u00f3n convencionales (por ejemplo, campanas). El flujo de aire cruzado se crea, por ejemplo, por una geometr\u00eda espacial abierta o por hu\u00e9spedes que ocupan la sala. Los vapores que son en realidad, grasas, olores y sustancias nocivas; al no llegar a la campana de extracci\u00f3n se dispersan por la sala y las \u00e1reas adyacentes.<\/p>\n<p><\/div><\/div><div class=\"gdc_column gdc_chalf\"><div class=\"gdc_inner\"><\/p>\n<p>Las consecuencias son la aparici\u00f3n de depositos de grasa en las superficies y sus olores se diseminan por todos los lados. GIF ActiveVent, una de las marcas l\u00edderes en la tecnolog\u00eda de las cocinas industriales, presenta el Extractor Jet Stream, el cual garantiza unas condiciones perfectas del aire para los schow cooking.<\/p>\n<p>El elegante y sofisticado Extractor Jet Stream es una excelente soluci\u00f3n para este tipo de cocinas. En lugar de una campana de ventilaci\u00f3n convencional, se instala una placa de vidrio con tubos de extracci\u00f3n de acero inoxidable en altura del t\u00f3rax por encima de los puntos de cocinado.<\/p>\n<p>El Extractor Jet Stream GIF extrae rapidamente los vapores de la cocci\u00f3n por encima de woks y parrillas. La boca del chorro est\u00e1 insertada en la placa de vidrio. Esta soluci\u00f3n proporciona resultados perfectos, ya que el flujo cruzado no influye en que lo vapores de cocci\u00f3n sean extraidos por el Jet Stream gracias al efecto tornado de alta velocidad. Como resultado, practicamente no se difunden olores ni sustancias nocivas en la sala: el extractor de chorro a presi\u00f3n GIF protege al personal de la cocina y a los hu\u00e9spedes de las emisiones de sustancias nocivas.<\/p>\n<p><\/div><\/div><\/div>\n\n        <\/div>\n    <\/div>\n<\/section>\n\n<section class=\"av_tab_section\"  itemscope=\"itemscope\" itemtype=\"https:\/\/schema.org\/CreativeWork\" >    <div data-fake-id=\"#tab-id-2\" class=\"tab \"  itemprop=\"headline\" >HECHOS Y VENTAJAS <\/div>\n    <div id=\"tab-id-2-container\" class=\"tab_content \">\n        <div class=\"tab_inner_content invers-color\"  itemprop=\"text\" >\n<div class=\"gdc_row\"><div class=\"gdc_column gdc_chalf\"><div class=\"gdc_inner\"><\/p>\n<ul>\n<li>Extracci\u00f3n de las emisiones (vapores de cocinado) inmediatamente por encima de equipamiento de cocina y fritura con una eficiencia de extracci\u00f3n de hasta el 95 %<\/li>\n<li>Casi no hay olores, aerosoles o contaminantes en la sala<\/li>\n<li>El Extractor Jet Stream es especialmente adecuado para \u00e1reas en las que el flujo cruzado hace que la extracci\u00f3n con sistemas convencionales sea casi imposible<\/li>\n<li>Se puede adaptar de manera flexible para encajar en las formas del mostrador<\/li>\n<\/ul>\n<p><\/div><\/div><div class=\"gdc_column gdc_chalf\"><div class=\"gdc_inner\"><\/p>\n<ul>\n<li>La reducci\u00f3n de la contaminaci\u00f3n en el \u00e1rea de trabajo o el entorno laboral ha sido certificada por la asociaci\u00f3n comercial correspondiente<\/li>\n<li>Es posible integrar iluminaci\u00f3n y mensajes promocionales<\/li>\n<li>Disponibilidad de instalar 1-2-3 o m\u00faltiples Jet Stream<\/li>\n<li>La posible instalaci\u00f3n de la caja de aire de extracci\u00f3n sobre el techo facilita dise\u00f1os est\u00e9ticos<\/li>\n<li>Posible soluci\u00f3n a medida<\/li>\n<\/ul>\n<p><\/div><\/div><\/div>\n\n        <\/div>\n    <\/div>\n<\/section>\n\n<section class=\"av_tab_section\"  itemscope=\"itemscope\" itemtype=\"https:\/\/schema.org\/CreativeWork\" >    <div data-fake-id=\"#tab-id-3\" class=\"tab \"  itemprop=\"headline\" >DATOS T\u00c9CNICOS<\/div>\n    <div id=\"tab-id-3-container\" class=\"tab_content \">\n        <div class=\"tab_inner_content invers-color\"  itemprop=\"text\" >\n<div class=\"gdc_row\"><div class=\"gdc_column gdc_chalf\"><div class=\"gdc_inner\"><br \/>\n<img loading=\"lazy\" decoding=\"async\" class=\"alignleft wp-image-780 size-extra_large\" src=\"https:\/\/gifactivevent.clients.bluedom.ch\/wp-content\/uploads\/2017\/04\/Technische_Daten_Duesenplatte-1500x955.jpg\" width=\"1500\" height=\"955\" \/><br \/>\n<\/div><\/div><div class=\"gdc_column gdc_chalf\"><div class=\"gdc_inner\"><\/p>\n<table class=\"gif_table\">\n<tbody>\n<tr>\n<th colspan=\"3\"><\/th>\n<\/tr>\n<tr>\n<td>Caudal de aire por tubo de extracci\u00f3n<\/td>\n<td><\/td>\n<td>700-900 m<sup>3<\/sup>\/h<\/td>\n<\/tr>\n<tr>\n<td>Dimensiones del cristal<\/td>\n<td><\/td>\n<td>La placa del cristal y la largura del tubo se adaptan seg\u00fan pedido<\/td>\n<\/tr>\n<tr>\n<td>Perdida de presi\u00f3n<\/td>\n<td><\/td>\n<td>250 Pa<\/td>\n<\/tr>\n<\/tbody>\n<\/table>\n<p><div class='avia-button-wrap avia-button-left '><a href='' class='avia-button  avia-icon_select-no avia-color-theme-color avia-size-small avia-position-left '   ><span class='avia_iconbox_title' >Vease m\u00e1s en Descargas<\/span><\/a><\/div><\/p>\n<p><\/div><\/div><\/div>\n\n        <\/div>\n    <\/div>\n<\/section>\n\n<\/div><\/div><\/div><\/div><\/div><!-- close content main div --><\/div><\/div><div id='full_slider_1' class='avia-fullwidth-slider main_color avia-shadow  container_wrap fullsize'   ><div  data-size='featured'  data-lightbox_size='large'  data-animation='slide'  data-ids='434'  data-video_counter='0'  data-autoplay='false'  data-bg_slider='false'  data-slide_height=''  data-handle='av_slideshow_full'  data-interval='5'  data-class=' '  data-css_id=''  data-scroll_down=''  data-control_layout='av-control-default'  data-custom_markup=''  data-perma_caption='aviaTBperma_caption'  data-autoplay_stopper=''  data-image_attachment=''  data-min_height='0px'  data-src=''  data-position='top left'  data-repeat='no-repeat'  data-attach='scroll'  data-stretch=''  data-default-height='28.6666666667'  class='avia-slideshow avia-slideshow-2  av-control-default av-default-height-applied avia-slideshow-featured av_slideshow_full   avia-slide-slider '  itemscope=\"itemscope\" itemtype=\"https:\/\/schema.org\/ImageObject\" ><ul class='avia-slideshow-inner' style='padding-bottom: 51.4354066986%;'><li  class=' av-single-slide slide-1 ' ><div data-rel='slideshow-2' class='avia-slide-wrap'  ><img src='https:\/\/gifactivevent.clients.bluedom.ch\/wp-content\/uploads\/2017\/02\/GIF_Decken_LANGLEBIGKEIT_DURCH_QUALITAET-836x430.jpg' width='836' height='430' title='Male and female chefs in restaurant kitchen' alt=''  itemprop=\"contentURL\"   \/><\/div><\/li><\/ul><div class = \"caption_fullwidth av-slideshow-caption caption_bottom\"><div class = \"container caption_container\"><div class = \"slideshow_caption\"><div class = \"slideshow_inner_caption\"><div class = \"slideshow_align_caption\"><h2  style='font-size:50px; ' class='avia-caption-title'  itemprop=\"name\" >DURABILIDAD<br \/>\nGRACIAS A LA CALIDAD<\/h2><br\/><a href=''  class='avia-slideshow-button avia-button avia-color-theme-color ' data-duration='800' data-easing='easeInOutQuad'>CERTIFICADOS<\/a><\/div><\/div><\/div><\/div><\/div><\/div><\/div><\/p>\n","protected":false},"excerpt":{"rendered":"","protected":false},"author":2,"featured_media":0,"parent":7537,"menu_order":0,"comment_status":"closed","ping_status":"closed","template":"","meta":{"footnotes":""},"class_list":["post-7071","page","type-page","status-publish","hentry"],"_links":{"self":[{"href":"https:\/\/gifactivevent.clients.bluedom.ch\/es\/wp-json\/wp\/v2\/pages\/7071","targetHints":{"allow":["GET"]}}],"collection":[{"href":"https:\/\/gifactivevent.clients.bluedom.ch\/es\/wp-json\/wp\/v2\/pages"}],"about":[{"href":"https:\/\/gifactivevent.clients.bluedom.ch\/es\/wp-json\/wp\/v2\/types\/page"}],"author":[{"embeddable":true,"href":"https:\/\/gifactivevent.clients.bluedom.ch\/es\/wp-json\/wp\/v2\/users\/2"}],"replies":[{"embeddable":true,"href":"https:\/\/gifactivevent.clients.bluedom.ch\/es\/wp-json\/wp\/v2\/comments?post=7071"}],"version-history":[{"count":4,"href":"https:\/\/gifactivevent.clients.bluedom.ch\/es\/wp-json\/wp\/v2\/pages\/7071\/revisions"}],"predecessor-version":[{"id":8116,"href":"https:\/\/gifactivevent.clients.bluedom.ch\/es\/wp-json\/wp\/v2\/pages\/7071\/revisions\/8116"}],"up":[{"embeddable":true,"href":"https:\/\/gifactivevent.clients.bluedom.ch\/es\/wp-json\/wp\/v2\/pages\/7537"}],"wp:attachment":[{"href":"https:\/\/gifactivevent.clients.bluedom.ch\/es\/wp-json\/wp\/v2\/media?parent=7071"}],"curies":[{"name":"wp","href":"https:\/\/api.w.org\/{rel}","templated":true}]}}