{"id":7080,"date":"2017-02-14T19:21:53","date_gmt":"2017-02-14T18:21:53","guid":{"rendered":"https:\/\/gifactivevent.clients.bluedom.ch\/gif-uv-clean\/"},"modified":"2026-02-27T10:18:29","modified_gmt":"2026-02-27T09:18:29","slug":"gif-uv-clean","status":"publish","type":"page","link":"https:\/\/gifactivevent.clients.bluedom.ch\/es\/system\/productos\/gif-uv-clean\/","title":{"rendered":"GIF UV-C(lean)"},"content":{"rendered":"<div class='av_slideshow_full av-hotspot-image-container avia_animate_when_almost_visible  avia_animated_image avia_animate_when_almost_visible fade-in av-hotspot-blank av-mobile-fallback-active    av-non-fullwidth-hotspot-image '  itemscope=\"itemscope\" itemtype=\"https:\/\/schema.org\/ImageObject\"  ><div class='av-hotspot-container'><div class='av-hotspot-container-inner-cell'><div class='av-hotspot-container-inner-wrap active-slide'><img class='avia_image ' src='https:\/\/gifactivevent.clients.bluedom.ch\/wp-content\/uploads\/2017\/02\/Headder_UVC-lean-1366x430.jpg' alt='' title='Headder_UVC-lean'   itemprop=\"contentURL\"  \/><\/div><\/div><\/div><\/div>\n<\/div><\/div><\/div><!-- close content main div --><\/div><\/div><div id='blue-page-hr' class='avia-section main_color avia-section-no-padding avia-no-border-styling avia-bg-style-scroll  av-minimum-height av-minimum-height-custom container_wrap fullsize' style = 'background-color: #0e1f9f; background-color: #0e1f9f; '  ><div class='container' style='height:50px'><div class='template-page content  av-content-full alpha units'><div class='post-entry post-entry-type-page post-entry-7080'><div class='entry-content-wrapper clearfix'>\n<div style='height:25px' class='hr hr-invisible '><span class='hr-inner ' ><span class='hr-inner-style'><\/span><\/span><\/div>\n<div class=\"flex_column av_one_full  flex_column_div av-zero-column-padding first  \" style='border-radius:0px; '><div class=\"tabcontainer  top_tab  \">\n\n<section class=\"av_tab_section\"  itemscope=\"itemscope\" itemtype=\"https:\/\/schema.org\/CreativeWork\" >    <div data-fake-id=\"#tab-id-1\" class=\"tab active_tab\"  itemprop=\"headline\" >DESCRIPCI\u00d3N DEL SISTEMA<\/div>\n    <div id=\"tab-id-1-container\" class=\"tab_content active_tab_content\">\n        <div class=\"tab_inner_content invers-color\"  itemprop=\"text\" >\n<div class=\"gdc_row\"><div class=\"gdc_column gdc_chalf\"><div class=\"gdc_inner\"><\/p>\n<p><div  data-size='magazine'  data-lightbox_size='large'  data-animation='slide'  data-ids='1178,2409,2410'  data-video_counter='0'  data-autoplay='true'  data-bg_slider='false'  data-slide_height=''  data-handle='av_slideshow'  data-interval='5'  data-class=''  data-css_id=''  data-scroll_down=''  data-control_layout='av-control-minimal'  data-custom_markup=''  data-perma_caption=''  data-autoplay_stopper=''  data-image_attachment=''  data-min_height='0px'  data-default-height='52.8169014085'  class='avia-slideshow avia-slideshow-1  av-control-minimal av-default-height-applied avia-slideshow-magazine av_slideshow  avia-slide-slider '  itemscope=\"itemscope\" itemtype=\"https:\/\/schema.org\/ImageObject\" ><ul class='avia-slideshow-inner' style='padding-bottom: 52.8169014085%;'><\/ul><\/div><\/p>\n<p><strong>Problemas\/peligros causados por dep\u00f3sitos de grasa en sistemas de extracci\u00f3n del aire: <\/strong><\/p>\n<p>Las grandes cantidades de part\u00edculas de grasa abundan con el flujo de aire t\u00e9rmico causado por la cocci\u00f3n, la fritura, etc. Una buena parte de esas part\u00edculas se suele separar con separadores de aerosoles mec\u00e1nicos, los cuales est\u00e1n instalados en camapanas y techos filtrantes. Pero incluso los mejores separadores de aerosol no recogen todas las part\u00edculas de grasa.<\/p>\n<p>Esto conduce a dep\u00f3sitos de grasa en los conductos de extracci\u00f3n de aire y en la planta de escape de los sistemas de aguas abajo.<\/p>\n<p>Como resultado, el riesgo de incendios en estas \u00e1reas aumenta y adem\u00e1s, los problemas de higi\u00e9ne, p.ej. la formaci\u00f3n de moho (debido a los depositos de grasa ricos en nutrientes).<\/p>\n<p>Otro problema puede ser la aparici\u00f3n de olores no deseados en la cocina. Estos no solo surgen al freir, cocinar o hornear, sino tambi\u00e9n por dep\u00f3sitos de grasa dentro de los conductos de extracci\u00f3n de aire.<\/p>\n<p><\/div><\/div><div class=\"gdc_column gdc_chalf\"><div class=\"gdc_inner\"><\/p>\n<p><strong>Limpieza convencional<\/strong>: La limpieza convencional implica el uso de robots, limpiadores de alta presi\u00f3n y productos qu\u00edmicos de alto rendimiento para identificar los dep\u00f3sitos de grasa en los conductos y eliminarlos. Sin embargo, la forma convencional de limpieza solo puede resolver los problemas mencionados anteriormente a corto plazo y solo parcialmente. Muchos lugares en el sistema de conductos no pueden revisarse debido a la falta de escotillas de inspecci\u00f3n. Los productos qu\u00edmicos de alto rendimiento altamente agresivos que se utilizan en la limpieza convencional tambi\u00e9n plantean un problema considerable, sobre todo para los sistemas de alcantarillado m\u00e1s antiguos.<\/p>\n<p><strong>Nuestra soluci\u00f3n:<\/strong> El sistema UV-C(lean) es la soluci\u00f3n definitiva para la descomposici\u00f3n de grasas y aceites org\u00e1nicos en la cocina por medio de luz UVC. Los aceites y las grasas est\u00e1n compuestas de hidrocarburos, los cuales son \u00e1tomos de carbono individuales, que est\u00e1n unidos entre s\u00ed por enlaces simples o m\u00faltiples.<\/p>\n<ol>\n<li>Cuando las sustancias de grasa se irradian con luz UVC una parte de la energ\u00eda de esa luz UVC es absorbida por la grasa o aceite. Las mol\u00e9culas de grasa se pasan a un estado de estimulaci\u00f3n energ\u00e9tica que permite que estas se oxiden m\u00e1s rapidamente.<\/li>\n<li>Al mismo tiempo, se crea el ozono por la acci\u00f3n de la radiacci\u00f3n UVC en las mol\u00e9culas de ox\u00edgeno de aire. La capacidad de oxidaci\u00f3n del ozono es mucho mayor que la del ox\u00edgeno normal del aire.<\/li>\n<\/ol>\n<p>Estos dos procesos permiten que las mol\u00e9culas de grasa se oxiden inmediatamente (\u201ecombusti\u00f3n en frio). Los productos de la oxidaci\u00f3n formada como resultado son compuestos org\u00e1nicos gaseosos, de cadena corta (por ejemplo, di\u00f3xido de carbono), que se eliminan junto con la corriente de la extracci\u00f3n.<\/p>\n<p><\/div><\/div><\/div>\n\n        <\/div>\n    <\/div>\n<\/section>\n\n<section class=\"av_tab_section\"  itemscope=\"itemscope\" itemtype=\"https:\/\/schema.org\/CreativeWork\" >    <div data-fake-id=\"#tab-id-2\" class=\"tab \"  itemprop=\"headline\" >HECHOS Y VENTAJAS<\/div>\n    <div id=\"tab-id-2-container\" class=\"tab_content \">\n        <div class=\"tab_inner_content invers-color\"  itemprop=\"text\" >\n<div class=\"gdc_row\"><div class=\"gdc_column gdc_chalf\"><div class=\"gdc_inner\"><\/p>\n<ul>\n<li>Reducci\u00f3n del peligro de incendio en los equipos de extracci\u00f3n de la cocina<\/li>\n<li>Reduce los costes de limpieza<\/li>\n<li>Mejora de la higi\u00e9ne general<\/li>\n<li>Reduce los olores<\/li>\n<li>Cumple con la norma EN 16282-8<\/li>\n<li>Mejora de la calidad del aire cuando se utilizan equipos de recuperaci\u00f3n de calor de acuerdo con EnEV (Reglamento alem\u00e1n de ahorro energ\u00eda) 2014<\/li>\n<\/ul>\n<p><\/div><\/div><div class=\"gdc_column gdc_chalf\"><div class=\"gdc_inner\"><\/p>\n<ul>\n<li>Suma de factores de seguridad para la protecci\u00f3n personal<\/li>\n<li>Se puede instalar en dispotivos ya en funcionamiento, en campanas de extracci\u00f3n de aire, redes de canales, Techos Filtrantes GIF y Extractor Jet Stream GIF<\/li>\n<li>M\u00e1xima eficiencia en combinaci\u00f3n con techos filtrantes GIF<\/li>\n<li>Tiempo de operaci\u00f3n exclusivo de la l\u00e1mpara UV-C(lean) de 10,000 horas con una p\u00e9rdida m\u00ednima de eficiencia<\/li>\n<li>Casi ninguna incrustaci\u00f3n de grasa en las l\u00e1mparas como resultado del alto rendimiento de la luz ultravioleta por cm<sup> 2<\/sup><\/li>\n<\/ul>\n<p><\/div><\/div><\/div>\n\n        <\/div>\n    <\/div>\n<\/section>\n\n<section class=\"av_tab_section\"  itemscope=\"itemscope\" itemtype=\"https:\/\/schema.org\/CreativeWork\" >    <div data-fake-id=\"#tab-id-3\" class=\"tab \"  itemprop=\"headline\" >DATOS T\u00c9CNICOS ESPEC\u00cdFICOS<\/div>\n    <div id=\"tab-id-3-container\" class=\"tab_content \">\n        <div class=\"tab_inner_content invers-color\"  itemprop=\"text\" >\n<div class=\"gdc_row\"><div class=\"gdc_column gdc_chalf\"><div class=\"gdc_inner\"><br \/>\n<img loading=\"lazy\" decoding=\"async\" class=\"aligncenter wp-image-8129 size-full\" src=\"https:\/\/gifactivevent.clients.bluedom.ch\/wp-content\/uploads\/2026\/02\/UV_Clean_TD_EN-scaled.jpg\" alt=\"\" width=\"2560\" height=\"1809\" srcset=\"https:\/\/gifactivevent.clients.bluedom.ch\/wp-content\/uploads\/2026\/02\/UV_Clean_TD_EN-scaled.jpg 2560w, https:\/\/gifactivevent.clients.bluedom.ch\/wp-content\/uploads\/2026\/02\/UV_Clean_TD_EN-300x212.jpg 300w, https:\/\/gifactivevent.clients.bluedom.ch\/wp-content\/uploads\/2026\/02\/UV_Clean_TD_EN-1030x728.jpg 1030w, https:\/\/gifactivevent.clients.bluedom.ch\/wp-content\/uploads\/2026\/02\/UV_Clean_TD_EN-768x543.jpg 768w, https:\/\/gifactivevent.clients.bluedom.ch\/wp-content\/uploads\/2026\/02\/UV_Clean_TD_EN-1536x1085.jpg 1536w, https:\/\/gifactivevent.clients.bluedom.ch\/wp-content\/uploads\/2026\/02\/UV_Clean_TD_EN-2048x1447.jpg 2048w, https:\/\/gifactivevent.clients.bluedom.ch\/wp-content\/uploads\/2026\/02\/UV_Clean_TD_EN-1500x1060.jpg 1500w, https:\/\/gifactivevent.clients.bluedom.ch\/wp-content\/uploads\/2026\/02\/UV_Clean_TD_EN-260x185.jpg 260w, https:\/\/gifactivevent.clients.bluedom.ch\/wp-content\/uploads\/2026\/02\/UV_Clean_TD_EN-705x498.jpg 705w, https:\/\/gifactivevent.clients.bluedom.ch\/wp-content\/uploads\/2026\/02\/UV_Clean_TD_EN-450x318.jpg 450w\" sizes=\"auto, (max-width: 2560px) 100vw, 2560px\" \/><br \/>\n<\/div><\/div><div class=\"gdc_column gdc_chalf\"><div class=\"gdc_inner\"><\/p>\n<table class=\"gif_table\">\n<tbody>\n<tr>\n<th colspan=\"3\"><\/th>\n<\/tr>\n<tr>\n<td>Rendimiento<\/td>\n<td><\/td>\n<td>Entre 130 y 180 W por l\u00e1mpara, uso seg\u00fan las necesidades individuales<\/td>\n<\/tr>\n<tr>\n<td>Tiempo de funcionamiento\/ Vida de servicio de la l\u00e1mpara<\/td>\n<td><\/td>\n<td>10,000 horas<\/td>\n<\/tr>\n<\/tbody>\n<\/table>\n<p><div class='avia-button-wrap avia-button-left '><a href='' class='avia-button  avia-icon_select-no avia-color-theme-color avia-size-small avia-position-left '   ><span class='avia_iconbox_title' >Vease m\u00e1s en Descargas<\/span><\/a><\/div><\/p>\n<p><\/div><\/div><\/div>\n\n        <\/div>\n    <\/div>\n<\/section>\n\n<\/div><\/div><\/div><\/div><\/div><!-- close content main div --><\/div><\/div><div id='full_slider_1' class='avia-fullwidth-slider main_color avia-shadow  container_wrap fullsize'   ><div  data-size='featured'  data-lightbox_size='large'  data-animation='slide'  data-ids='434'  data-video_counter='0'  data-autoplay='false'  data-bg_slider='false'  data-slide_height=''  data-handle='av_slideshow_full'  data-interval='5'  data-class=' '  data-css_id=''  data-scroll_down=''  data-control_layout='av-control-default'  data-custom_markup=''  data-perma_caption='aviaTBperma_caption'  data-autoplay_stopper=''  data-image_attachment=''  data-min_height='0px'  data-src=''  data-position='top left'  data-repeat='no-repeat'  data-attach='scroll'  data-stretch=''  data-default-height='28.6666666667'  class='avia-slideshow avia-slideshow-2  av-control-default av-default-height-applied avia-slideshow-featured av_slideshow_full   avia-slide-slider '  itemscope=\"itemscope\" itemtype=\"https:\/\/schema.org\/ImageObject\" ><ul class='avia-slideshow-inner' style='padding-bottom: 51.4354066986%;'><li  class=' av-single-slide slide-1 ' ><div data-rel='slideshow-2' class='avia-slide-wrap'  ><img src='https:\/\/gifactivevent.clients.bluedom.ch\/wp-content\/uploads\/2017\/02\/GIF_Decken_LANGLEBIGKEIT_DURCH_QUALITAET-836x430.jpg' width='836' height='430' title='Male and female chefs in restaurant kitchen' alt=''  itemprop=\"contentURL\"   \/><\/div><\/li><\/ul><div class = \"caption_fullwidth av-slideshow-caption caption_bottom\"><div class = \"container caption_container\"><div class = \"slideshow_caption\"><div class = \"slideshow_inner_caption\"><div class = \"slideshow_align_caption\"><h2  style='font-size:50px; ' class='avia-caption-title'  itemprop=\"name\" >DURABILIDAD<br \/>\nGRACIAS A LA CALIDAD<\/h2><br\/><a href=''  class='avia-slideshow-button avia-button avia-color-theme-color ' data-duration='800' data-easing='easeInOutQuad'>CERTIFICADOS<\/a><\/div><\/div><\/div><\/div><\/div><\/div><\/div><\/p>\n","protected":false},"excerpt":{"rendered":"","protected":false},"author":2,"featured_media":0,"parent":7537,"menu_order":0,"comment_status":"closed","ping_status":"closed","template":"","meta":{"footnotes":""},"class_list":["post-7080","page","type-page","status-publish","hentry"],"_links":{"self":[{"href":"https:\/\/gifactivevent.clients.bluedom.ch\/es\/wp-json\/wp\/v2\/pages\/7080","targetHints":{"allow":["GET"]}}],"collection":[{"href":"https:\/\/gifactivevent.clients.bluedom.ch\/es\/wp-json\/wp\/v2\/pages"}],"about":[{"href":"https:\/\/gifactivevent.clients.bluedom.ch\/es\/wp-json\/wp\/v2\/types\/page"}],"author":[{"embeddable":true,"href":"https:\/\/gifactivevent.clients.bluedom.ch\/es\/wp-json\/wp\/v2\/users\/2"}],"replies":[{"embeddable":true,"href":"https:\/\/gifactivevent.clients.bluedom.ch\/es\/wp-json\/wp\/v2\/comments?post=7080"}],"version-history":[{"count":5,"href":"https:\/\/gifactivevent.clients.bluedom.ch\/es\/wp-json\/wp\/v2\/pages\/7080\/revisions"}],"predecessor-version":[{"id":8128,"href":"https:\/\/gifactivevent.clients.bluedom.ch\/es\/wp-json\/wp\/v2\/pages\/7080\/revisions\/8128"}],"up":[{"embeddable":true,"href":"https:\/\/gifactivevent.clients.bluedom.ch\/es\/wp-json\/wp\/v2\/pages\/7537"}],"wp:attachment":[{"href":"https:\/\/gifactivevent.clients.bluedom.ch\/es\/wp-json\/wp\/v2\/media?parent=7080"}],"curies":[{"name":"wp","href":"https:\/\/api.w.org\/{rel}","templated":true}]}}