{"id":7116,"date":"2017-01-22T16:09:24","date_gmt":"2017-01-22T15:09:24","guid":{"rendered":"https:\/\/gifactivevent.clients.bluedom.ch\/zertifikate\/"},"modified":"2026-03-10T11:57:20","modified_gmt":"2026-03-10T10:57:20","slug":"certificaciones","status":"publish","type":"page","link":"https:\/\/gifactivevent.clients.bluedom.ch\/es\/system\/certificaciones\/","title":{"rendered":"Certificaciones"},"content":{"rendered":"<\/div><\/div><\/div><!-- close content main div --><\/div><\/div><div id='full_slider_1' class='avia-fullwidth-slider main_color avia-shadow  container_wrap fullsize'   ><div  data-size='featured'  data-lightbox_size='large'  data-animation='slide'  data-ids='872'  data-video_counter='0'  data-autoplay='false'  data-bg_slider='false'  data-slide_height=''  data-handle='av_slideshow_full'  data-interval='5'  data-class=' '  data-css_id=''  data-scroll_down=''  data-control_layout='av-control-default'  data-custom_markup=''  data-perma_caption=''  data-autoplay_stopper=''  data-image_attachment=''  data-min_height='0px'  data-src=''  data-position='top left'  data-repeat='no-repeat'  data-attach='scroll'  data-stretch=''  data-default-height='28.6666666667'  class='avia-slideshow avia-slideshow-1  av-control-default av-default-height-applied avia-slideshow-featured av_slideshow_full   avia-slide-slider '  itemscope=\"itemscope\" itemtype=\"https:\/\/schema.org\/ImageObject\" ><ul class='avia-slideshow-inner' style='padding-bottom: 28.6666666667%;'><\/ul><\/div><\/div>\n<\/div><\/div><\/div><!-- close content main div --><\/div><\/div><div id='blue-page-hr' class='avia-section main_color avia-section-no-padding avia-no-border-styling avia-bg-style-scroll  av-minimum-height av-minimum-height-custom container_wrap fullsize' style = 'background-color: #7bb0e7; background-color: #7bb0e7; '  ><div class='container' style='height:50px'><div class='template-page content  av-content-full alpha units'><div class='post-entry post-entry-type-page post-entry-7116'><div class='entry-content-wrapper clearfix'>\n<div class=\"flex_column av_one_full  flex_column_div av-zero-column-padding first  \" style='border-radius:0px; '><div style='padding-bottom:10px;color:#999999;' class='av-special-heading av-special-heading-h2 custom-color-heading blockquote modern-quote '><h2 class='av-special-heading-tag'  itemprop=\"headline\"  >DURABILIDAD A TRAV\u00c9S DE LA CALIDAD<\/h2><div class='special-heading-border'><div class='special-heading-inner-border' style='border-color:#999999'><\/div><\/div><\/div><\/div>\n<div class=\"flex_column av_one_full  flex_column_div av-zero-column-padding first  \" style='border-radius:0px; '><div style='padding-bottom:0px;color:#0e1f9f;' class='av-special-heading av-special-heading-h3 custom-color-heading blockquote modern-quote '><h3 class='av-special-heading-tag'  itemprop=\"headline\"  >Cinco d\u00e9cadas de experi\u00e9ncia<\/h3><div class='special-heading-border'><div class='special-heading-inner-border' style='border-color:#0e1f9f'><\/div><\/div><\/div><\/div><div class=\"flex_column av_one_third  flex_column_div av-zero-column-padding first  \" style='margin-top:0px; margin-bottom:0px; border-radius:0px; '><section class=\"av_textblock_section\"  itemscope=\"itemscope\" itemtype=\"https:\/\/schema.org\/CreativeWork\" ><div class='avia_textblock '   itemprop=\"text\" ><div class=\"page\" title=\"Page 7\">\n<div class=\"layoutArea\">\n<div class=\"column\">\n<p>Las ventas, dise\u00f1o y producci\u00f3n de nuestra compa\u00f1\u00eda cumplen con los requisitos del control de calidad de la ISO 9001:2015<\/p>\n<p>La estructura del techo en acero inoxidable AISI 304 constituye la base para un sistema totalmente resistente a las llamas. Los componentes de nuestro techo siguen procesos t\u00e9cnicos de fabricaci\u00f3n sofisticados seg\u00fan HACCP para ser producidos, probados e instalados por profesionales autorizados desde hace tiempo por GIF ActiveVent.<\/p>\n<p>Los siguientes certificados e informes de los test realizados muestran la calidad del Sistema GIF:<\/p>\n<\/div>\n<ul>\n<li>HACCP<\/li>\n<li>ISO 9001, T\u00dcV S\u00fcd<\/li>\n<li>Inspecci\u00f3n microbiol\u00f3gica; Instituto BAV Offenburg<\/li>\n<li>EN 16282-6:2020 Examen de seguridad contra penetraci\u00f3n de llamas por T\u00dcV S\u00fcd<\/li>\n<li>Informe de comportamiento del fuego, ministerio Walld\u00fcrn<\/li>\n<li>Evaluaci\u00f3n de expertos, gremio de chimenes de Darmstadt<\/li>\n<li>An\u00e1lisis macro y microbiol\u00f3gico, Universidad de Freiburg<\/li>\n<li>Asesoramiento en mat\u00e9ria ac\u00fastica de las salas, ISW<\/li>\n<\/ul>\n<\/div>\n<\/div>\n<\/div><\/section><\/div><\/p>\n<div class=\"flex_column av_two_third  flex_column_div av-zero-column-padding   \" style='margin-top:0px; margin-bottom:0px; border-width:10px; border-color:#ebebeb; border-style:solid; background-color:#ebebeb; border-radius:0px; '><div  data-autoplay='true'  data-interval='5'  data-animation='slide'  data-show_slide_delay='30'  class='avia-content-slider-element-container avia-content-slider-element-slider avia-content-slider avia-smallarrow-slider avia-content-slider-active avia-content-slider1 avia-content-slider-odd ' ><div class='avia-smallarrow-slider-heading  no-content-slider-heading '><div class='new-special-heading'>&nbsp;<\/div><div class='avia-slideshow-arrows avia-slideshow-controls'><a href='#prev' class='prev-slide' aria-hidden='true' data-av_icon='\ue87c' data-av_iconfont='entypo-fontello'>Anterior<\/a><a href='#next' class='next-slide' aria-hidden='true' data-av_icon='\ue87d' data-av_iconfont='entypo-fontello'>Posterior<\/a><\/div><\/div><div class='avia-content-slider-inner'><div class='slide-entry-wrap'><section class='slide-entry flex_column post-entry slide-entry-overview slide-loop-1 slide-parity-odd  av_one_third first'  itemscope=\"itemscope\" itemtype=\"https:\/\/schema.org\/CreativeWork\" ><h3 class='slide-entry-title entry-title'  itemprop=\"headline\" >Zertifizierung<\/h3><div class='slide-entry-excerpt entry-content'  itemprop=\"text\" ><p><img loading=\"lazy\" decoding=\"async\" class=\"aligncenter size-full wp-image-8011\" src=\"https:\/\/gifactivevent.clients.bluedom.ch\/wp-content\/uploads\/2026\/02\/HACCP_Certificate_2025-2027.png\" alt=\"\" width=\"1336\" height=\"1930\" srcset=\"https:\/\/gifactivevent.clients.bluedom.ch\/wp-content\/uploads\/2026\/02\/HACCP_Certificate_2025-2027.png 1336w, https:\/\/gifactivevent.clients.bluedom.ch\/wp-content\/uploads\/2026\/02\/HACCP_Certificate_2025-2027-208x300.png 208w, https:\/\/gifactivevent.clients.bluedom.ch\/wp-content\/uploads\/2026\/02\/HACCP_Certificate_2025-2027-713x1030.png 713w, https:\/\/gifactivevent.clients.bluedom.ch\/wp-content\/uploads\/2026\/02\/HACCP_Certificate_2025-2027-768x1109.png 768w, https:\/\/gifactivevent.clients.bluedom.ch\/wp-content\/uploads\/2026\/02\/HACCP_Certificate_2025-2027-1063x1536.png 1063w, https:\/\/gifactivevent.clients.bluedom.ch\/wp-content\/uploads\/2026\/02\/HACCP_Certificate_2025-2027-1038x1500.png 1038w, https:\/\/gifactivevent.clients.bluedom.ch\/wp-content\/uploads\/2026\/02\/HACCP_Certificate_2025-2027-488x705.png 488w, https:\/\/gifactivevent.clients.bluedom.ch\/wp-content\/uploads\/2026\/02\/HACCP_Certificate_2025-2027-450x650.png 450w\" sizes=\"auto, (max-width: 1336px) 100vw, 1336px\" \/><\/p>\n<div style='height:10px' class='hr hr-invisible '><span class='hr-inner ' ><span class='hr-inner-style'><\/span><\/span><\/div>\n<p style=\"text-align: left;\">HACCP<br \/>\n<a href=\"https:\/\/gifactivevent.clients.bluedom.ch\/wp-content\/uploads\/2022\/09\/HACCP-Certificate-2025-2027.pdf\" target=\"_blank\" rel=\"noopener noreferrer\">Download<\/a><\/p>\n<\/div><\/section><section class='slide-entry flex_column post-entry slide-entry-overview slide-loop-2 slide-parity-even  av_one_third '  itemscope=\"itemscope\" itemtype=\"https:\/\/schema.org\/CreativeWork\" ><h3 class='slide-entry-title entry-title'  itemprop=\"headline\" >Zertifizierung<\/h3><div class='slide-entry-excerpt entry-content'  itemprop=\"text\" ><p><img loading=\"lazy\" decoding=\"async\" class=\"aligncenter wp-image-4661 size-full\" src=\"https:\/\/gifactivevent.clients.bluedom.ch\/wp-content\/uploads\/2017\/01\/T\u00dcV-ISO-9001_Zertifikat_deutsch.jpg\" alt=\"\" width=\"1242\" height=\"1756\" srcset=\"https:\/\/gifactivevent.clients.bluedom.ch\/wp-content\/uploads\/2017\/01\/T\u00dcV-ISO-9001_Zertifikat_deutsch.jpg 1242w, https:\/\/gifactivevent.clients.bluedom.ch\/wp-content\/uploads\/2017\/01\/T\u00dcV-ISO-9001_Zertifikat_deutsch-212x300.jpg 212w, https:\/\/gifactivevent.clients.bluedom.ch\/wp-content\/uploads\/2017\/01\/T\u00dcV-ISO-9001_Zertifikat_deutsch-768x1086.jpg 768w, https:\/\/gifactivevent.clients.bluedom.ch\/wp-content\/uploads\/2017\/01\/T\u00dcV-ISO-9001_Zertifikat_deutsch-729x1030.jpg 729w, https:\/\/gifactivevent.clients.bluedom.ch\/wp-content\/uploads\/2017\/01\/T\u00dcV-ISO-9001_Zertifikat_deutsch-1061x1500.jpg 1061w, https:\/\/gifactivevent.clients.bluedom.ch\/wp-content\/uploads\/2017\/01\/T\u00dcV-ISO-9001_Zertifikat_deutsch-499x705.jpg 499w, https:\/\/gifactivevent.clients.bluedom.ch\/wp-content\/uploads\/2017\/01\/T\u00dcV-ISO-9001_Zertifikat_deutsch-450x636.jpg 450w\" sizes=\"auto, (max-width: 1242px) 100vw, 1242px\" \/><\/p>\n<div style='height:10px' class='hr hr-invisible '><span class='hr-inner ' ><span class='hr-inner-style'><\/span><\/span><\/div>\n<p>ISO 9001, vom T\u00dcV S\u00fcd<br \/>\n<a href=\"https:\/\/gifactivevent.clients.bluedom.ch\/wp-content\/uploads\/2022\/09\/TUeV-ISO-9001_Certificate_english_2024-2027.pdf\" target=\"_blank\" rel=\"noopener noreferrer\">Download<\/a><\/p>\n<\/div><\/section><section class='slide-entry flex_column post-entry slide-entry-overview slide-loop-3 slide-parity-odd  av_one_third '  itemscope=\"itemscope\" itemtype=\"https:\/\/schema.org\/CreativeWork\" ><h3 class='slide-entry-title entry-title'  itemprop=\"headline\" >Zertifizierung<\/h3><div class='slide-entry-excerpt entry-content'  itemprop=\"text\" ><p><img loading=\"lazy\" decoding=\"async\" class=\"size-full wp-image-1185 alignnone\" src=\"http:\/\/gifactivevent.clients.bluedom.ch\/wp-content\/uploads\/2017\/01\/Zertifikat.jpg\" alt=\"\" width=\"347\" height=\"490\" srcset=\"https:\/\/gifactivevent.clients.bluedom.ch\/wp-content\/uploads\/2017\/01\/Zertifikat.jpg 347w, https:\/\/gifactivevent.clients.bluedom.ch\/wp-content\/uploads\/2017\/01\/Zertifikat-212x300.jpg 212w\" sizes=\"auto, (max-width: 347px) 100vw, 347px\" \/><\/p>\n<div style='height:10px' class='hr hr-invisible '><span class='hr-inner ' ><span class='hr-inner-style'><\/span><\/span><\/div>\n<p>Mikrobiologisches Gutachten,\u00a0BAV Institut Offenburg<br \/>\n<a href=\"https:\/\/gifactivevent.clients.bluedom.ch\/wp-content\/uploads\/2017\/02\/BAV.pdf\" target=\"_blank\" rel=\"noopener noreferrer\">Download<\/a><\/p>\n<\/div><\/section><\/div><div class='slide-entry-wrap'><section class='slide-entry flex_column post-entry slide-entry-overview slide-loop-4 slide-parity-odd  av_one_third first'  itemscope=\"itemscope\" itemtype=\"https:\/\/schema.org\/CreativeWork\" ><h3 class='slide-entry-title entry-title'  itemprop=\"headline\" >Zertifizierung<\/h3><div class='slide-entry-excerpt entry-content'  itemprop=\"text\" ><p><img loading=\"lazy\" decoding=\"async\" class=\"aligncenter wp-image-4665 size-full\" src=\"https:\/\/gifactivevent.clients.bluedom.ch\/wp-content\/uploads\/2018\/08\/TNO.jpg\" alt=\"\" width=\"2480\" height=\"3508\" srcset=\"https:\/\/gifactivevent.clients.bluedom.ch\/wp-content\/uploads\/2018\/08\/TNO.jpg 2480w, https:\/\/gifactivevent.clients.bluedom.ch\/wp-content\/uploads\/2018\/08\/TNO-212x300.jpg 212w, https:\/\/gifactivevent.clients.bluedom.ch\/wp-content\/uploads\/2018\/08\/TNO-768x1086.jpg 768w, https:\/\/gifactivevent.clients.bluedom.ch\/wp-content\/uploads\/2018\/08\/TNO-728x1030.jpg 728w, https:\/\/gifactivevent.clients.bluedom.ch\/wp-content\/uploads\/2018\/08\/TNO-1060x1500.jpg 1060w, https:\/\/gifactivevent.clients.bluedom.ch\/wp-content\/uploads\/2018\/08\/TNO-498x705.jpg 498w, https:\/\/gifactivevent.clients.bluedom.ch\/wp-content\/uploads\/2018\/08\/TNO-450x637.jpg 450w\" sizes=\"auto, (max-width: 2480px) 100vw, 2480px\" \/><\/p>\n<div style='height:10px' class='hr hr-invisible '><span class='hr-inner ' ><span class='hr-inner-style'><\/span><\/span><\/div>\n<p>Untersuchung \u00fcber das Brandverhalten, IBBC Institut<br \/>\n<a href=\"https:\/\/gifactivevent.clients.bluedom.ch\/wp-content\/uploads\/2018\/08\/Brandverhalten_neu.pdf\" target=\"_blank\" rel=\"noopener noreferrer\">Download<\/a><\/p>\n<\/div><\/section><section class='slide-entry flex_column post-entry slide-entry-overview slide-loop-5 slide-parity-even  av_one_third '  itemscope=\"itemscope\" itemtype=\"https:\/\/schema.org\/CreativeWork\" ><h3 class='slide-entry-title entry-title'  itemprop=\"headline\" >Zertifizierung<\/h3><div class='slide-entry-excerpt entry-content'  itemprop=\"text\" ><p><img loading=\"lazy\" decoding=\"async\" class=\"aligncenter size-full wp-image-2039\" src=\"http:\/\/gifactivevent.clients.bluedom.ch\/wp-content\/uploads\/2017\/02\/DIN_18869-1.jpg\" alt=\"\" width=\"2480\" height=\"3508\" srcset=\"https:\/\/gifactivevent.clients.bluedom.ch\/wp-content\/uploads\/2017\/02\/DIN_18869-1.jpg 2480w, https:\/\/gifactivevent.clients.bluedom.ch\/wp-content\/uploads\/2017\/02\/DIN_18869-1-212x300.jpg 212w, https:\/\/gifactivevent.clients.bluedom.ch\/wp-content\/uploads\/2017\/02\/DIN_18869-1-768x1086.jpg 768w, https:\/\/gifactivevent.clients.bluedom.ch\/wp-content\/uploads\/2017\/02\/DIN_18869-1-728x1030.jpg 728w, https:\/\/gifactivevent.clients.bluedom.ch\/wp-content\/uploads\/2017\/02\/DIN_18869-1-1060x1500.jpg 1060w, https:\/\/gifactivevent.clients.bluedom.ch\/wp-content\/uploads\/2017\/02\/DIN_18869-1-498x705.jpg 498w, https:\/\/gifactivevent.clients.bluedom.ch\/wp-content\/uploads\/2017\/02\/DIN_18869-1-450x637.jpg 450w\" sizes=\"auto, (max-width: 2480px) 100vw, 2480px\" \/><\/p>\n<div style='height:10px' class='hr hr-invisible '><span class='hr-inner ' ><span class='hr-inner-style'><\/span><\/span><\/div>\n<p>EN 16282-6:2020 Pr\u00fcfung zur Flammendurchschlagsicherheit vom T\u00dcV S\u00fcd<\/p>\n<p><a href=\"https:\/\/gifactivevent.clients.bluedom.ch\/wp-content\/uploads\/2017\/02\/DIN_EN_16282-6.pdf\" target=\"_blank\" rel=\"noopener noreferrer\">Download<\/a><\/p>\n<\/div><\/section><section class='slide-entry flex_column post-entry slide-entry-overview slide-loop-6 slide-parity-odd  av_one_third '  itemscope=\"itemscope\" itemtype=\"https:\/\/schema.org\/CreativeWork\" ><h3 class='slide-entry-title entry-title'  itemprop=\"headline\" >Gutachten<\/h3><div class='slide-entry-excerpt entry-content'  itemprop=\"text\" ><p><img loading=\"lazy\" decoding=\"async\" class=\"aligncenter size-full wp-image-2040\" src=\"http:\/\/gifactivevent.clients.bluedom.ch\/wp-content\/uploads\/2017\/02\/Wallduern-1.jpg\" alt=\"\" width=\"2480\" height=\"3508\" srcset=\"https:\/\/gifactivevent.clients.bluedom.ch\/wp-content\/uploads\/2017\/02\/Wallduern-1.jpg 2480w, https:\/\/gifactivevent.clients.bluedom.ch\/wp-content\/uploads\/2017\/02\/Wallduern-1-212x300.jpg 212w, https:\/\/gifactivevent.clients.bluedom.ch\/wp-content\/uploads\/2017\/02\/Wallduern-1-768x1086.jpg 768w, https:\/\/gifactivevent.clients.bluedom.ch\/wp-content\/uploads\/2017\/02\/Wallduern-1-728x1030.jpg 728w, https:\/\/gifactivevent.clients.bluedom.ch\/wp-content\/uploads\/2017\/02\/Wallduern-1-1060x1500.jpg 1060w, https:\/\/gifactivevent.clients.bluedom.ch\/wp-content\/uploads\/2017\/02\/Wallduern-1-498x705.jpg 498w, https:\/\/gifactivevent.clients.bluedom.ch\/wp-content\/uploads\/2017\/02\/Wallduern-1-450x637.jpg 450w\" sizes=\"auto, (max-width: 2480px) 100vw, 2480px\" \/><\/p>\n<div style='height:10px' class='hr hr-invisible '><span class='hr-inner ' ><span class='hr-inner-style'><\/span><\/span><\/div>\n<p>Bericht Brandschaden, Standortverwaltung Walld\u00fcrn<br \/>\n<a href=\"https:\/\/gifactivevent.clients.bluedom.ch\/wp-content\/uploads\/2017\/02\/Wallduern.pdf\" target=\"_blank\" rel=\"noopener noreferrer\">Download<\/a><\/p>\n<\/div><\/section><\/div><div class='slide-entry-wrap'><section class='slide-entry flex_column post-entry slide-entry-overview slide-loop-7 slide-parity-odd  av_one_third first'  itemscope=\"itemscope\" itemtype=\"https:\/\/schema.org\/CreativeWork\" ><h3 class='slide-entry-title entry-title'  itemprop=\"headline\" >Gutachten<\/h3><div class='slide-entry-excerpt entry-content'  itemprop=\"text\" ><p><img loading=\"lazy\" decoding=\"async\" class=\"aligncenter size-full wp-image-2041\" src=\"http:\/\/gifactivevent.clients.bluedom.ch\/wp-content\/uploads\/2017\/02\/Darmstadt-1.jpg\" alt=\"\" width=\"2480\" height=\"3508\" srcset=\"https:\/\/gifactivevent.clients.bluedom.ch\/wp-content\/uploads\/2017\/02\/Darmstadt-1.jpg 2480w, https:\/\/gifactivevent.clients.bluedom.ch\/wp-content\/uploads\/2017\/02\/Darmstadt-1-212x300.jpg 212w, https:\/\/gifactivevent.clients.bluedom.ch\/wp-content\/uploads\/2017\/02\/Darmstadt-1-768x1086.jpg 768w, https:\/\/gifactivevent.clients.bluedom.ch\/wp-content\/uploads\/2017\/02\/Darmstadt-1-728x1030.jpg 728w, https:\/\/gifactivevent.clients.bluedom.ch\/wp-content\/uploads\/2017\/02\/Darmstadt-1-1060x1500.jpg 1060w, https:\/\/gifactivevent.clients.bluedom.ch\/wp-content\/uploads\/2017\/02\/Darmstadt-1-498x705.jpg 498w, https:\/\/gifactivevent.clients.bluedom.ch\/wp-content\/uploads\/2017\/02\/Darmstadt-1-450x637.jpg 450w\" sizes=\"auto, (max-width: 2480px) 100vw, 2480px\" \/><\/p>\n<div style='height:10px' class='hr hr-invisible '><span class='hr-inner ' ><span class='hr-inner-style'><\/span><\/span><\/div>\n<p>Gutachterliche Stellungnahme,\u00a0Schornsteinfegerinnung Darmstadt<br \/>\n<a href=\"https:\/\/gifactivevent.clients.bluedom.ch\/wp-content\/uploads\/2017\/02\/Darmstadt.pdf\" target=\"_blank\" rel=\"noopener noreferrer\">Download<\/a><\/p>\n<\/div><\/section><section class='slide-entry flex_column post-entry slide-entry-overview slide-loop-8 slide-parity-even  av_one_third '  itemscope=\"itemscope\" itemtype=\"https:\/\/schema.org\/CreativeWork\" ><h3 class='slide-entry-title entry-title'  itemprop=\"headline\" >Gutachten<\/h3><div class='slide-entry-excerpt entry-content'  itemprop=\"text\" ><p><img loading=\"lazy\" decoding=\"async\" class=\"aligncenter size-full wp-image-2042\" src=\"http:\/\/gifactivevent.clients.bluedom.ch\/wp-content\/uploads\/2017\/02\/Freiburg-1.jpg\" alt=\"\" width=\"2480\" height=\"3508\" srcset=\"https:\/\/gifactivevent.clients.bluedom.ch\/wp-content\/uploads\/2017\/02\/Freiburg-1.jpg 2480w, https:\/\/gifactivevent.clients.bluedom.ch\/wp-content\/uploads\/2017\/02\/Freiburg-1-212x300.jpg 212w, https:\/\/gifactivevent.clients.bluedom.ch\/wp-content\/uploads\/2017\/02\/Freiburg-1-768x1086.jpg 768w, https:\/\/gifactivevent.clients.bluedom.ch\/wp-content\/uploads\/2017\/02\/Freiburg-1-728x1030.jpg 728w, https:\/\/gifactivevent.clients.bluedom.ch\/wp-content\/uploads\/2017\/02\/Freiburg-1-1060x1500.jpg 1060w, https:\/\/gifactivevent.clients.bluedom.ch\/wp-content\/uploads\/2017\/02\/Freiburg-1-498x705.jpg 498w, https:\/\/gifactivevent.clients.bluedom.ch\/wp-content\/uploads\/2017\/02\/Freiburg-1-450x637.jpg 450w\" sizes=\"auto, (max-width: 2480px) 100vw, 2480px\" \/><\/p>\n<div style='height:10px' class='hr hr-invisible '><span class='hr-inner ' ><span class='hr-inner-style'><\/span><\/span><\/div>\n<p>Makro- und mikrobiologische Untersuchung,\u00a0Universit\u00e4tsklinikum Freiburg<br \/>\n<a href=\"https:\/\/gifactivevent.clients.bluedom.ch\/wp-content\/uploads\/2017\/02\/Freiburg.pdf\" target=\"_blank\" rel=\"noopener noreferrer\">Download<\/a><\/p>\n<\/div><\/section><section class='slide-entry flex_column post-entry slide-entry-overview slide-loop-9 slide-parity-odd  post-entry-last  av_one_third '  itemscope=\"itemscope\" itemtype=\"https:\/\/schema.org\/CreativeWork\" ><h3 class='slide-entry-title entry-title'  itemprop=\"headline\" >Gutachten<\/h3><div class='slide-entry-excerpt entry-content'  itemprop=\"text\" ><p><img loading=\"lazy\" decoding=\"async\" class=\"aligncenter size-full wp-image-2043\" src=\"http:\/\/gifactivevent.clients.bluedom.ch\/wp-content\/uploads\/2017\/02\/ISW-1.jpg\" alt=\"\" width=\"2480\" height=\"3508\" srcset=\"https:\/\/gifactivevent.clients.bluedom.ch\/wp-content\/uploads\/2017\/02\/ISW-1.jpg 2480w, https:\/\/gifactivevent.clients.bluedom.ch\/wp-content\/uploads\/2017\/02\/ISW-1-212x300.jpg 212w, https:\/\/gifactivevent.clients.bluedom.ch\/wp-content\/uploads\/2017\/02\/ISW-1-768x1086.jpg 768w, https:\/\/gifactivevent.clients.bluedom.ch\/wp-content\/uploads\/2017\/02\/ISW-1-728x1030.jpg 728w, https:\/\/gifactivevent.clients.bluedom.ch\/wp-content\/uploads\/2017\/02\/ISW-1-1060x1500.jpg 1060w, https:\/\/gifactivevent.clients.bluedom.ch\/wp-content\/uploads\/2017\/02\/ISW-1-498x705.jpg 498w, https:\/\/gifactivevent.clients.bluedom.ch\/wp-content\/uploads\/2017\/02\/ISW-1-450x637.jpg 450w\" sizes=\"auto, (max-width: 2480px) 100vw, 2480px\" \/><\/p>\n<div style='height:10px' class='hr hr-invisible '><span class='hr-inner ' ><span class='hr-inner-style'><\/span><\/span><\/div>\n<p>Raumakustische Betrachtung, ISW<br \/>\n<a href=\"https:\/\/gifactivevent.clients.bluedom.ch\/wp-content\/uploads\/2017\/02\/ISW.pdf\" target=\"_blank\" rel=\"noopener noreferrer\">Download<\/a><\/p>\n<\/div><\/section><\/div><\/div><\/div><\/div>\n<div style='height:50px' class='hr hr-invisible '><span class='hr-inner ' ><span class='hr-inner-style'><\/span><\/span><\/div>\n<div style='padding-bottom:10px;color:#003399;' class='av-special-heading av-special-heading-h3 custom-color-heading blockquote modern-quote  '><h3 class='av-special-heading-tag'  itemprop=\"headline\"  >Somos miembros\/socios de las siguientes asociaciones: FCSI, hki, VdF, VKk<\/h3><div class='special-heading-border'><div class='special-heading-inner-border' style='border-color:#003399'><\/div><\/div><\/div>\n<div  data-autoplay='false'  data-interval='5'  data-animation='slide'  class='avia-logo-element-container av-border-deactivate avia-logo-slider avia-content-slider avia-smallarrow-slider avia-content-slider-active noHover avia-content-slider1 avia-content-slider-even ' ><div class='avia-smallarrow-slider-heading  no-logo-slider-navigation  no-logo-slider-heading '><\/div><div class='avia-content-slider-inner'><div class='slide-entry-wrap'  itemscope=\"itemscope\" itemtype=\"https:\/\/schema.org\/ImageObject\" ><div  class='slide-entry flex_column no_margin post-entry slide-entry-overview slide-loop-1 slide-parity-odd  post-entry-last  av_one_fourth first real-thumbnail'><a href='http:\/\/fcsi.de' data-rel='slide-1' class='slide-image' title='FCSI Deutschland-\u00d6sterreich e.V.'  target=\"_blank\"  ><img loading=\"lazy\" decoding=\"async\"  itemprop=\"contentURL\"  width=\"1274\" height=\"251\" src=\"https:\/\/gifactivevent.clients.bluedom.ch\/wp-content\/uploads\/2017\/01\/VKK.jpg\" class=\"attachment-no scaling size-no scaling\" alt=\"\" srcset=\"https:\/\/gifactivevent.clients.bluedom.ch\/wp-content\/uploads\/2017\/01\/VKK.jpg 1274w, https:\/\/gifactivevent.clients.bluedom.ch\/wp-content\/uploads\/2017\/01\/VKK-300x59.jpg 300w, https:\/\/gifactivevent.clients.bluedom.ch\/wp-content\/uploads\/2017\/01\/VKK-768x151.jpg 768w, https:\/\/gifactivevent.clients.bluedom.ch\/wp-content\/uploads\/2017\/01\/VKK-1030x203.jpg 1030w, https:\/\/gifactivevent.clients.bluedom.ch\/wp-content\/uploads\/2017\/01\/VKK-705x139.jpg 705w, https:\/\/gifactivevent.clients.bluedom.ch\/wp-content\/uploads\/2017\/01\/VKK-450x89.jpg 450w\" sizes=\"auto, (max-width: 1274px) 100vw, 1274px\" \/><\/a><\/div><\/div><\/div><\/div>\n<\/div><\/div><\/div><!-- close content main div --><\/div><\/div><div id='full_slider_2' class='avia-fullwidth-slider main_color avia-shadow  container_wrap fullsize'   ><div  data-size='featured'  data-lightbox_size='large'  data-animation='slide'  data-ids='263'  data-video_counter='0'  data-autoplay='false'  data-bg_slider='false'  data-slide_height=''  data-handle='av_slideshow_full'  data-interval='5'  data-class=' '  data-css_id=''  data-scroll_down=''  data-control_layout='av-control-default'  data-custom_markup=''  data-perma_caption='aviaTBperma_caption'  data-autoplay_stopper=''  data-image_attachment=''  data-min_height='0px'  data-src=''  data-position='top left'  data-repeat='no-repeat'  data-attach='scroll'  data-stretch=''  data-default-height='28.6666666667'  class='avia-slideshow avia-slideshow-2  av-control-default av-default-height-applied avia-slideshow-featured av_slideshow_full   avia-slide-slider '  itemscope=\"itemscope\" itemtype=\"https:\/\/schema.org\/ImageObject\" ><ul class='avia-slideshow-inner' style='padding-bottom: 58.5034013605%;'><li  class=' av-single-slide slide-1 ' ><div data-rel='slideshow-2' class='avia-slide-wrap'  ><img src='https:\/\/gifactivevent.clients.bluedom.ch\/wp-content\/uploads\/2017\/01\/GIF_ActiveVent_Unternehmen-735x430.jpg' width='735' height='430' title='GIF_ActiveVent_Unternehmen' alt=''  itemprop=\"contentURL\"   \/><\/div><\/li><\/ul><div class = \"caption_fullwidth av-slideshow-caption caption_bottom\"><div class = \"container caption_container\"><div class = \"slideshow_caption\"><div class = \"slideshow_inner_caption\"><div class = \"slideshow_align_caption\"><h2  style='font-size:50px; ' class='avia-caption-title'  itemprop=\"name\" >CALIDAD PATENTADA<br \/>\nFABRICADO EN ALEMANIA<\/h2><br\/><a href=''  class='avia-slideshow-button avia-button avia-color-theme-color ' data-duration='800' data-easing='easeInOutQuad'>COMPA\u00d1IA<\/a><\/div><\/div><\/div><\/div><\/div><\/div><\/div>\n","protected":false},"excerpt":{"rendered":"","protected":false},"author":1,"featured_media":0,"parent":7291,"menu_order":0,"comment_status":"closed","ping_status":"closed","template":"","meta":{"footnotes":""},"class_list":["post-7116","page","type-page","status-publish","hentry"],"_links":{"self":[{"href":"https:\/\/gifactivevent.clients.bluedom.ch\/es\/wp-json\/wp\/v2\/pages\/7116","targetHints":{"allow":["GET"]}}],"collection":[{"href":"https:\/\/gifactivevent.clients.bluedom.ch\/es\/wp-json\/wp\/v2\/pages"}],"about":[{"href":"https:\/\/gifactivevent.clients.bluedom.ch\/es\/wp-json\/wp\/v2\/types\/page"}],"author":[{"embeddable":true,"href":"https:\/\/gifactivevent.clients.bluedom.ch\/es\/wp-json\/wp\/v2\/users\/1"}],"replies":[{"embeddable":true,"href":"https:\/\/gifactivevent.clients.bluedom.ch\/es\/wp-json\/wp\/v2\/comments?post=7116"}],"version-history":[{"count":13,"href":"https:\/\/gifactivevent.clients.bluedom.ch\/es\/wp-json\/wp\/v2\/pages\/7116\/revisions"}],"predecessor-version":[{"id":8142,"href":"https:\/\/gifactivevent.clients.bluedom.ch\/es\/wp-json\/wp\/v2\/pages\/7116\/revisions\/8142"}],"up":[{"embeddable":true,"href":"https:\/\/gifactivevent.clients.bluedom.ch\/es\/wp-json\/wp\/v2\/pages\/7291"}],"wp:attachment":[{"href":"https:\/\/gifactivevent.clients.bluedom.ch\/es\/wp-json\/wp\/v2\/media?parent=7116"}],"curies":[{"name":"wp","href":"https:\/\/api.w.org\/{rel}","templated":true}]}}