{"id":7317,"date":"2017-02-26T11:56:44","date_gmt":"2017-02-26T10:56:44","guid":{"rendered":"https:\/\/gifactivevent.clients.bluedom.ch\/blog\/news\/"},"modified":"2024-08-23T08:31:25","modified_gmt":"2024-08-23T06:31:25","slug":"noticias","status":"publish","type":"page","link":"https:\/\/gifactivevent.clients.bluedom.ch\/es\/blog\/noticias\/","title":{"rendered":"NOTICIAS"},"content":{"rendered":"<\/div><\/div><\/div><!-- close content main div --><\/div><\/div><div id='full_slider_1' class='avia-fullwidth-slider main_color avia-shadow  container_wrap fullsize'   ><div  data-size='featured'  data-lightbox_size='large'  data-animation='slide'  data-ids='2754'  data-video_counter='0'  data-autoplay='false'  data-bg_slider='false'  data-slide_height=''  data-handle='av_slideshow_full'  data-interval='5'  data-class=' '  data-css_id=''  data-scroll_down=''  data-control_layout='av-control-default'  data-custom_markup=''  data-perma_caption=''  data-autoplay_stopper=''  data-image_attachment=''  data-min_height='0px'  data-src=''  data-position='top left'  data-repeat='no-repeat'  data-attach='scroll'  data-stretch=''  data-default-height='28.6666666667'  class='avia-slideshow avia-slideshow-1  av-control-default av-default-height-applied avia-slideshow-featured av_slideshow_full   avia-slide-slider '  itemscope=\"itemscope\" itemtype=\"https:\/\/schema.org\/ImageObject\" ><ul class='avia-slideshow-inner' style='padding-bottom: 28.6666666667%;'><li  class=' av-single-slide slide-1 ' ><div data-rel='slideshow-1' class='avia-slide-wrap'  ><div class = \"caption_fullwidth av-slideshow-caption caption_bottom\"><div class = \"container caption_container\"><div class = \"slideshow_caption\"><div class = \"slideshow_inner_caption\"><div class = \"slideshow_align_caption\"><h2  style='font-size:50px; ' class='avia-caption-title'  itemprop=\"name\" >\u00daLTIMAS NOTICIAS<\/h2><\/div><\/div><\/div><\/div><\/div><img src='https:\/\/gifactivevent.clients.bluedom.ch\/wp-content\/uploads\/2017\/02\/GIF_Wissenswertes-und-Aktuelles-1500x430.jpg' width='1500' height='430' title='GIF_Wissenswertes und Aktuelles' alt=''  itemprop=\"contentURL\"   \/><\/div><\/li><\/ul><\/div><\/div>\n<\/div><\/div><\/div><!-- close content main div --><\/div><\/div><div id='blue-page-hr' class='avia-section main_color avia-section-no-padding avia-no-border-styling avia-bg-style-scroll  av-minimum-height av-minimum-height-custom container_wrap fullsize' style = 'background-color: #7bb0e7; background-color: #7bb0e7; '  ><div class='container' style='height:50px'><div class='template-page content  av-content-full alpha units'><div class='post-entry post-entry-type-page post-entry-7317'><div class='entry-content-wrapper clearfix'>\n<div class='avia-builder-widget-area clearfix '><div id=\"nav_menu-3\" class=\"widget clearfix widget_nav_menu\"><div class=\"menu-blog_menu-spanish-container\"><ul id=\"menu-blog_menu-spanish\" class=\"menu\"><li id=\"menu-item-7270\" class=\"menu-item menu-item-type-post_type menu-item-object-page menu-item-7270\"><a href=\"https:\/\/gifactivevent.clients.bluedom.ch\/es\/blog\/\">TODA INFORMACION<\/a><\/li>\n<li id=\"menu-item-7467\" class=\"menu-item menu-item-type-post_type menu-item-object-page menu-item-7467\"><a href=\"https:\/\/gifactivevent.clients.bluedom.ch\/es\/referencias\/\">TODAS REFERENCIAS<\/a><\/li>\n<li id=\"menu-item-7466\" class=\"menu-item menu-item-type-post_type menu-item-object-page menu-item-7466\"><a href=\"https:\/\/gifactivevent.clients.bluedom.ch\/es\/vacantes\/\">VACANTES<\/a><\/li>\n<\/ul><\/div><\/div><\/div>\n<div class='template-blog  av-blog-meta-author-disabled av-blog-meta-comments-disabled av-blog-meta-date-disabled'  itemscope=\"itemscope\" itemtype=\"https:\/\/schema.org\/Blog\" ><article class='post-entry post-entry-type-standard post-entry-6897 post-loop-1 post-parity-odd single-big with-slider post-6897 post type-post status-publish format-standard has-post-thumbnail hentry category-noticias-es category-vacantes-es tag-buchhalter-es tag-finanzbuchhaltung-es tag-rechnungswesen-es tag-controlling-es tag-finanzwesen-es'  itemscope=\"itemscope\" itemtype=\"https:\/\/schema.org\/BlogPosting\" ><div class=\"big-preview single-big\"><a href=\"https:\/\/gifactivevent.clients.bluedom.ch\/es\/2024\/07\/11\/ayudante-de-produccion-ayudante-electrico\/\" title=\"GIF_K\u00fcchenl\u00fcftung_B\u00fcro\"><img loading=\"lazy\" decoding=\"async\" width=\"1210\" height=\"423\" src=\"https:\/\/gifactivevent.clients.bluedom.ch\/wp-content\/uploads\/2018\/06\/anstellung-apfel-apple-7375-1-1210x423.jpg\" class=\"attachment-entry_without_sidebar size-entry_without_sidebar wp-post-image\" alt=\"\" \/><\/a><\/div><div class='blog-meta'><\/div><div class='entry-content-wrapper clearfix standard-content'><header class=\"entry-content-header\"><h2 class='post-title entry-title'  itemprop=\"headline\" >\t<a href='https:\/\/gifactivevent.clients.bluedom.ch\/es\/2024\/07\/11\/ayudante-de-produccion-ayudante-electrico\/' rel='bookmark' title='Enlace permanente: Ayudante de producci\u00f3n \/ Ayudante el\u00e9ctrico'>Ayudante de producci\u00f3n \/ Ayudante el\u00e9ctrico\t\t\t<span class='post-format-icon minor-meta'><\/span>\t<\/a><\/h2><span class='post-meta-infos'><time class='date-container minor-meta updated' >11. julio 2024<\/time><span class='text-sep text-sep-date'>\/<\/span><span class=\"blog-categories minor-meta\"><a href=\"https:\/\/gifactivevent.clients.bluedom.ch\/es\/category\/noticias-es\/\" rel=\"tag\">Noticias<\/a> \u2022 <a href=\"https:\/\/gifactivevent.clients.bluedom.ch\/es\/category\/vacantes-es\/\" rel=\"tag\">Vacantes<\/a> <\/span><span class=\"text-sep text-sep-cat\">\/<\/span><span class=\"blog-author minor-meta\">por <span class=\"entry-author-link\" ><span class=\"vcard author\"><span class=\"fn\"><a href=\"https:\/\/gifactivevent.clients.bluedom.ch\/es\/author\/barth\/\" title=\"Entradas de V\u00e9ronique Barth\" rel=\"author\">V\u00e9ronique Barth<\/a><\/span><\/span><\/span><\/span><\/span><\/header><div class=\"entry-content\"  itemprop=\"text\" ><p>GIF ActiveVent GmbH es uno de los principales fabricantes mundiales de sistemas de ventilaci\u00f3n para cocinas y est\u00e1 especializada en el desarrollo, planificaci\u00f3n y fabricaci\u00f3n de techos de ventilaci\u00f3n activa para cocinas comerciales de hoteles, restaurantes, hospitales, universidades y establecimientos similares. La empresa se fund\u00f3 en Friburgo en 1976. Para reforzar nuestro equipo de producci\u00f3n, [&hellip;]<\/p>\n<div class=\"read-more-link\"><a href=\"https:\/\/gifactivevent.clients.bluedom.ch\/es\/2024\/07\/11\/ayudante-de-produccion-ayudante-electrico\/\" class=\"more-link\">Leer m\u00e1s<span class=\"more-link-arrow\">  &rarr;<\/span><\/a><\/div>\n<\/div><footer class=\"entry-footer\"><\/footer><div class='post_delimiter'><\/div><\/div><div class='post_author_timeline'><\/div><span class='hidden'>\n\t\t\t<span class='av-structured-data'  itemscope=\"itemscope\" itemtype=\"https:\/\/schema.org\/ImageObject\"  itemprop='image'>\n\t\t\t\t\t   <span itemprop='url' >https:\/\/gifactivevent.clients.bluedom.ch\/wp-content\/uploads\/2018\/06\/anstellung-apfel-apple-7375-1.jpg<\/span>\n\t\t\t\t\t   <span itemprop='height' >2143<\/span>\n\t\t\t\t\t   <span itemprop='width' >3000<\/span>\n\t\t\t\t  <\/span><span class='av-structured-data'  itemprop=\"publisher\" itemtype=\"https:\/\/schema.org\/Organization\" itemscope=\"itemscope\" >\n\t\t\t\t<span itemprop='name'>V\u00e9ronique Barth<\/span>\n\t\t\t\t<span itemprop='logo' itemscope itemtype='http:\/\/schema.org\/ImageObject'>\n\t\t\t\t   <span itemprop='url'>https:\/\/gifactivevent.clients.bluedom.ch\/wp-content\/uploads\/2017\/02\/logo-gif-3.png<\/span>\n\t\t\t\t <\/span>\n\t\t\t  <\/span><span class='av-structured-data'  itemprop=\"author\" itemscope=\"itemscope\" itemtype=\"https:\/\/schema.org\/Person\" ><span itemprop='name'>V\u00e9ronique Barth<\/span><\/span><span class='av-structured-data'  itemprop=\"datePublished\" datetime=\"2024-07-11T11:50:01+02:00\" >2024-07-11 11:50:01<\/span><span class='av-structured-data'  itemprop=\"dateModified\" itemtype=\"https:\/\/schema.org\/dateModified\" >2024-08-23 01:13:39<\/span><span class='av-structured-data'  itemprop=\"mainEntityOfPage\" itemtype=\"https:\/\/schema.org\/mainEntityOfPage\" ><span itemprop='name'>Ayudante de producci\u00f3n \/ Ayudante el\u00e9ctrico<\/span><\/span><\/span><\/article><article class='post-entry post-entry-type-standard post-entry-7365 post-loop-2 post-parity-even single-big with-slider post-7365 post type-post status-publish format-standard has-post-thumbnail hentry category-noticias-es category-seminare-es'  itemscope=\"itemscope\" itemtype=\"https:\/\/schema.org\/BlogPosting\" ><div class=\"big-preview single-big\"><a href=\"https:\/\/gifactivevent.clients.bluedom.ch\/es\/2024\/04\/15\/seminarios-para-la-ventilacion-de-cocinas-comerciales-con-ventiladores-helios\/\" title=\"Seminarios para la ventilaci\u00f3n de cocinas comerciales con ventiladores Helios\"><img loading=\"lazy\" decoding=\"async\" width=\"1210\" height=\"423\" src=\"https:\/\/gifactivevent.clients.bluedom.ch\/wp-content\/uploads\/2024\/04\/2022_11_22-Inhouse-Seminar-Ottobeuren-8-1210x423.jpg\" class=\"attachment-entry_without_sidebar size-entry_without_sidebar wp-post-image\" alt=\"\" \/><\/a><\/div><div class='blog-meta'><\/div><div class='entry-content-wrapper clearfix standard-content'><header class=\"entry-content-header\"><h2 class='post-title entry-title'  itemprop=\"headline\" >\t<a href='https:\/\/gifactivevent.clients.bluedom.ch\/es\/2024\/04\/15\/seminarios-para-la-ventilacion-de-cocinas-comerciales-con-ventiladores-helios\/' rel='bookmark' title='Enlace permanente: Seminarios para la ventilaci\u00f3n de cocinas comerciales con ventiladores Helios'>Seminarios para la ventilaci\u00f3n de cocinas comerciales con ventiladores Helios\t\t\t<span class='post-format-icon minor-meta'><\/span>\t<\/a><\/h2><span class='post-meta-infos'><time class='date-container minor-meta updated' >15. abril 2024<\/time><span class='text-sep text-sep-date'>\/<\/span><span class=\"blog-categories minor-meta\"><a href=\"https:\/\/gifactivevent.clients.bluedom.ch\/es\/category\/noticias-es\/\" rel=\"tag\">Noticias<\/a> \u2022 <a href=\"https:\/\/gifactivevent.clients.bluedom.ch\/es\/category\/seminare-es\/\" rel=\"tag\">Seminare<\/a> <\/span><span class=\"text-sep text-sep-cat\">\/<\/span><span class=\"blog-author minor-meta\">por <span class=\"entry-author-link\" ><span class=\"vcard author\"><span class=\"fn\"><a href=\"https:\/\/gifactivevent.clients.bluedom.ch\/es\/author\/barth\/\" title=\"Entradas de V\u00e9ronique Barth\" rel=\"author\">V\u00e9ronique Barth<\/a><\/span><\/span><\/span><\/span><\/span><\/header><div class=\"entry-content\"  itemprop=\"text\" ><p>Ya se trate de nuevas construcciones o de renovaciones, la ventilaci\u00f3n de las cocinas comerciales plantea muchos retos bajo estrictas regulaciones t\u00e9cnicas, normas y directrices. Junto con Helios Ventilatoren, le proporcionamos los conocimientos necesarios para planificar e implementar con \u00e9xito la ventilaci\u00f3n de cocinas en sus proyectos. Los temas de un vistazo: Ventilaci\u00f3n de cocinas [&hellip;]<\/p>\n<div class=\"read-more-link\"><a href=\"https:\/\/gifactivevent.clients.bluedom.ch\/es\/2024\/04\/15\/seminarios-para-la-ventilacion-de-cocinas-comerciales-con-ventiladores-helios\/\" class=\"more-link\">Leer m\u00e1s<span class=\"more-link-arrow\">  &rarr;<\/span><\/a><\/div>\n<\/div><footer class=\"entry-footer\"><\/footer><div class='post_delimiter'><\/div><\/div><div class='post_author_timeline'><\/div><span class='hidden'>\n\t\t\t<span class='av-structured-data'  itemscope=\"itemscope\" itemtype=\"https:\/\/schema.org\/ImageObject\"  itemprop='image'>\n\t\t\t\t\t   <span itemprop='url' >https:\/\/gifactivevent.clients.bluedom.ch\/wp-content\/uploads\/2024\/04\/2022_11_22-Inhouse-Seminar-Ottobeuren-8-scaled.jpg<\/span>\n\t\t\t\t\t   <span itemprop='height' >1697<\/span>\n\t\t\t\t\t   <span itemprop='width' >2560<\/span>\n\t\t\t\t  <\/span><span class='av-structured-data'  itemprop=\"publisher\" itemtype=\"https:\/\/schema.org\/Organization\" itemscope=\"itemscope\" >\n\t\t\t\t<span itemprop='name'>V\u00e9ronique Barth<\/span>\n\t\t\t\t<span itemprop='logo' itemscope itemtype='http:\/\/schema.org\/ImageObject'>\n\t\t\t\t   <span itemprop='url'>https:\/\/gifactivevent.clients.bluedom.ch\/wp-content\/uploads\/2017\/02\/logo-gif-3.png<\/span>\n\t\t\t\t <\/span>\n\t\t\t  <\/span><span class='av-structured-data'  itemprop=\"author\" itemscope=\"itemscope\" itemtype=\"https:\/\/schema.org\/Person\" ><span itemprop='name'>V\u00e9ronique Barth<\/span><\/span><span class='av-structured-data'  itemprop=\"datePublished\" datetime=\"2024-04-15T10:23:27+02:00\" >2024-04-15 10:23:27<\/span><span class='av-structured-data'  itemprop=\"dateModified\" itemtype=\"https:\/\/schema.org\/dateModified\" >2024-08-23 09:51:59<\/span><span class='av-structured-data'  itemprop=\"mainEntityOfPage\" itemtype=\"https:\/\/schema.org\/mainEntityOfPage\" ><span itemprop='name'>Seminarios para la ventilaci\u00f3n de cocinas comerciales con ventiladores Helios<\/span><\/span><\/span><\/article><article class='post-entry post-entry-type-standard post-entry-6886 post-loop-3 post-parity-odd single-big with-slider post-6886 post type-post status-publish format-standard has-post-thumbnail hentry category-feria-es category-noticias-es'  itemscope=\"itemscope\" itemtype=\"https:\/\/schema.org\/BlogPosting\" ><div class=\"big-preview single-big\"><a href=\"https:\/\/gifactivevent.clients.bluedom.ch\/es\/2024\/01\/15\/nuestra-presencia-en-las-ferias-de-2024\/\" title=\"Nuestra presencia en las ferias de 2024\"><img loading=\"lazy\" decoding=\"async\" width=\"1210\" height=\"423\" src=\"https:\/\/gifactivevent.clients.bluedom.ch\/wp-content\/uploads\/2020\/03\/2020-Intergastra_Messestand-leer_3033x2579-1210x423.jpg\" class=\"attachment-entry_without_sidebar size-entry_without_sidebar wp-post-image\" alt=\"\" \/><\/a><\/div><div class='blog-meta'><\/div><div class='entry-content-wrapper clearfix standard-content'><header class=\"entry-content-header\"><h2 class='post-title entry-title'  itemprop=\"headline\" >\t<a href='https:\/\/gifactivevent.clients.bluedom.ch\/es\/2024\/01\/15\/nuestra-presencia-en-las-ferias-de-2024\/' rel='bookmark' title='Enlace permanente: Nuestra presencia en las ferias de 2024'>Nuestra presencia en las ferias de 2024\t\t\t<span class='post-format-icon minor-meta'><\/span>\t<\/a><\/h2><span class='post-meta-infos'><time class='date-container minor-meta updated' >15. enero 2024<\/time><span class='text-sep text-sep-date'>\/<\/span><span class=\"blog-categories minor-meta\"><a href=\"https:\/\/gifactivevent.clients.bluedom.ch\/es\/category\/feria-es\/\" rel=\"tag\">Feria<\/a> \u2022 <a href=\"https:\/\/gifactivevent.clients.bluedom.ch\/es\/category\/noticias-es\/\" rel=\"tag\">Noticias<\/a> <\/span><span class=\"text-sep text-sep-cat\">\/<\/span><span class=\"blog-author minor-meta\">por <span class=\"entry-author-link\" ><span class=\"vcard author\"><span class=\"fn\"><a href=\"https:\/\/gifactivevent.clients.bluedom.ch\/es\/author\/barth\/\" title=\"Entradas de V\u00e9ronique Barth\" rel=\"author\">V\u00e9ronique Barth<\/a><\/span><\/span><\/span><\/span><\/span><\/header><div class=\"entry-content\"  itemprop=\"text\" ><p>En 2024 podr\u00e1 encontrar el GIF ActiveVent en las siguientes ferias de restauraci\u00f3n: \u00a0 \u00a0 \u00a0 \u00a0 \u00a0 \u00a0 \u00a0 \u00a0 \u00a0 \u00a0 \u00a0 \u00a0 Pabell\u00f3n 3 &#8211; Stand E45\u00a0 \u00a0 \u00a0 \u00a0 \u00a0 \u00a0 \u00a0 \u00a0 \u00a0 \u00a0 \u00a0 \u00a0 \u00a0 \u00a0 \u00a0 \u00a0 Pabell\u00f3n B6 &#8211; Stand 238 &nbsp; \u00a1Esperamos su visita!<\/p>\n<div class=\"read-more-link\"><a href=\"https:\/\/gifactivevent.clients.bluedom.ch\/es\/2024\/01\/15\/nuestra-presencia-en-las-ferias-de-2024\/\" class=\"more-link\">Leer m\u00e1s<span class=\"more-link-arrow\">  &rarr;<\/span><\/a><\/div>\n<\/div><footer class=\"entry-footer\"><\/footer><div class='post_delimiter'><\/div><\/div><div class='post_author_timeline'><\/div><span class='hidden'>\n\t\t\t<span class='av-structured-data'  itemscope=\"itemscope\" itemtype=\"https:\/\/schema.org\/ImageObject\"  itemprop='image'>\n\t\t\t\t\t   <span itemprop='url' >https:\/\/gifactivevent.clients.bluedom.ch\/wp-content\/uploads\/2020\/03\/2020-Intergastra_Messestand-leer_3033x2579-scaled.jpg<\/span>\n\t\t\t\t\t   <span itemprop='height' >2177<\/span>\n\t\t\t\t\t   <span itemprop='width' >2560<\/span>\n\t\t\t\t  <\/span><span class='av-structured-data'  itemprop=\"publisher\" itemtype=\"https:\/\/schema.org\/Organization\" itemscope=\"itemscope\" >\n\t\t\t\t<span itemprop='name'>V\u00e9ronique Barth<\/span>\n\t\t\t\t<span itemprop='logo' itemscope itemtype='http:\/\/schema.org\/ImageObject'>\n\t\t\t\t   <span itemprop='url'>https:\/\/gifactivevent.clients.bluedom.ch\/wp-content\/uploads\/2017\/02\/logo-gif-3.png<\/span>\n\t\t\t\t <\/span>\n\t\t\t  <\/span><span class='av-structured-data'  itemprop=\"author\" itemscope=\"itemscope\" itemtype=\"https:\/\/schema.org\/Person\" ><span itemprop='name'>V\u00e9ronique Barth<\/span><\/span><span class='av-structured-data'  itemprop=\"datePublished\" datetime=\"2024-01-15T10:55:14+01:00\" >2024-01-15 10:55:14<\/span><span class='av-structured-data'  itemprop=\"dateModified\" itemtype=\"https:\/\/schema.org\/dateModified\" >2024-09-03 13:57:56<\/span><span class='av-structured-data'  itemprop=\"mainEntityOfPage\" itemtype=\"https:\/\/schema.org\/mainEntityOfPage\" ><span itemprop='name'>Nuestra presencia en las ferias de 2024<\/span><\/span><\/span><\/article><article class='post-entry post-entry-type-standard post-entry-7395 post-loop-4 post-parity-even post-entry-last single-big with-slider post-7395 post type-post status-publish format-standard has-post-thumbnail hentry category-noticias-es category-vacantes-es'  itemscope=\"itemscope\" itemtype=\"https:\/\/schema.org\/BlogPosting\" ><div class=\"big-preview single-big\"><a href=\"https:\/\/gifactivevent.clients.bluedom.ch\/es\/2022\/08\/18\/jefe-de-ventas-para-nuestra-sede-en-praga-republica-checa\/\" title=\"Jefe de ventas para nuestra sede en Praga, Rep\u00fablica Checa\"><img loading=\"lazy\" decoding=\"async\" width=\"1210\" height=\"423\" src=\"https:\/\/gifactivevent.clients.bluedom.ch\/wp-content\/uploads\/2022\/08\/ZS-Frantiskovy-Lazne_geschnitten_4870x2791-1210x423.jpg\" class=\"attachment-entry_without_sidebar size-entry_without_sidebar wp-post-image\" alt=\"\" \/><\/a><\/div><div class='blog-meta'><\/div><div class='entry-content-wrapper clearfix standard-content'><header class=\"entry-content-header\"><h2 class='post-title entry-title'  itemprop=\"headline\" >\t<a href='https:\/\/gifactivevent.clients.bluedom.ch\/es\/2022\/08\/18\/jefe-de-ventas-para-nuestra-sede-en-praga-republica-checa\/' rel='bookmark' title='Enlace permanente: Jefe de ventas para nuestra sede en Praga, Rep\u00fablica Checa'>Jefe de ventas para nuestra sede en Praga, Rep\u00fablica Checa\t\t\t<span class='post-format-icon minor-meta'><\/span>\t<\/a><\/h2><span class='post-meta-infos'><time class='date-container minor-meta updated' >18. agosto 2022<\/time><span class='text-sep text-sep-date'>\/<\/span><span class=\"blog-categories minor-meta\"><a href=\"https:\/\/gifactivevent.clients.bluedom.ch\/es\/category\/noticias-es\/\" rel=\"tag\">Noticias<\/a> \u2022 <a href=\"https:\/\/gifactivevent.clients.bluedom.ch\/es\/category\/vacantes-es\/\" rel=\"tag\">Vacantes<\/a> <\/span><span class=\"text-sep text-sep-cat\">\/<\/span><span class=\"blog-author minor-meta\">por <span class=\"entry-author-link\" ><span class=\"vcard author\"><span class=\"fn\"><a href=\"https:\/\/gifactivevent.clients.bluedom.ch\/es\/author\/barth\/\" title=\"Entradas de V\u00e9ronique Barth\" rel=\"author\">V\u00e9ronique Barth<\/a><\/span><\/span><\/span><\/span><\/span><\/header><div class=\"entry-content\"  itemprop=\"text\" ><p>JEFE DE VENTAS para GIF ActiveVent CZ en Praga, Rep\u00fablica Checa JEFE DE VENTAS para GIF ActiveVent CZ en Praga, Rep\u00fablica Checa La empresa GIF ActiveVent S.L.., con 24 a\u00f1os de tradici\u00f3n en el mercado checo, va a contratar a un director de ventas para su peque\u00f1o equipo. La empresa matriz, GIF ActiveVent GmbH, con [&hellip;]<\/p>\n<div class=\"read-more-link\"><a href=\"https:\/\/gifactivevent.clients.bluedom.ch\/es\/2022\/08\/18\/jefe-de-ventas-para-nuestra-sede-en-praga-republica-checa\/\" class=\"more-link\">Leer m\u00e1s<span class=\"more-link-arrow\">  &rarr;<\/span><\/a><\/div>\n<\/div><footer class=\"entry-footer\"><\/footer><div class='post_delimiter'><\/div><\/div><div class='post_author_timeline'><\/div><span class='hidden'>\n\t\t\t<span class='av-structured-data'  itemscope=\"itemscope\" itemtype=\"https:\/\/schema.org\/ImageObject\"  itemprop='image'>\n\t\t\t\t\t   <span itemprop='url' >https:\/\/gifactivevent.clients.bluedom.ch\/wp-content\/uploads\/2022\/08\/ZS-Frantiskovy-Lazne_geschnitten_4870x2791-scaled.jpg<\/span>\n\t\t\t\t\t   <span itemprop='height' >1467<\/span>\n\t\t\t\t\t   <span itemprop='width' >2560<\/span>\n\t\t\t\t  <\/span><span class='av-structured-data'  itemprop=\"publisher\" itemtype=\"https:\/\/schema.org\/Organization\" itemscope=\"itemscope\" >\n\t\t\t\t<span itemprop='name'>V\u00e9ronique Barth<\/span>\n\t\t\t\t<span itemprop='logo' itemscope itemtype='http:\/\/schema.org\/ImageObject'>\n\t\t\t\t   <span itemprop='url'>https:\/\/gifactivevent.clients.bluedom.ch\/wp-content\/uploads\/2017\/02\/logo-gif-3.png<\/span>\n\t\t\t\t <\/span>\n\t\t\t  <\/span><span class='av-structured-data'  itemprop=\"author\" itemscope=\"itemscope\" itemtype=\"https:\/\/schema.org\/Person\" ><span itemprop='name'>V\u00e9ronique Barth<\/span><\/span><span class='av-structured-data'  itemprop=\"datePublished\" datetime=\"2022-08-18T11:21:27+02:00\" >2022-08-18 11:21:27<\/span><span class='av-structured-data'  itemprop=\"dateModified\" itemtype=\"https:\/\/schema.org\/dateModified\" >2024-08-28 11:07:28<\/span><span class='av-structured-data'  itemprop=\"mainEntityOfPage\" itemtype=\"https:\/\/schema.org\/mainEntityOfPage\" ><span itemprop='name'>Jefe de ventas para nuestra sede en Praga, Rep\u00fablica Checa<\/span><\/span><\/span><\/article><div class='single-big'><\/div><\/div>\n","protected":false},"excerpt":{"rendered":"","protected":false},"author":1,"featured_media":0,"parent":7230,"menu_order":0,"comment_status":"closed","ping_status":"closed","template":"","meta":{"footnotes":""},"class_list":["post-7317","page","type-page","status-publish","hentry"],"_links":{"self":[{"href":"https:\/\/gifactivevent.clients.bluedom.ch\/es\/wp-json\/wp\/v2\/pages\/7317","targetHints":{"allow":["GET"]}}],"collection":[{"href":"https:\/\/gifactivevent.clients.bluedom.ch\/es\/wp-json\/wp\/v2\/pages"}],"about":[{"href":"https:\/\/gifactivevent.clients.bluedom.ch\/es\/wp-json\/wp\/v2\/types\/page"}],"author":[{"embeddable":true,"href":"https:\/\/gifactivevent.clients.bluedom.ch\/es\/wp-json\/wp\/v2\/users\/1"}],"replies":[{"embeddable":true,"href":"https:\/\/gifactivevent.clients.bluedom.ch\/es\/wp-json\/wp\/v2\/comments?post=7317"}],"version-history":[{"count":5,"href":"https:\/\/gifactivevent.clients.bluedom.ch\/es\/wp-json\/wp\/v2\/pages\/7317\/revisions"}],"predecessor-version":[{"id":7320,"href":"https:\/\/gifactivevent.clients.bluedom.ch\/es\/wp-json\/wp\/v2\/pages\/7317\/revisions\/7320"}],"up":[{"embeddable":true,"href":"https:\/\/gifactivevent.clients.bluedom.ch\/es\/wp-json\/wp\/v2\/pages\/7230"}],"wp:attachment":[{"href":"https:\/\/gifactivevent.clients.bluedom.ch\/es\/wp-json\/wp\/v2\/media?parent=7317"}],"curies":[{"name":"wp","href":"https:\/\/api.w.org\/{rel}","templated":true}]}}