{"id":7706,"date":"2017-02-17T14:28:34","date_gmt":"2017-02-17T13:28:34","guid":{"rendered":"https:\/\/gifactivevent.clients.bluedom.ch\/downloads\/"},"modified":"2024-12-06T20:13:25","modified_gmt":"2024-12-06T19:13:25","slug":"downloads","status":"publish","type":"page","link":"https:\/\/gifactivevent.clients.bluedom.ch\/es\/downloads\/","title":{"rendered":"DESCARGAS"},"content":{"rendered":"<\/div><\/div><\/div><!-- close content main div --><\/div><\/div><div id='full_slider_1' class='avia-fullwidth-slider main_color avia-shadow  container_wrap fullsize'   ><div  data-size='featured'  data-lightbox_size='large'  data-animation='slide'  data-ids='947'  data-video_counter='0'  data-autoplay='false'  data-bg_slider='false'  data-slide_height=''  data-handle='av_slideshow_full'  data-interval='5'  data-class=' '  data-css_id=''  data-scroll_down=''  data-control_layout='av-control-default'  data-custom_markup=''  data-perma_caption=''  data-autoplay_stopper=''  data-image_attachment=''  data-min_height='0px'  data-src=''  data-position='top left'  data-repeat='no-repeat'  data-attach='scroll'  data-stretch=''  data-default-height='28.6666666667'  class='avia-slideshow avia-slideshow-1  av-control-default av-default-height-applied avia-slideshow-featured av_slideshow_full   avia-slide-slider '  itemscope=\"itemscope\" itemtype=\"https:\/\/schema.org\/ImageObject\" ><ul class='avia-slideshow-inner' style='padding-bottom: 31.4787701318%;'><li  class=' av-single-slide slide-1 ' ><div data-rel='slideshow-1' class='avia-slide-wrap'  ><div class = \"caption_fullwidth av-slideshow-caption caption_bottom\"><div class = \"container caption_container\"><div class = \"slideshow_caption\"><div class = \"slideshow_inner_caption\"><div class = \"slideshow_align_caption\"><h2  style='font-size:50px; ' class='avia-caption-title'  itemprop=\"name\" >DOWNLOADS<\/h2><\/div><\/div><\/div><\/div><\/div><img src='https:\/\/gifactivevent.clients.bluedom.ch\/wp-content\/uploads\/2017\/02\/Header_Downloads-1366x430.jpg' width='1366' height='430' title='Header_Downloads' alt=''  itemprop=\"contentURL\"   \/><\/div><\/li><\/ul><\/div><\/div>\n<\/div><\/div><\/div><!-- close content main div --><\/div><\/div><div id='blue-page-hr' class='avia-section main_color avia-section-no-padding avia-no-border-styling avia-bg-style-scroll  av-minimum-height av-minimum-height-custom container_wrap fullsize' style = 'background-color: #7bb0e7; background-color: #7bb0e7; '  ><div class='container' style='height:50px'><div class='template-page content  av-content-full alpha units'><div class='post-entry post-entry-type-page post-entry-7706'><div class='entry-content-wrapper clearfix'>\n<div class=\"flex_column av_one_half  flex_column_div av-zero-column-padding first  \" style='border-radius:0px; '><section class=\"av_textblock_section\"  itemscope=\"itemscope\" itemtype=\"https:\/\/schema.org\/CreativeWork\" ><div class='avia_textblock '   itemprop=\"text\" ><h3>Folleto<\/h3>\n<p><a href=\"https:\/\/epaper.gif-activevent.com\/GIF_Imagebroschuere_DE0010\/#0\" target=\"_blank\" rel=\"noopener\">Brosch\u00fcre online durchbl\u00e4ttern<\/a><\/p>\n<p><a href=\"https:\/\/gifactivevent.clients.bluedom.ch\/wp-content\/uploads\/2022\/09\/GIF_IB_DE0010_online.pdf\" target=\"_blank\" rel=\"noopener noreferrer\">Brosch\u00fcre direkt Download als PDF<\/a><\/p>\n<p><a href=\"https:\/\/gifactivevent.clients.bluedom.ch\/wp-content\/uploads\/2024\/12\/GIF_IB_ES_0009.1.pdf\">GIF_IB_ES_0009.1<\/a><\/p>\n<h3>Cat\u00e1logo<\/h3>\n<p><a href=\"https:\/\/epaper.gif-activevent.com\/GIF_Katalog_DE004\/#0\" target=\"_blank\" rel=\"noopener\">Katalog online durchbl\u00e4ttern<\/a><\/p>\n<p><a href=\"https:\/\/gifactivevent.clients.bluedom.ch\/wp-content\/uploads\/2022\/09\/Katalog_DE_0004.pdf\" target=\"_blank\" rel=\"noopener noreferrer\">Katalog direkt Download als PDF<\/a><\/p>\n<h3><strong>Certificados y Opini\u00f3n de expertos\u00a0<\/strong><\/h3>\n<p><a href=\"https:\/\/gifactivevent.clients.bluedom.ch\/wp-content\/uploads\/2023\/07\/HACCP-Zertifikat-2023-2025.pdf\" target=\"_blank\" rel=\"noopener noreferrer\">HACCP<\/a><\/p>\n<p><a href=\"https:\/\/gifactivevent.clients.bluedom.ch\/wp-content\/uploads\/2022\/09\/TUeV-ISO-9001_Certifikat_deutsch_2024-2027-1.pdf\" target=\"_blank\" rel=\"noopener noreferrer\">ISO 9001, T\u00dcV S\u00fcd<\/a><\/p>\n<p><a href=\"https:\/\/gifactivevent.clients.bluedom.ch\/wp-content\/uploads\/2017\/02\/BAV.pdf\" target=\"_blank\" rel=\"noopener noreferrer\">Inspecci\u00f3n microbiol\u00f3gica; Instituto BAV Offenburg<\/a><\/p>\n<p><a href=\"https:\/\/gifactivevent.clients.bluedom.ch\/wp-content\/uploads\/2017\/02\/Brandverhalten.pdf\" target=\"_blank\" rel=\"noopener noreferrer\">Informe de comportamiento del fuego, instituto IBBC<\/a><\/p>\n<p><a href=\"https:\/\/gifactivevent.clients.bluedom.ch\/wp-content\/uploads\/2017\/02\/DIN_EN_16282-6.pdf\" target=\"_blank\" rel=\"noopener noreferrer\">EN 16282-6:2020 Examen de seguridad contra penetraci\u00f3n de llamas por T\u00dcV S\u00fcd<\/a><\/p>\n<p><a href=\"https:\/\/gifactivevent.clients.bluedom.ch\/wp-content\/uploads\/2017\/02\/Wallduern.pdf\" target=\"_blank\" rel=\"noopener noreferrer\">Informe de comportamiento del fuego, ministerio Walld\u00fcrn<\/a><\/p>\n<p><a href=\"https:\/\/gifactivevent.clients.bluedom.ch\/wp-content\/uploads\/2017\/02\/Darmstadt.pdf\" target=\"_blank\" rel=\"noopener noreferrer\">Evaluaci\u00f3n de expertos, gremio de chimenes de Darmstadt<\/a><\/p>\n<p><a href=\"https:\/\/gifactivevent.clients.bluedom.ch\/wp-content\/uploads\/2017\/02\/Freiburg.pdf\" target=\"_blank\" rel=\"noopener noreferrer\">An\u00e1lisis macro y microbiol\u00f3gico, Universidad de Freiburg<\/a><\/p>\n<p><a href=\"https:\/\/gifactivevent.clients.bluedom.ch\/wp-content\/uploads\/2017\/02\/ISW.pdf\" target=\"_blank\" rel=\"noopener noreferrer\">Asesoramiento en mat\u00e9ria ac\u00fastica de las salas, ISW<\/a><\/p>\n<\/div><\/section><\/div>\n<div class=\"flex_column av_one_half  flex_column_div av-zero-column-padding   \" style='border-radius:0px; '><section class=\"av_textblock_section\"  itemscope=\"itemscope\" itemtype=\"https:\/\/schema.org\/CreativeWork\" ><div class='avia_textblock '   itemprop=\"text\" ><h3><strong>Instrucciones de limpieza<\/strong><\/h3>\n<p><a href=\"https:\/\/gifactivevent.clients.bluedom.ch\/wp-content\/uploads\/2019\/11\/Deckenreinigung_Anleitung_DE_2019.pdf\" target=\"_blank\" rel=\"noopener noreferrer\">Instrucci\u00f3n Casetes<\/a><\/p>\n<p><a href=\"https:\/\/gifactivevent.clients.bluedom.ch\/wp-content\/uploads\/2017\/02\/Reinigung_Duesenplatte.pdf\" target=\"_blank\" rel=\"noopener noreferrer\">Instruccion Jet Stream<\/a><\/p>\n<h3><strong>Ejemplo de planificaci\u00f3n<\/strong><\/h3>\n<p><a href=\"https:\/\/gifactivevent.clients.bluedom.ch\/wp-content\/uploads\/2017\/05\/Planungsbeispiel.pdf\" target=\"_blank\" rel=\"noopener noreferrer\">Ejemplo<\/a><\/p>\n<\/div><\/section><\/div>\n<div class=\"flex_column av_one_full  flex_column_div av-zero-column-padding first  \" style='border-radius:0px; '><p><div style='height:50px' class='hr hr-invisible '><span class='hr-inner ' ><span class='hr-inner-style'><\/span><\/span><\/div><br \/>\n<div style='padding-bottom:10px;color:#003399;' class='av-special-heading av-special-heading-h3 custom-color-heading blockquote modern-quote '><h3 class='av-special-heading-tag'  itemprop=\"headline\"  >Somos miembros de HKI y miembros colaboradores de: VdF, FCSI y VKK.<\/h3><div class='special-heading-border'><div class='special-heading-inner-border' style='border-color:#003399'><\/div><\/div><\/div><br \/>\n<div  data-autoplay='false'  data-interval='5'  data-animation='slide'  class='avia-logo-element-container av-border-deactivate avia-logo-slider avia-content-slider avia-smallarrow-slider avia-content-slider-active noHover avia-content-slider1 avia-content-slider-even ' ><div class='avia-smallarrow-slider-heading  no-logo-slider-navigation  no-logo-slider-heading '><\/div><div class='avia-content-slider-inner'><div class='slide-entry-wrap'  itemscope=\"itemscope\" itemtype=\"https:\/\/schema.org\/ImageObject\" ><div  class='slide-entry flex_column no_margin post-entry slide-entry-overview slide-loop-1 slide-parity-odd  post-entry-last  av_one_fourth first real-thumbnail'><a href='http:\/\/hki-online.de\/de' data-rel='slide-1' class='slide-image' title=''  target=\"_blank\"  ><img loading=\"lazy\" decoding=\"async\"  itemprop=\"contentURL\"  width=\"1274\" height=\"251\" src=\"https:\/\/gifactivevent.clients.bluedom.ch\/wp-content\/uploads\/2017\/01\/VKK.jpg\" class=\"attachment-no scaling size-no scaling\" alt=\"\" srcset=\"https:\/\/gifactivevent.clients.bluedom.ch\/wp-content\/uploads\/2017\/01\/VKK.jpg 1274w, https:\/\/gifactivevent.clients.bluedom.ch\/wp-content\/uploads\/2017\/01\/VKK-300x59.jpg 300w, https:\/\/gifactivevent.clients.bluedom.ch\/wp-content\/uploads\/2017\/01\/VKK-768x151.jpg 768w, https:\/\/gifactivevent.clients.bluedom.ch\/wp-content\/uploads\/2017\/01\/VKK-1030x203.jpg 1030w, https:\/\/gifactivevent.clients.bluedom.ch\/wp-content\/uploads\/2017\/01\/VKK-705x139.jpg 705w, https:\/\/gifactivevent.clients.bluedom.ch\/wp-content\/uploads\/2017\/01\/VKK-450x89.jpg 450w\" sizes=\"auto, (max-width: 1274px) 100vw, 1274px\" \/><\/a><\/div><\/div><\/div><\/div><\/p><\/div>\n","protected":false},"excerpt":{"rendered":"","protected":false},"author":2,"featured_media":0,"parent":0,"menu_order":0,"comment_status":"closed","ping_status":"closed","template":"","meta":{"footnotes":""},"class_list":["post-7706","page","type-page","status-publish","hentry"],"_links":{"self":[{"href":"https:\/\/gifactivevent.clients.bluedom.ch\/es\/wp-json\/wp\/v2\/pages\/7706","targetHints":{"allow":["GET"]}}],"collection":[{"href":"https:\/\/gifactivevent.clients.bluedom.ch\/es\/wp-json\/wp\/v2\/pages"}],"about":[{"href":"https:\/\/gifactivevent.clients.bluedom.ch\/es\/wp-json\/wp\/v2\/types\/page"}],"author":[{"embeddable":true,"href":"https:\/\/gifactivevent.clients.bluedom.ch\/es\/wp-json\/wp\/v2\/users\/2"}],"replies":[{"embeddable":true,"href":"https:\/\/gifactivevent.clients.bluedom.ch\/es\/wp-json\/wp\/v2\/comments?post=7706"}],"version-history":[{"count":6,"href":"https:\/\/gifactivevent.clients.bluedom.ch\/es\/wp-json\/wp\/v2\/pages\/7706\/revisions"}],"predecessor-version":[{"id":7838,"href":"https:\/\/gifactivevent.clients.bluedom.ch\/es\/wp-json\/wp\/v2\/pages\/7706\/revisions\/7838"}],"wp:attachment":[{"href":"https:\/\/gifactivevent.clients.bluedom.ch\/es\/wp-json\/wp\/v2\/media?parent=7706"}],"curies":[{"name":"wp","href":"https:\/\/api.w.org\/{rel}","templated":true}]}}