{"id":7731,"date":"2017-02-19T20:16:35","date_gmt":"2017-02-19T19:16:35","guid":{"rendered":"https:\/\/gifactivevent.clients.bluedom.ch\/impressum\/"},"modified":"2024-11-13T07:19:28","modified_gmt":"2024-11-13T06:19:28","slug":"aviso-legal","status":"publish","type":"page","link":"https:\/\/gifactivevent.clients.bluedom.ch\/es\/aviso-legal\/","title":{"rendered":"AVISO LEGAL"},"content":{"rendered":"<\/div><\/div><\/div><!-- close content main div --><\/div><\/div><div id='full_slider_1' class='avia-fullwidth-slider main_color avia-shadow  container_wrap fullsize'   ><div  data-size='featured'  data-lightbox_size='large'  data-animation='slide'  data-ids='947'  data-video_counter='0'  data-autoplay='false'  data-bg_slider='false'  data-slide_height=''  data-handle='av_slideshow_full'  data-interval='5'  data-class=' '  data-css_id=''  data-scroll_down=''  data-control_layout='av-control-default'  data-custom_markup=''  data-perma_caption=''  data-autoplay_stopper=''  data-image_attachment=''  data-min_height='0px'  data-src=''  data-position='top left'  data-repeat='no-repeat'  data-attach='scroll'  data-stretch=''  data-default-height='28.6666666667'  class='avia-slideshow avia-slideshow-1  av-control-default av-default-height-applied avia-slideshow-featured av_slideshow_full   avia-slide-slider '  itemscope=\"itemscope\" itemtype=\"https:\/\/schema.org\/ImageObject\" ><ul class='avia-slideshow-inner' style='padding-bottom: 31.4787701318%;'><li  class=' av-single-slide slide-1 ' ><div data-rel='slideshow-1' class='avia-slide-wrap'  ><div class = \"caption_fullwidth av-slideshow-caption caption_bottom\"><div class = \"container caption_container\"><div class = \"slideshow_caption\"><div class = \"slideshow_inner_caption\"><div class = \"slideshow_align_caption\"><h2  style='font-size:50px; ' class='avia-caption-title'  itemprop=\"name\" >AVISO LEGAL<\/h2><\/div><\/div><\/div><\/div><\/div><img src='https:\/\/gifactivevent.clients.bluedom.ch\/wp-content\/uploads\/2017\/02\/Header_Downloads-1366x430.jpg' width='1366' height='430' title='Header_Downloads' alt=''  itemprop=\"contentURL\"   \/><\/div><\/li><\/ul><\/div><\/div>\n<\/div><\/div><\/div><!-- close content main div --><\/div><\/div><div id='blue-page-hr' class='avia-section main_color avia-section-no-padding avia-no-border-styling avia-bg-style-scroll  av-minimum-height av-minimum-height-custom container_wrap fullsize' style = 'background-color: #7bb0e7; background-color: #7bb0e7; '  ><div class='container' style='height:50px'><div class='template-page content  av-content-full alpha units'><div class='post-entry post-entry-type-page post-entry-7731'><div class='entry-content-wrapper clearfix'>\n<div class=\"flex_column av_one_half  flex_column_div av-zero-column-padding first  \" style='margin-top:0px; margin-bottom:0px; border-radius:0px; '><section class=\"av_textblock_section\"  itemscope=\"itemscope\" itemtype=\"https:\/\/schema.org\/CreativeWork\" ><div class='avia_textblock '   itemprop=\"text\" ><p>Informaci\u00f3n seg\u00fan \u00a7 5 TMG:<\/p>\n<p><strong>GIF ActiveVent GmbH<\/strong><br \/>\nBr\u00fchlstra\u00dfe 7<br \/>\n79112 Friburgo de Brisgovia<\/p>\n<p>Representado por:<br \/>\nVolker Eckmann<br \/>\nSteffen Wintergerst<\/p>\n<p><strong>Contacto:<\/strong><br \/>\nTel\u00e9fono: +49 (0)7664 9302-0<br \/>\nFax: +49 (0)7664 9302-43<br \/>\nCorreo electr\u00f3nico: &#105;&#x6e;&#x66;&#111;&#x40;&#x67;&#105;&#x66;&#x2d;&#97;&#x63;&#x74;&#105;&#x76;&#x65;&#118;&#x65;&#x6e;&#116;&#x2e;&#x63;&#111;&#x6d;<\/p>\n<p><strong>Inscripci\u00f3n en el registro:<\/strong><br \/>\nInscripci\u00f3n en el registro mercantil<br \/>\nTribunal del registro: Friburgo<br \/>\nN\u00famero de registro: HRB 1405<\/p>\n<p><strong>N\u00famero de identificaci\u00f3n fiscal conforme al art\u00edculo 27 a de la Ley del impuesto sobre el volumen de negocios:<\/strong><br \/>\nDE 142107113<\/p>\n<p><strong>Responsable del contenido seg\u00fan \u00a7 55 Abs. 2 RStV:<\/strong><br \/>\nVolker Eckmann<br \/>\nSteffen Wintergerst<\/p>\n<p><strong>Desarrollo, concepci\u00f3n y dise\u00f1o:<\/strong><br \/>\nkamphans &#8211; la agencia creativa<br \/>\nwww.ka-agentur.de<\/p>\n<p><strong>Realizaci\u00f3n t\u00e9cnica:<\/strong><br \/>\nmaking the web<br \/>\nwww.making-the-web.de<\/p>\n<p><strong>Im\u00e1genes:<\/strong><br \/>\nPressmaster\/Shutterstock.com<br \/>\nSiriporn Pimpo\/Shutterstock.com<br \/>\nSasinTipchai\/Shutterstock.com<\/p>\n<p><strong><a href=\"https:\/\/gifactivevent.clients.bluedom.ch\/es\/politica-de-privacidad\/\">POL\u00cdTICA DE PRIVACIDAD<\/a><\/strong><\/p>\n<\/div><\/section><\/div>\n<div class=\"flex_column av_one_half  flex_column_div av-zero-column-padding   \" style='margin-top:0px; margin-bottom:0px; border-radius:0px; '><section class=\"av_textblock_section\"  itemscope=\"itemscope\" itemtype=\"https:\/\/schema.org\/CreativeWork\" ><div class='avia_textblock '   itemprop=\"text\" ><h2>Resoluci\u00f3n de litigios<\/h2>\n<p>La Comisi\u00f3n Europea ofrece una plataforma de resoluci\u00f3n de litigios en l\u00ednea (OS): <a href=\"https:\/\/ec.europa.eu\/consumers\/odr\">https:\/\/ec.europa.eu\/consumers\/odr<\/a>.<br \/>\nEncontrar\u00e1 nuestra direcci\u00f3n de correo electr\u00f3nico en el aviso legal anterior.<\/p>\n<p>No estamos dispuestos ni obligados a participar en procedimientos de resoluci\u00f3n de litigios ante una junta arbitral de consumo.<\/p>\n<h3>Responsabilidad por los contenidos<\/h3>\n<p>Como proveedor de servicios, somos responsables de los contenidos propios de estas p\u00e1ginas de acuerdo con el art\u00edculo 7 (1) de la TMG (Ley alemana de medios de telecomunicaci\u00f3n) y la legislaci\u00f3n general. Sin embargo, seg\u00fan los art\u00edculos 8 a 10 de la TMG, como proveedores de servicios no estamos obligados a controlar la informaci\u00f3n de terceros transmitida o almacenada ni a investigar circunstancias que indiquen una actividad ilegal.<\/p>\n<p>Esto no afecta a las obligaciones de eliminar o bloquear el uso de informaci\u00f3n de conformidad con la legislaci\u00f3n general. Sin embargo, la responsabilidad a este respecto s\u00f3lo ser\u00e1 posible a partir del momento en que tengamos conocimiento de una infracci\u00f3n concreta. En cuanto tengamos conocimiento de tales infracciones, eliminaremos inmediatamente estos contenidos.<\/p>\n<h3>Responsabilidad de los enlaces<\/h3>\n<p>Nuestro sitio web contiene enlaces a sitios web externos de terceros sobre cuyo contenido no tenemos ninguna influencia. Por lo tanto, no podemos aceptar ninguna responsabilidad por este contenido de terceros. El respectivo proveedor u operador de las p\u00e1ginas es siempre responsable del contenido de las p\u00e1ginas enlazadas. Las p\u00e1ginas enlazadas fueron revisadas en el momento de su vinculaci\u00f3n para detectar posibles infracciones legales. En el momento de establecer el enlace no se detectaron contenidos ilegales.<\/p>\n<p>Sin embargo, la supervisi\u00f3n permanente del contenido de las p\u00e1ginas enlazadas no es razonable sin pruebas concretas de una infracci\u00f3n. Si tenemos conocimiento de alguna infracci\u00f3n legal, eliminaremos dichos enlaces inmediatamente.<\/p>\n<h3>Derecho de autor<\/h3>\n<p>Los contenidos y obras creados por los operadores del sitio en estas p\u00e1ginas est\u00e1n sujetos a la legislaci\u00f3n alemana sobre derechos de autor. La reproducci\u00f3n, el procesamiento, la distribuci\u00f3n y cualquier tipo de utilizaci\u00f3n fuera de los l\u00edmites de la ley de derechos de autor requieren el consentimiento por escrito del autor o creador correspondiente. Las descargas y copias de este sitio s\u00f3lo est\u00e1n permitidas para uso privado y no comercial.<\/p>\n<p>En la medida en que el contenido de este sitio no haya sido creado por el operador, se respetan los derechos de autor de terceros. En particular, los contenidos de terceros est\u00e1n etiquetados como tales. No obstante, si tiene conocimiento de una infracci\u00f3n de los derechos de autor, le rogamos que nos lo comunique. Si tenemos conocimiento de alguna infracci\u00f3n, eliminaremos inmediatamente dicho contenido.<\/p>\n<\/div><\/section><\/div>\n<\/div><\/div><\/div><!-- close content main div --><\/div><\/div><div id='full_slider_2' class='avia-fullwidth-slider main_color avia-shadow  container_wrap fullsize'   ><div  data-size='featured_large'  data-lightbox_size='large'  data-animation='slide'  data-ids='46'  data-video_counter='0'  data-autoplay='false'  data-bg_slider='false'  data-slide_height=''  data-handle='av_slideshow_full'  data-interval='5'  data-class=' '  data-css_id=''  data-scroll_down=''  data-control_layout='av-control-default'  data-custom_markup=''  data-perma_caption='aviaTBperma_caption'  data-autoplay_stopper=''  data-image_attachment=''  data-min_height='0px'  data-src=''  data-position='top left'  data-repeat='no-repeat'  data-attach='scroll'  data-stretch=''  data-default-height='42'  class='avia-slideshow avia-slideshow-2  av-control-default av-default-height-applied avia-slideshow-featured_large av_slideshow_full   avia-slide-slider '  itemscope=\"itemscope\" itemtype=\"https:\/\/schema.org\/ImageObject\" ><ul class='avia-slideshow-inner' style='padding-bottom: 42%;'><\/ul><\/div><\/div>\n","protected":false},"excerpt":{"rendered":"","protected":false},"author":2,"featured_media":0,"parent":0,"menu_order":0,"comment_status":"closed","ping_status":"closed","template":"","meta":{"footnotes":""},"class_list":["post-7731","page","type-page","status-publish","hentry"],"_links":{"self":[{"href":"https:\/\/gifactivevent.clients.bluedom.ch\/es\/wp-json\/wp\/v2\/pages\/7731","targetHints":{"allow":["GET"]}}],"collection":[{"href":"https:\/\/gifactivevent.clients.bluedom.ch\/es\/wp-json\/wp\/v2\/pages"}],"about":[{"href":"https:\/\/gifactivevent.clients.bluedom.ch\/es\/wp-json\/wp\/v2\/types\/page"}],"author":[{"embeddable":true,"href":"https:\/\/gifactivevent.clients.bluedom.ch\/es\/wp-json\/wp\/v2\/users\/2"}],"replies":[{"embeddable":true,"href":"https:\/\/gifactivevent.clients.bluedom.ch\/es\/wp-json\/wp\/v2\/comments?post=7731"}],"version-history":[{"count":8,"href":"https:\/\/gifactivevent.clients.bluedom.ch\/es\/wp-json\/wp\/v2\/pages\/7731\/revisions"}],"predecessor-version":[{"id":7740,"href":"https:\/\/gifactivevent.clients.bluedom.ch\/es\/wp-json\/wp\/v2\/pages\/7731\/revisions\/7740"}],"wp:attachment":[{"href":"https:\/\/gifactivevent.clients.bluedom.ch\/es\/wp-json\/wp\/v2\/media?parent=7731"}],"curies":[{"name":"wp","href":"https:\/\/api.w.org\/{rel}","templated":true}]}}